{"id":4020,"date":"2019-11-13T14:44:37","date_gmt":"2019-11-13T12:44:37","guid":{"rendered":"http:\/\/promoeco.ddgi.cat\/?post_type=portfolio_page&#038;p=4020"},"modified":"2022-05-11T12:58:39","modified_gmt":"2022-05-11T10:58:39","slug":"videogir","status":"publish","type":"page","link":"https:\/\/cocreix.ddgi.cat\/web\/premis-projectat-1\/videogir\/","title":{"rendered":"Videogir"},"content":{"rendered":"<div class=\"wpb-content-wrapper\"><p>[vc_row css_animation=&#8221;&#8221; row_type=&#8221;row&#8221; use_row_as_full_screen_section=&#8221;no&#8221; type=&#8221;grid&#8221; angled_section=&#8221;no&#8221; text_align=&#8221;left&#8221; background_image_as_pattern=&#8221;without_pattern&#8221; el_id=&#8221;menuinici&#8221; z_index=&#8221;&#8221; background_color=&#8221;#ffffff&#8221; css=&#8221;.vc_custom_1575023588222{padding-bottom: 70px !important;}&#8221;][vc_column width=&#8221;1\/2&#8243; css=&#8221;.vc_custom_1575023574170{padding-top: 70px !important;}&#8221;][vc_empty_space height=&#8221;70px&#8221;][vc_column_text]<\/p>\n<p style=\"text-align: justify;\"><strong>Videogir Ag\u00e8ncia de Comunicaci\u00f3 Audiovisual<\/strong> \u00e9s una productora creada a la ciutat de Girona que ofereix serveis audiovisuals de gravaci\u00f3 i d\u2019animaci\u00f3 a empreses i institucions. Segons aquesta ag\u00e8ncia de comunicaci\u00f3, el contingut audiovisual \u00e9s el millor canal que tenen les empreses per comunicar-se. Ara est\u00e0 treballant en una nova l\u00ednia de negoci: Pupila, una plataforma en l\u00ednia que ofereix cursos i recursos per a la formaci\u00f3 de docents. Pupila vol ser el referent de l\u2019educaci\u00f3 de mestres i professors a Catalunya i, a llarg termini, expandir el model arreu.<\/p>\n<p>[\/vc_column_text][\/vc_column][vc_column width=&#8221;1\/2&#8243; el_class=&#8221;icona_video_fosca&#8221; css=&#8221;.vc_custom_1575023580816{padding-top: 40px !important;}&#8221;][vc_empty_space height=&#8221;70px&#8221;]<div class=\"qode_video_box\">\r\n\t<a itemprop=\"image\" class=\"qode_video_image\" href=\"https:\/\/youtu.be\/MPTJB4o_SS8\" data-rel=\"prettyPhoto\">\r\n\t\t\t\r\n\t\t\t<img decoding=\"async\" src=\"https:\/\/cocreix.ddgi.cat\/web\/wp-content\/uploads\/2019\/11\/pantalles-projectat-4.jpg\" alt=\"https:\/\/youtu.be\/MPTJB4o_SS8\" \/>\r\n\t\t\t<span class=\"qode_video_box_button_holder\">\r\n\t\t\t\t<span class=\"qode_video_box_button\">\r\n\t\t\t\t\t<span class=\"qode_video_box_button_arrow\">\r\n\t\t\t\t\t<\/span>\r\n\t\t\t\t<\/span>\r\n\t\t\t<\/span>\r\n\t\t\t<\/a>\r\n<\/div>[\/vc_column][\/vc_row][vc_row css_animation=&#8221;&#8221; row_type=&#8221;row&#8221; use_row_as_full_screen_section=&#8221;yes&#8221; type=&#8221;grid&#8221; angled_section=&#8221;no&#8221; text_align=&#8221;left&#8221; background_image_as_pattern=&#8221;without_pattern&#8221; z_index=&#8221;&#8221; background_image=&#8221;784&#8243; el_id=&#8221;section_web&#8221; el_class=&#8221;fons_web_www&#8221; background_color=&#8221;#bfbfbf&#8221;][vc_column][vc_empty_space height=&#8221;70px&#8221;][vc_column_text]M\u00e9s informaci\u00f3[\/vc_column_text][vc_empty_space height=&#8221;20px&#8221;][vc_column_text]<\/p>\n<h4><a href=\"http:\/\/videogir.com\/\" target=\"_blank\" rel=\"noopener noreferrer\">videogir.com<\/a><\/h4>\n<p>[\/vc_column_text][vc_empty_space height=&#8221;70px&#8221;][\/vc_column][\/vc_row][vc_row css_animation=&#8221;&#8221; row_type=&#8221;row&#8221; use_row_as_full_screen_section=&#8221;no&#8221; type=&#8221;grid&#8221; angled_section=&#8221;no&#8221; text_align=&#8221;left&#8221; background_image_as_pattern=&#8221;without_pattern&#8221; z_index=&#8221;&#8221; background_color=&#8221;#ffffff&#8221;][vc_column width=&#8221;1\/3&#8243;][vc_empty_space height=&#8221;70px&#8221;][vc_single_image image=&#8221;3820&#8243; img_size=&#8221;full&#8221; alignment=&#8221;center&#8221; onclick=&#8221;link_image&#8221; qode_css_animation=&#8221;&#8221;][vc_empty_space height=&#8221;30px&#8221;][\/vc_column][vc_column width=&#8221;1\/3&#8243;][vc_empty_space height=&#8221;70px&#8221;][vc_single_image image=&#8221;3822&#8243; img_size=&#8221;full&#8221; alignment=&#8221;center&#8221; onclick=&#8221;link_image&#8221; qode_css_animation=&#8221;&#8221;][\/vc_column][vc_column width=&#8221;1\/3&#8243;][vc_empty_space height=&#8221;70px&#8221;][vc_single_image image=&#8221;3821&#8243; img_size=&#8221;full&#8221; alignment=&#8221;center&#8221; onclick=&#8221;link_image&#8221; qode_css_animation=&#8221;&#8221;][\/vc_column][\/vc_row][vc_row css_animation=&#8221;&#8221; row_type=&#8221;row&#8221; use_row_as_full_screen_section=&#8221;no&#8221; type=&#8221;grid&#8221; angled_section=&#8221;no&#8221; text_align=&#8221;left&#8221; background_image_as_pattern=&#8221;without_pattern&#8221; z_index=&#8221;&#8221; background_color=&#8221;#ffffff&#8221;][vc_column width=&#8221;1\/3&#8243;][vc_single_image image=&#8221;4335&#8243; img_size=&#8221;full&#8221; alignment=&#8221;center&#8221; onclick=&#8221;link_image&#8221; qode_css_animation=&#8221;&#8221;][vc_empty_space height=&#8221;70px&#8221;][\/vc_column][vc_column width=&#8221;1\/3&#8243;][vc_single_image image=&#8221;4336&#8243; img_size=&#8221;full&#8221; alignment=&#8221;center&#8221; onclick=&#8221;link_image&#8221; qode_css_animation=&#8221;&#8221;][\/vc_column][vc_column width=&#8221;1\/3&#8243;][\/vc_column][\/vc_row]<\/p>\n<\/div>","protected":false},"excerpt":{"rendered":"<p>[vc_row css_animation=&#8221;&#8221; row_type=&#8221;row&#8221; use_row_as_full_screen_section=&#8221;no&#8221; type=&#8221;grid&#8221; angled_section=&#8221;no&#8221; text_align=&#8221;left&#8221; background_image_as_pattern=&#8221;without_pattern&#8221; el_id=&#8221;menuinici&#8221; z_index=&#8221;&#8221; background_color=&#8221;#ffffff&#8221; css=&#8221;.vc_custom_1575023588222{padding-bottom: 70px !important;}&#8221;][vc_column width=&#8221;1\/2&#8243; css=&#8221;.vc_custom_1575023574170{padding-top: 70px !important;}&#8221;][vc_empty_space height=&#8221;70px&#8221;][vc_column_text] Videogir Ag\u00e8ncia de Comunicaci\u00f3 Audiovisual \u00e9s una productora creada a la ciutat de Girona que ofereix serveis audiovisuals de gravaci\u00f3 i d\u2019animaci\u00f3 a empreses i institucions&#8230;.<\/p>\n","protected":false},"author":1,"featured_media":3955,"parent":8553,"menu_order":4,"comment_status":"closed","ping_status":"closed","template":"","meta":{"inline_featured_image":false,"footnotes":""},"class_list":["post-4020","page","type-page","status-publish","has-post-thumbnail","hentry"],"_links":{"self":[{"href":"https:\/\/cocreix.ddgi.cat\/web\/wp-json\/wp\/v2\/pages\/4020","targetHints":{"allow":["GET"]}}],"collection":[{"href":"https:\/\/cocreix.ddgi.cat\/web\/wp-json\/wp\/v2\/pages"}],"about":[{"href":"https:\/\/cocreix.ddgi.cat\/web\/wp-json\/wp\/v2\/types\/page"}],"author":[{"embeddable":true,"href":"https:\/\/cocreix.ddgi.cat\/web\/wp-json\/wp\/v2\/users\/1"}],"replies":[{"embeddable":true,"href":"https:\/\/cocreix.ddgi.cat\/web\/wp-json\/wp\/v2\/comments?post=4020"}],"version-history":[{"count":2,"href":"https:\/\/cocreix.ddgi.cat\/web\/wp-json\/wp\/v2\/pages\/4020\/revisions"}],"predecessor-version":[{"id":17039,"href":"https:\/\/cocreix.ddgi.cat\/web\/wp-json\/wp\/v2\/pages\/4020\/revisions\/17039"}],"up":[{"embeddable":true,"href":"https:\/\/cocreix.ddgi.cat\/web\/wp-json\/wp\/v2\/pages\/8553"}],"wp:featuredmedia":[{"embeddable":true,"href":"https:\/\/cocreix.ddgi.cat\/web\/wp-json\/wp\/v2\/media\/3955"}],"wp:attachment":[{"href":"https:\/\/cocreix.ddgi.cat\/web\/wp-json\/wp\/v2\/media?parent=4020"}],"curies":[{"name":"wp","href":"https:\/\/api.w.org\/{rel}","templated":true}]}}