{"id":209,"date":"2017-10-16T13:07:36","date_gmt":"2017-10-16T13:07:36","guid":{"rendered":"http:\/\/bridge94.qodeinteractive.com\/?page_id=209"},"modified":"2026-02-06T09:24:12","modified_gmt":"2026-02-06T07:24:12","slug":"observatori-estudis-i-informes","status":"publish","type":"page","link":"https:\/\/cocreix.ddgi.cat\/web\/observatori-estudis-i-informes\/","title":{"rendered":"Estudis i informes"},"content":{"rendered":"<div class=\"wpb-content-wrapper\"><p>[vc_row css_animation=&#8221;&#8221; row_type=&#8221;row&#8221; use_row_as_full_screen_section=&#8221;no&#8221; type=&#8221;grid&#8221; angled_section=&#8221;no&#8221; text_align=&#8221;left&#8221; background_image_as_pattern=&#8221;without_pattern&#8221; padding_top=&#8221;50&#8243; padding_bottom=&#8221;20&#8243; css=&#8221;.vc_custom_1657615612716{background-color: #ffffff !important;}&#8221; z_index=&#8221;&#8221;][vc_column width=&#8221;1\/4&#8243;]<div class=\"qode-banner qode-banner-va-bottom\"><a class=\"qode-banner-link\" href=\"https:\/\/cocreix.ddgi.cat\/web\/wp-content\/uploads\/2026\/01\/Activitat_emprenedora_entitats_serveis_suport_emprenedoria_2025.pdf\" target=\"_blank\"><\/a><div class=\"qode-banner-image\"><img decoding=\"async\" itemprop=\"image\" src=\"https:\/\/cocreix.ddgi.cat\/web\/wp-content\/uploads\/2026\/02\/Imatge-mockup-pel-web-cocreix_v1-1.jpg\" alt=\"\" \/><\/div><div class=\"qode-banner-content\"><div class=\"qode-banner-content-inner\"><div class=\"qode-banner-text-holder\">\n<h4>Descarrega<\/h4>\n<\/div><\/div><\/div><\/div>[\/vc_column][vc_column width=&#8221;3\/4&#8243;][vc_empty_space height=&#8221;50px&#8221;][vc_column_text css=&#8221;&#8221;]<\/p>\n<h3>Activitat emprenedora, entitats i serveis de suport a l\u2019emprenedoria, 2025<\/h3>\n<p>La quarta edici\u00f3 de l\u2019informe de l\u2019Observatori vol oferir informaci\u00f3 de qualitat que ajudi a enfortir, millorar i donar m\u00e9s visibilitat a l\u2019ecosistema emprenedor de la demarcaci\u00f3 i, en la mesura que sigui possible, impulsi la col\u00b7laboraci\u00f3 entre els agents que el constitueixen. El document cont\u00e9 els resultats de l\u2019enquesta realitzada durant el 2024 a les entitats de suport a l\u2019emprenedoria i les dades socioecon\u00f2miques del 2024 que proporcionen diverses fonts d\u2019informaci\u00f3 oficials.[\/vc_column_text][\/vc_column][\/vc_row][vc_row css_animation=&#8221;&#8221; row_type=&#8221;row&#8221; use_row_as_full_screen_section=&#8221;no&#8221; type=&#8221;grid&#8221; angled_section=&#8221;no&#8221; text_align=&#8221;left&#8221; background_image_as_pattern=&#8221;without_pattern&#8221; padding_top=&#8221;50&#8243; padding_bottom=&#8221;20&#8243; css=&#8221;.vc_custom_1657615612716{background-color: #ffffff !important;}&#8221; z_index=&#8221;&#8221;][vc_column width=&#8221;1\/4&#8243;]<div class=\"qode-banner qode-banner-va-bottom\"><a class=\"qode-banner-link\" href=\"https:\/\/cocreix.ddgi.cat\/web\/wp-content\/uploads\/2023\/12\/Activitat_emprenedora_entitats_serveis_suport_emprenedoria_2023.pdf\" target=\"_blank\"><\/a><div class=\"qode-banner-image\"><img decoding=\"async\" itemprop=\"image\" src=\"https:\/\/cocreix.ddgi.cat\/web\/wp-content\/uploads\/2023\/12\/Imatge-mockup-pel-web-cocreix_v1-1.jpg\" alt=\"\" \/><\/div><div class=\"qode-banner-content\"><div class=\"qode-banner-content-inner\"><div class=\"qode-banner-text-holder\">\n<h4>Descarrega<\/h4>\n<\/div><\/div><\/div><\/div>[\/vc_column][vc_column width=&#8221;3\/4&#8243;][vc_empty_space height=&#8221;50px&#8221;][vc_column_text]<\/p>\n<h3>Activitat emprenedora, entitats i serveis de suport a l\u2019emprenedoria, 2023<\/h3>\n<p>La tercera edici\u00f3 de l&#8217;informe de l&#8217;Observatori vol oferir informaci\u00f3 de qualitat que ajudi a enfortir, millorar i donar m\u00e9s visibilitat a l\u2019ecosistema emprenedor de la demarcaci\u00f3 i, en la mesura que sigui possible, impulsi la col\u00b7laboraci\u00f3 entre els agents que el constitueixen. El document cont\u00e9 els resultats de l\u2019enquesta realitzada durant el 2023 a les entitats de suport a l\u2019emprenedoria i les dades socioecon\u00f2miques del 2022 que proporcionen diverses fonts d&#8217;informaci\u00f3 oficials.[\/vc_column_text][\/vc_column][\/vc_row][vc_row css_animation=&#8221;&#8221; row_type=&#8221;row&#8221; use_row_as_full_screen_section=&#8221;no&#8221; type=&#8221;grid&#8221; angled_section=&#8221;no&#8221; text_align=&#8221;left&#8221; background_image_as_pattern=&#8221;without_pattern&#8221; padding_top=&#8221;50&#8243; padding_bottom=&#8221;20&#8243; css=&#8221;.vc_custom_1657615612716{background-color: #ffffff !important;}&#8221; z_index=&#8221;&#8221;][vc_column width=&#8221;1\/4&#8243;]<div class=\"qode-banner qode-banner-va-bottom\"><a class=\"qode-banner-link\" href=\"https:\/\/cocreix.ddgi.cat\/web\/wp-content\/uploads\/2022\/07\/Informe-activitat-emprenedora-i-serveis-de-suport-FINAL.pdf\" target=\"_blank\"><\/a><div class=\"qode-banner-image\"><img decoding=\"async\" itemprop=\"image\" src=\"https:\/\/cocreix.ddgi.cat\/web\/wp-content\/uploads\/2022\/07\/informe2021-241x300-1.jpg\" alt=\"\" \/><\/div><div class=\"qode-banner-content\"><div class=\"qode-banner-content-inner\"><div class=\"qode-banner-text-holder\">\n<h4>Descarrega<\/h4>\n<\/div><\/div><\/div><\/div>[\/vc_column][vc_column width=&#8221;3\/4&#8243;][vc_empty_space height=&#8221;50px&#8221;][vc_column_text]<\/p>\n<h3>Activitat emprenedora i serveis de suport a l\u2019emprenedoria a la demarcaci\u00f3 de Girona, 2021<\/h3>\n<p>La segona edici\u00f3 de l&#8217;informe de l&#8217;Observatori agafa el relleu de les magnituds socioecon\u00f2miques analitzades pel seu predecessor. El document cont\u00e9 els resultats de l\u2019enquesta realitzada durant el 2021 a les entitats de suport a l\u2019emprenedoria i les dades socioecon\u00f2miques que proporcionen diverses fonts oficials. Aquest document mostra com s\u00f3n les noves empreses de la demarcaci\u00f3 i identifica gran part de les entitats, els recursos i els serveis de suport que es troben al territori.[\/vc_column_text][\/vc_column][\/vc_row][vc_row css_animation=&#8221;&#8221; row_type=&#8221;row&#8221; use_row_as_full_screen_section=&#8221;no&#8221; type=&#8221;grid&#8221; angled_section=&#8221;no&#8221; text_align=&#8221;left&#8221; background_image_as_pattern=&#8221;without_pattern&#8221; padding_top=&#8221;20&#8243; padding_bottom=&#8221;50&#8243; css=&#8221;.vc_custom_1657615620130{background-color: #ffffff !important;}&#8221; z_index=&#8221;&#8221;][vc_column width=&#8221;1\/4&#8243;]<div class=\"qode-banner qode-banner-va-bottom\"><a class=\"qode-banner-link\" href=\"https:\/\/cocreix.ddgi.cat\/web\/wp-content\/uploads\/2022\/05\/INFORME-FINAL-2020.pdf\" target=\"_blank\"><\/a><div class=\"qode-banner-image\"><img decoding=\"async\" itemprop=\"image\" src=\"https:\/\/cocreix.ddgi.cat\/web\/wp-content\/uploads\/2022\/05\/informe2020-241x300-1.jpg\" alt=\"\" \/><\/div><div class=\"qode-banner-content\"><div class=\"qode-banner-content-inner\"><div class=\"qode-banner-text-holder\">\n<h4>Descarrega<\/h4>\n<\/div><\/div><\/div><\/div>[\/vc_column][vc_column width=&#8221;3\/4&#8243;][vc_empty_space height=&#8221;50px&#8221;][vc_column_text]<\/p>\n<h3>Observatori de l&#8217;ecosistema emprenedor de Girona, 2020<\/h3>\n<p>L&#8217;informe fa una primera detecci\u00f3 de les entitats, els serveis i els recursos disponibles, tant p\u00fablics com privats, per atendre les persones que volen iniciar un negoci o consolidar-lo. Tamb\u00e9 mostra com \u00e9s l\u2019emprenedoria i com s\u00f3n les empreses de la demarcaci\u00f3, quins perfils tenen m\u00e9s pes i m\u00e9s o menys superviv\u00e8ncia en el temps i les activitats econ\u00f2miques m\u00e9s rellevants.[\/vc_column_text][\/vc_column][\/vc_row]<\/p>\n<\/div>","protected":false},"excerpt":{"rendered":"<p>[vc_row css_animation=&#8221;&#8221; row_type=&#8221;row&#8221; use_row_as_full_screen_section=&#8221;no&#8221; type=&#8221;grid&#8221; angled_section=&#8221;no&#8221; text_align=&#8221;left&#8221; background_image_as_pattern=&#8221;without_pattern&#8221; padding_top=&#8221;50&#8243; padding_bottom=&#8221;20&#8243; css=&#8221;.vc_custom_1657615612716{background-color: #ffffff !important;}&#8221; z_index=&#8221;&#8221;][vc_column width=&#8221;1\/4&#8243;][\/vc_column][vc_column width=&#8221;3\/4&#8243;][vc_empty_space height=&#8221;50px&#8221;][vc_column_text css=&#8221;&#8221;] Activitat emprenedora, entitats i serveis de suport a l\u2019emprenedoria, 2025 La quarta edici\u00f3 de l\u2019informe de l\u2019Observatori vol oferir informaci\u00f3 de qualitat que ajudi a enfortir, millorar&#8230;<\/p>\n","protected":false},"author":2,"featured_media":0,"parent":0,"menu_order":0,"comment_status":"closed","ping_status":"closed","template":"full_width.php","meta":{"inline_featured_image":false,"footnotes":""},"class_list":["post-209","page","type-page","status-publish","hentry"],"_links":{"self":[{"href":"https:\/\/cocreix.ddgi.cat\/web\/wp-json\/wp\/v2\/pages\/209","targetHints":{"allow":["GET"]}}],"collection":[{"href":"https:\/\/cocreix.ddgi.cat\/web\/wp-json\/wp\/v2\/pages"}],"about":[{"href":"https:\/\/cocreix.ddgi.cat\/web\/wp-json\/wp\/v2\/types\/page"}],"author":[{"embeddable":true,"href":"https:\/\/cocreix.ddgi.cat\/web\/wp-json\/wp\/v2\/users\/2"}],"replies":[{"embeddable":true,"href":"https:\/\/cocreix.ddgi.cat\/web\/wp-json\/wp\/v2\/comments?post=209"}],"version-history":[{"count":42,"href":"https:\/\/cocreix.ddgi.cat\/web\/wp-json\/wp\/v2\/pages\/209\/revisions"}],"predecessor-version":[{"id":18938,"href":"https:\/\/cocreix.ddgi.cat\/web\/wp-json\/wp\/v2\/pages\/209\/revisions\/18938"}],"wp:attachment":[{"href":"https:\/\/cocreix.ddgi.cat\/web\/wp-json\/wp\/v2\/media?parent=209"}],"curies":[{"name":"wp","href":"https:\/\/api.w.org\/{rel}","templated":true}]}}