{"id":18622,"date":"2025-03-06T10:40:44","date_gmt":"2025-03-06T08:40:44","guid":{"rendered":"https:\/\/cocreix.ddgi.cat\/web\/?page_id=18622"},"modified":"2025-03-06T15:04:27","modified_gmt":"2025-03-06T13:04:27","slug":"recursos-per-emprenedors","status":"publish","type":"page","link":"https:\/\/cocreix.ddgi.cat\/web\/recursos-per-emprenedors\/","title":{"rendered":"Directori de recursos d&#8217;emprenedoria"},"content":{"rendered":"<div class=\"wpb-content-wrapper\"><p>[vc_row css_animation=&#8221;&#8221; row_type=&#8221;row&#8221; use_row_as_full_screen_section=&#8221;no&#8221; type=&#8221;grid&#8221; angled_section=&#8221;no&#8221; text_align=&#8221;left&#8221; background_image_as_pattern=&#8221;without_pattern&#8221; padding_top=&#8221;20&#8243; padding_bottom=&#8221;124&#8243; z_index=&#8221;&#8221;][vc_column offset=&#8221;vc_col-md-4&#8243; el_class=&#8221;text08rem&#8221;][vc_empty_space height=&#8221;70px&#8221;][vc_column_text]<span style=\"color: #000000;\"><strong>Cerca per paraula clau<\/strong><\/span>[\/vc_column_text][vc_column_text css=&#8221;&#8221;]<div class=\"facetwp-facet facetwp-facet-cerca facetwp-type-search\" data-name=\"cerca\" data-type=\"search\"><\/div>[\/vc_column_text][vc_empty_space height=&#8221;26px&#8221;][vc_column_text css=&#8221;&#8221;]<span style=\"color: #000000;\"><strong>Tipus de recurs:<\/strong><\/span>[\/vc_column_text][vc_column_text css=&#8221;&#8221;]<div class=\"facetwp-facet facetwp-facet-tipus_de_recursos facetwp-type-checkboxes\" data-name=\"tipus_de_recursos\" data-type=\"checkboxes\"><\/div>[\/vc_column_text][vc_empty_space height=&#8221;43px&#8221;][vc_column_text]<span style=\"color: #000000;\"><strong>Comarca:<\/strong><\/span>[\/vc_column_text][vc_column_text]<div class=\"facetwp-facet facetwp-facet-comarca facetwp-type-checkboxes\" data-name=\"comarca\" data-type=\"checkboxes\"><\/div>[\/vc_column_text][vc_empty_space height=&#8221;43px&#8221;][\/vc_column][vc_column offset=&#8221;vc_col-md-8&#8243;][vc_empty_space height=&#8221;30px&#8221;][vc_column_text]<div class=\"facetwp-selections\"><\/div>[\/vc_column_text][vc_empty_space height=&#8221;26px&#8221;][vc_column_text css=&#8221;&#8221;]<div class=\"facetwp-template\" data-name=\"test\"><div class=\"fwpl-layout entitats-items\"><div class=\"fwpl-result r1\"><div class=\"fwpl-row el-3d8xtb\"><div class=\"fwpl-col fwpl-col el-sht5bn\"><div class=\"fwpl-item entitat-tipus3\"><span class=\"fwpl-term fwpl-term-financament fwpl-tax-portfolio_tag\">financament<\/span><\/div><div class=\"fwpl-item el-l8bri9\"><a href=\"https:\/\/cocreix.ddgi.cat\/web\/directori\/ajut-a-lautoocupacio\/\">Ajut a l'autoocupaci\u00f3<\/a><\/div><div class=\"fwpl-item el-67etw\">Ajut econ\u00f2mic per facilitar la inserci\u00f3 laboral dels joves menors de 30 anys mitjan\u00e7ant l'autoocupaci\u00f3.<\/div><\/div><\/div><div class=\"fwpl-row el-s1b7in\"><div class=\"fwpl-col fwpl-col el-5ppa5\"><\/div><\/div><\/div><div class=\"fwpl-result r2\"><div class=\"fwpl-row el-3d8xtb\"><div class=\"fwpl-col fwpl-col el-sht5bn\"><div class=\"fwpl-item entitat-tipus3\"><span class=\"fwpl-term fwpl-term-assessorament fwpl-tax-portfolio_tag\">assessorament<\/span><\/div><div class=\"fwpl-item el-l8bri9\"><a href=\"https:\/\/cocreix.ddgi.cat\/web\/directori\/assessorament-empresarial-projectat\/\">Assessorament empresarial Projecta\u2019t<\/a><\/div><div class=\"fwpl-item el-67etw\">Acompanyament personalitzat per a empreses i treballadors aut\u00f2noms que volen fer cr\u00e9ixer el seu negoci.<\/div><\/div><\/div><div class=\"fwpl-row el-s1b7in\"><div class=\"fwpl-col fwpl-col el-5ppa5\"><\/div><\/div><\/div><div class=\"fwpl-result r3\"><div class=\"fwpl-row el-3d8xtb\"><div class=\"fwpl-col fwpl-col el-sht5bn\"><div class=\"fwpl-item entitat-tipus3\"><span class=\"fwpl-term fwpl-term-financament fwpl-tax-portfolio_tag\">financament<\/span><\/div><div class=\"fwpl-item el-l8bri9\"><a href=\"https:\/\/cocreix.ddgi.cat\/web\/directori\/capitalitzacio-de-latur\/\">Capitalitzaci\u00f3 de l'atur<\/a><\/div><div class=\"fwpl-item el-67etw\">Ajut per finan\u00e7ar iniciatives d'emprenedoria mitjan\u00e7ant l'abonament anticipat de la prestaci\u00f3 d'atur pendent de cobrar.<\/div><\/div><\/div><div class=\"fwpl-row el-s1b7in\"><div class=\"fwpl-col fwpl-col el-5ppa5\"><\/div><\/div><\/div><div class=\"fwpl-result r4\"><div class=\"fwpl-row el-3d8xtb\"><div class=\"fwpl-col fwpl-col el-sht5bn\"><div class=\"fwpl-item entitat-tipus3\"><span class=\"fwpl-term fwpl-term-assessorament fwpl-tax-portfolio_tag\">assessorament<\/span><\/div><div class=\"fwpl-item el-l8bri9\"><a href=\"https:\/\/cocreix.ddgi.cat\/web\/directori\/cupons-a-lestrategia\/\">Cupons a l'estrat\u00e8gia<\/a><\/div><div class=\"fwpl-item el-67etw\">Ajut per a la contractaci\u00f3 d'experts en estrat\u00e8gia i innovaci\u00f3 amb l'objectiu de millorar el model de negoci. <\/div><\/div><\/div><div class=\"fwpl-row el-s1b7in\"><div class=\"fwpl-col fwpl-col el-5ppa5\"><\/div><\/div><\/div><div class=\"fwpl-result r5\"><div class=\"fwpl-row el-3d8xtb\"><div class=\"fwpl-col fwpl-col el-sht5bn\"><div class=\"fwpl-item entitat-tipus3\"><span class=\"fwpl-term fwpl-term-assessorament fwpl-tax-portfolio_tag\">assessorament<\/span><\/div><div class=\"fwpl-item el-l8bri9\"><a href=\"https:\/\/cocreix.ddgi.cat\/web\/directori\/cupons-a-la-propietat-industrial-i-intellectual\/\">Cupons a la propietat industrial i intel\u00b7lectual<\/a><\/div><div class=\"fwpl-item el-67etw\">Ajut per a la contractaci\u00f3 d'experts en propietat intel\u00b7lectual i industrial amb l'objectiu de protegir el coneixement empresarial. <\/div><\/div><\/div><div class=\"fwpl-row el-s1b7in\"><div class=\"fwpl-col fwpl-col el-5ppa5\"><\/div><\/div><\/div><div class=\"fwpl-result r6\"><div class=\"fwpl-row el-3d8xtb\"><div class=\"fwpl-col fwpl-col el-sht5bn\"><div class=\"fwpl-item entitat-tipus3\"><span class=\"fwpl-term fwpl-term-assessorament fwpl-tax-portfolio_tag\">assessorament<\/span>  <span class=\"fwpl-term fwpl-term-internacionalitzacio fwpl-tax-portfolio_tag\">internacionalitzaci\u00f3<\/span><\/div><div class=\"fwpl-item el-l8bri9\"><a href=\"https:\/\/cocreix.ddgi.cat\/web\/directori\/premis-forum-gastronomic-girona\/\">Cupons d'iniciaci\u00f3 a l'exportaci\u00f3<\/a><\/div><div class=\"fwpl-item el-67etw\">Ajut per a la contractaci\u00f3 d'experts en internacionalitzaci\u00f3 amb l'objectiu d'iniciar l'exportaci\u00f3.<\/div><\/div><\/div><div class=\"fwpl-row el-s1b7in\"><div class=\"fwpl-col fwpl-col el-5ppa5\"><\/div><\/div><\/div><div class=\"fwpl-result r7\"><div class=\"fwpl-row el-3d8xtb\"><div class=\"fwpl-col fwpl-col el-sht5bn\"><div class=\"fwpl-item entitat-tipus3\"><span class=\"fwpl-term fwpl-term-assessorament fwpl-tax-portfolio_tag\">assessorament<\/span><\/div><div class=\"fwpl-item el-l8bri9\"><a href=\"https:\/\/cocreix.ddgi.cat\/web\/directori\/cupons-de-tecnologies-digitals-avancades\/\">Cupons de tecnologies digitals avan\u00e7ades<\/a><\/div><div class=\"fwpl-item el-67etw\">Ajut per a la contractaci\u00f3 d'experts en tecnologies digitals avan\u00e7ades amb l'objectiu d'accelerar la transformaci\u00f3 digital.<\/div><\/div><\/div><div class=\"fwpl-row el-s1b7in\"><div class=\"fwpl-col fwpl-col el-5ppa5\"><\/div><\/div><\/div><div class=\"fwpl-result r8\"><div class=\"fwpl-row el-3d8xtb\"><div class=\"fwpl-col fwpl-col el-sht5bn\"><div class=\"fwpl-item entitat-tipus3\"><span class=\"fwpl-term fwpl-term-assessorament fwpl-tax-portfolio_tag\">assessorament<\/span><\/div><div class=\"fwpl-item el-l8bri9\"><a href=\"https:\/\/cocreix.ddgi.cat\/web\/directori\/cupons-green\/\">Cupons Green<\/a><\/div><div class=\"fwpl-item el-67etw\">Ajut per a la contractaci\u00f3 d'experts en canvi clim\u00e0tic amb l'objectiu d'avan\u00e7ar cap a la neutralitat clim\u00e0tica. <\/div><\/div><\/div><div class=\"fwpl-row el-s1b7in\"><div class=\"fwpl-col fwpl-col el-5ppa5\"><\/div><\/div><\/div><div class=\"fwpl-result r9\"><div class=\"fwpl-row el-3d8xtb\"><div class=\"fwpl-col fwpl-col el-sht5bn\"><div class=\"fwpl-item entitat-tipus3\"><span class=\"fwpl-term fwpl-term-assessorament fwpl-tax-portfolio_tag\">assessorament<\/span>  <span class=\"fwpl-term fwpl-term-internacionalitzacio fwpl-tax-portfolio_tag\">internacionalitzaci\u00f3<\/span><\/div><div class=\"fwpl-item el-l8bri9\"><a href=\"https:\/\/cocreix.ddgi.cat\/web\/directori\/cupons-international-etrade\/\">Cupons International eTrade<\/a><\/div><div class=\"fwpl-item el-67etw\">Ajut per a la contractaci\u00f3 d'experts en negoci digital amb l'objectiu de definir l'estrat\u00e8gia digital internacional. <\/div><\/div><\/div><div class=\"fwpl-row el-s1b7in\"><div class=\"fwpl-col fwpl-col el-5ppa5\"><\/div><\/div><\/div><div class=\"fwpl-result r10\"><div class=\"fwpl-row el-3d8xtb\"><div class=\"fwpl-col fwpl-col el-sht5bn\"><div class=\"fwpl-item entitat-tipus3\"><span class=\"fwpl-term fwpl-term-esdeveniments fwpl-tax-portfolio_tag\">esdeveniments<\/span><\/div><div class=\"fwpl-item el-l8bri9\"><a href=\"https:\/\/cocreix.ddgi.cat\/web\/directori\/dona-empren\/\">Dona Empr\u00e8n<\/a><\/div><div class=\"fwpl-item el-67etw\">Canal de comunicaci\u00f3 que agrupa tots els recursos existents a l\u2019ecosistema emprenedor per al talent femen\u00ed.<\/div><\/div><\/div><div class=\"fwpl-row el-s1b7in\"><div class=\"fwpl-col fwpl-col el-5ppa5\"><\/div><\/div><\/div><div class=\"fwpl-result r11\"><div class=\"fwpl-row el-3d8xtb\"><div class=\"fwpl-col fwpl-col el-sht5bn\"><div class=\"fwpl-item entitat-tipus3\"><span class=\"fwpl-term fwpl-term-assessorament fwpl-tax-portfolio_tag\">assessorament<\/span><\/div><div class=\"fwpl-item el-l8bri9\"><a href=\"https:\/\/cocreix.ddgi.cat\/web\/directori\/dona-mentoring\/\">Dona Mentoring<\/a><\/div><div class=\"fwpl-item el-67etw\">Programa de voluntariat per ajudar a consolidar i fer cr\u00e9ixer els negocis de dones emprenedores.<\/div><\/div><\/div><div class=\"fwpl-row el-s1b7in\"><div class=\"fwpl-col fwpl-col el-5ppa5\"><\/div><\/div><\/div><div class=\"fwpl-result r12\"><div class=\"fwpl-row el-3d8xtb\"><div class=\"fwpl-col fwpl-col el-sht5bn\"><div class=\"fwpl-item entitat-tipus3\"><span class=\"fwpl-term fwpl-term-formatius fwpl-tax-portfolio_tag\">formatius<\/span><\/div><div class=\"fwpl-item el-l8bri9\"><a href=\"https:\/\/cocreix.ddgi.cat\/web\/directori\/emprenedores\/\">Emprenedores<\/a><\/div><div class=\"fwpl-item el-67etw\">Programa formatiu per fomentar l\u2019auto ocupaci\u00f3 de dones amb inquietuds emprenedores.\r\n<\/div><\/div><\/div><div class=\"fwpl-row el-s1b7in\"><div class=\"fwpl-col fwpl-col el-5ppa5\"><\/div><\/div><\/div><div class=\"fwpl-result r13\"><div class=\"fwpl-row el-3d8xtb\"><div class=\"fwpl-col fwpl-col el-sht5bn\"><div class=\"fwpl-item entitat-tipus3\"><span class=\"fwpl-term fwpl-term-formatius fwpl-tax-portfolio_tag\">formatius<\/span><\/div><div class=\"fwpl-item el-l8bri9\"><a href=\"https:\/\/cocreix.ddgi.cat\/web\/directori\/espanya-empren\/\">Espanya Empr\u00e8n<\/a><\/div><div class=\"fwpl-item el-67etw\">Itineraris formatius per a l'impuls de noves activitats empresarials.\r\n<\/div><\/div><\/div><div class=\"fwpl-row el-s1b7in\"><div class=\"fwpl-col fwpl-col el-5ppa5\"><\/div><\/div><\/div><div class=\"fwpl-result r14\"><div class=\"fwpl-row el-3d8xtb\"><div class=\"fwpl-col fwpl-col el-sht5bn\"><div class=\"fwpl-item entitat-tipus3\"><span class=\"fwpl-term fwpl-term-financament fwpl-tax-portfolio_tag\">financament<\/span><\/div><div class=\"fwpl-item el-l8bri9\"><a href=\"https:\/\/cocreix.ddgi.cat\/web\/directori\/fons-per-a-pymes\/\">Fons per a Pimes<\/a><\/div><div class=\"fwpl-item el-67etw\">Subvencions per ajudar a les pimes de la UE a protegir els seus drets de propietat industrial o intel\u00b7lectual (PI).<\/div><\/div><\/div><div class=\"fwpl-row el-s1b7in\"><div class=\"fwpl-col fwpl-col el-5ppa5\"><\/div><\/div><\/div><div class=\"fwpl-result r15\"><div class=\"fwpl-row el-3d8xtb\"><div class=\"fwpl-col fwpl-col el-sht5bn\"><div class=\"fwpl-item entitat-tipus3\"><span class=\"fwpl-term fwpl-term-esdeveniments fwpl-tax-portfolio_tag\">esdeveniments<\/span><\/div><div class=\"fwpl-item el-l8bri9\"><a href=\"https:\/\/cocreix.ddgi.cat\/web\/directori\/garrotxa-empren\/\">Garrotxa Empr\u00e8n<\/a><\/div><div class=\"fwpl-item el-67etw\">Esdeveniment de refer\u00e8ncia sobre l\u2019emprenedoria a la comarca de la Garrotxa.<\/div><\/div><\/div><div class=\"fwpl-row el-s1b7in\"><div class=\"fwpl-col fwpl-col el-5ppa5\"><\/div><\/div><\/div><\/div>\n<style>\n.fwpl-layout, .fwpl-row {\n    display: grid;\n}\n.fwpl-layout.entitats-items {\n    grid-template-columns: repeat(3, 1fr);\n    grid-gap: 4px;\n}\n.fwpl-btn {\n    text-decoration: none;\n}\n.fwpl-layout.entitats-items .fwpl-result {\n    background-color: #f5f5f5;\n    padding: 10px 10px 10px -10px;\n}\n.fwpl-row.el-3d8xtb {\n    grid-template-columns: 1fr;\n}\n.fwpl-item.el-l8bri9 {\n    font-weight: bold;\n}\n.fwpl-row.el-s1b7in {\n    grid-template-columns: 1fr;\n}\n@media (max-width: 480px) { \n    body .facetwp-template .fwpl-layout,  \n    body .facetwp-template-static .fwpl-layout { grid-template-columns: 1fr; } \n} \n\n<\/style>\n<\/div>[\/vc_column_text][vc_empty_space height=&#8221;26px&#8221;][vc_column_text]<div class=\"facetwp-pager\"><\/div>[\/vc_column_text][\/vc_column][\/vc_row]<\/p>\n<\/div>","protected":false},"excerpt":{"rendered":"<p>[vc_row css_animation=&#8221;&#8221; row_type=&#8221;row&#8221; use_row_as_full_screen_section=&#8221;no&#8221; type=&#8221;grid&#8221; angled_section=&#8221;no&#8221; text_align=&#8221;left&#8221; background_image_as_pattern=&#8221;without_pattern&#8221; padding_top=&#8221;20&#8243; padding_bottom=&#8221;124&#8243; z_index=&#8221;&#8221;][vc_column offset=&#8221;vc_col-md-4&#8243; el_class=&#8221;text08rem&#8221;][vc_empty_space height=&#8221;70px&#8221;][vc_column_text]Cerca per paraula clau[\/vc_column_text][vc_column_text css=&#8221;&#8221;][\/vc_column_text][vc_empty_space height=&#8221;26px&#8221;][vc_column_text css=&#8221;&#8221;]Tipus de recurs:[\/vc_column_text][vc_column_text css=&#8221;&#8221;][\/vc_column_text][vc_empty_space height=&#8221;43px&#8221;][vc_column_text]Comarca:[\/vc_column_text][vc_column_text][\/vc_column_text][vc_empty_space height=&#8221;43px&#8221;][\/vc_column][vc_column offset=&#8221;vc_col-md-8&#8243;][vc_empty_space height=&#8221;30px&#8221;][vc_column_text][\/vc_column_text][vc_empty_space height=&#8221;26px&#8221;][vc_column_text css=&#8221;&#8221;][\/vc_column_text][vc_empty_space height=&#8221;26px&#8221;][vc_column_text][\/vc_column_text][\/vc_column][\/vc_row]<\/p>\n","protected":false},"author":1,"featured_media":0,"parent":0,"menu_order":0,"comment_status":"closed","ping_status":"closed","template":"full_width.php","meta":{"inline_featured_image":false,"footnotes":""},"class_list":["post-18622","page","type-page","status-publish","hentry"],"_links":{"self":[{"href":"https:\/\/cocreix.ddgi.cat\/web\/wp-json\/wp\/v2\/pages\/18622","targetHints":{"allow":["GET"]}}],"collection":[{"href":"https:\/\/cocreix.ddgi.cat\/web\/wp-json\/wp\/v2\/pages"}],"about":[{"href":"https:\/\/cocreix.ddgi.cat\/web\/wp-json\/wp\/v2\/types\/page"}],"author":[{"embeddable":true,"href":"https:\/\/cocreix.ddgi.cat\/web\/wp-json\/wp\/v2\/users\/1"}],"replies":[{"embeddable":true,"href":"https:\/\/cocreix.ddgi.cat\/web\/wp-json\/wp\/v2\/comments?post=18622"}],"version-history":[{"count":9,"href":"https:\/\/cocreix.ddgi.cat\/web\/wp-json\/wp\/v2\/pages\/18622\/revisions"}],"predecessor-version":[{"id":18652,"href":"https:\/\/cocreix.ddgi.cat\/web\/wp-json\/wp\/v2\/pages\/18622\/revisions\/18652"}],"wp:attachment":[{"href":"https:\/\/cocreix.ddgi.cat\/web\/wp-json\/wp\/v2\/media?parent=18622"}],"curies":[{"name":"wp","href":"https:\/\/api.w.org\/{rel}","templated":true}]}}