{"id":18329,"date":"2024-02-13T15:32:11","date_gmt":"2024-02-13T13:32:11","guid":{"rendered":"https:\/\/cocreix.ddgi.cat\/web\/?page_id=18329"},"modified":"2024-10-24T09:43:46","modified_gmt":"2024-10-24T07:43:46","slug":"agoe","status":"publish","type":"page","link":"https:\/\/cocreix.ddgi.cat\/web\/agoe\/","title":{"rendered":"Mentors d&#8217;aGOe"},"content":{"rendered":"<div class=\"wpb-content-wrapper\"><p>[vc_row css_animation=&#8221;&#8221; row_type=&#8221;row&#8221; use_row_as_full_screen_section=&#8221;no&#8221; type=&#8221;grid&#8221; angled_section=&#8221;no&#8221; text_align=&#8221;left&#8221; background_image_as_pattern=&#8221;without_pattern&#8221; css=&#8221;.vc_custom_1657864030248{background-color: #ffffff !important;}&#8221; el_id=&#8221;menuinici&#8221; z_index=&#8221;&#8221;][vc_column width=&#8221;1\/2&#8243;][vc_empty_space height=&#8221;70px&#8221;][vc_column_text]<\/p>\n<h2>aGOe<\/h2>\n<p>[\/vc_column_text][vc_column_text]<strong>Associaci\u00f3 Gironina d\u2019Orientaci\u00f3 Empresarial<\/strong>[\/vc_column_text][vc_empty_space height=&#8221;27px&#8221;][vc_column_text]aGOe \u00e9s una associaci\u00f3 sense \u00e0nim de lucre que aglutina professionals s\u00e8niors, exempresaris i exdirectius que de forma volunt\u00e0ria ofereixen el seu coneixement i experi\u00e8ncia empresarial a les persones o empreses que se\u2019n puguin beneficiar.<\/p>\n<p>Ofereix un acompanyament personalitzat que va des de l\u2019avaluaci\u00f3 de la idea de negoci fins a la posada en marxa del projecte empresarial. Tamb\u00e9 imparteix cursos i confer\u00e8ncies en l\u2019\u00e0mbit de la gesti\u00f3 empresarial.<\/p>\n<p>Els serveis s\u00f3n totalment gratu\u00efts.[\/vc_column_text][\/vc_column][vc_column width=&#8221;1\/2&#8243;][vc_empty_space height=&#8221;70px&#8221;]<div class=\"qode_video_box disabled_hover_overlay\">\r\n\t<a itemprop=\"image\" class=\"qode_video_image\" href=\"https:\/\/cocreix.ddgi.cat\/web\/wp-content\/uploads\/2024\/02\/agoe.mp4?iframe=true\" data-rel=\"prettyPhoto\">\r\n\t\t\t\r\n\t\t\t<img decoding=\"async\" src=\"https:\/\/cocreix.ddgi.cat\/web\/wp-content\/uploads\/2024\/02\/agoe2.jpg\" alt=\"https:\/\/cocreix.ddgi.cat\/web\/wp-content\/uploads\/2024\/02\/agoe.mp4?iframe=true\" \/>\r\n\t\t\t<span class=\"qode_video_box_button_holder\">\r\n\t\t\t\t<span class=\"qode_video_box_button\">\r\n\t\t\t\t\t<span class=\"qode_video_box_button_arrow\">\r\n\t\t\t\t\t<\/span>\r\n\t\t\t\t<\/span>\r\n\t\t\t<\/span>\r\n\t\t\t<\/a>\r\n<\/div>[vc_empty_space height=&#8221;70px&#8221;][\/vc_column][\/vc_row][vc_row css_animation=&#8221;&#8221; row_type=&#8221;row&#8221; use_row_as_full_screen_section=&#8221;no&#8221; type=&#8221;grid&#8221; angled_section=&#8221;no&#8221; text_align=&#8221;left&#8221; background_image_as_pattern=&#8221;without_pattern&#8221; css=&#8221;.vc_custom_1657864558864{background-color: #f0f0f0 !important;}&#8221; z_index=&#8221;&#8221;][vc_column][vc_empty_space height=&#8221;50px&#8221;][\/vc_column][\/vc_row][vc_row css_animation=&#8221;&#8221; row_type=&#8221;row&#8221; use_row_as_full_screen_section=&#8221;no&#8221; type=&#8221;grid&#8221; angled_section=&#8221;no&#8221; text_align=&#8221;left&#8221; background_image_as_pattern=&#8221;without_pattern&#8221; css=&#8221;.vc_custom_1705672923110{background-color: #f0f0f0 !important;}&#8221; z_index=&#8221;&#8221;][vc_column][vc_column_text]<\/p>\n<h4>A qui s\u2019adre\u00e7a<\/h4>\n<p>[\/vc_column_text][vc_empty_space height=&#8221;30px&#8221;][vc_column_text]A persones amb una iniciativa empresarial que vulguin rebre l\u2019acompanyament d\u2019un mentor amb experi\u00e8ncia empresarial contrastada. (Emprenedors)<\/p>\n<p>A persones de l\u2019\u00e0mbit empresarial amb coneixements i experi\u00e8ncia que vulguin transferir-los de forma volunt\u00e0ria a les persones o empreses que se\u2019n puguin beneficiar. (Voluntaris)[\/vc_column_text][vc_empty_space height=&#8221;50px&#8221;][vc_column_text]<\/p>\n<h4><strong>Quins serveis ofereix <\/strong><\/h4>\n<p>[\/vc_column_text][vc_empty_space height=&#8221;30px&#8221;][vc_column_text]Des d\u2019aGOe s\u2019ofereixen diversos serveis d\u2019acompanyament i professionalitzaci\u00f3:<\/p>\n<ul>\n<li><a href=\"https:\/\/agoe.cat\/orientacio-i-mentoratge\/\" target=\"_blank\" rel=\"noopener\">Orientaci\u00f3 i mentoria<\/a><\/li>\n<li><a href=\"https:\/\/agoe.cat\/cursos-i-formacio\/\" target=\"_blank\" rel=\"noopener\">Cursos presencials i en l\u00ednia<\/a><\/li>\n<li><a href=\"https:\/\/agoe.cat\/conferencies\/\" target=\"_blank\" rel=\"noopener\">Confer\u00e8ncies<\/a><\/li>\n<\/ul>\n<p>[\/vc_column_text][vc_empty_space height=&#8221;30px&#8221;][\/vc_column][\/vc_row][vc_row css_animation=&#8221;&#8221; row_type=&#8221;row&#8221; use_row_as_full_screen_section=&#8221;no&#8221; type=&#8221;grid&#8221; angled_section=&#8221;no&#8221; text_align=&#8221;left&#8221; background_image_as_pattern=&#8221;without_pattern&#8221; css=&#8221;.vc_custom_1705672878510{padding-top: 50px !important;padding-bottom: 20px !important;background-color: #ffffff !important;}&#8221; z_index=&#8221;&#8221;][vc_column][vc_column_text]<\/p>\n<h2>M\u00e9s informaci\u00f3<\/h2>\n<p>[\/vc_column_text][vc_column_text]<\/p>\n<h4><a href=\"https:\/\/agoe.cat\/\" target=\"_blank\" rel=\"noopener\">www.agoe.cat\u00a0<\/a><\/h4>\n<p>[\/vc_column_text][vc_empty_space height=&#8221;50px&#8221;][\/vc_column][\/vc_row][vc_row css_animation=&#8221;&#8221; row_type=&#8221;row&#8221; use_row_as_full_screen_section=&#8221;no&#8221; type=&#8221;full_width&#8221; angled_section=&#8221;no&#8221; text_align=&#8221;left&#8221; background_image_as_pattern=&#8221;without_pattern&#8221;][vc_column][vc_column_text]<\/p>\n<p>[\/vc_column_text][\/vc_column][\/vc_row]<\/p>\n<\/div>","protected":false},"excerpt":{"rendered":"<p>[vc_row css_animation=&#8221;&#8221; row_type=&#8221;row&#8221; use_row_as_full_screen_section=&#8221;no&#8221; type=&#8221;grid&#8221; angled_section=&#8221;no&#8221; text_align=&#8221;left&#8221; background_image_as_pattern=&#8221;without_pattern&#8221; css=&#8221;.vc_custom_1657864030248{background-color: #ffffff !important;}&#8221; el_id=&#8221;menuinici&#8221; z_index=&#8221;&#8221;][vc_column width=&#8221;1\/2&#8243;][vc_empty_space height=&#8221;70px&#8221;][vc_column_text] aGOe [\/vc_column_text][vc_column_text]Associaci\u00f3 Gironina d\u2019Orientaci\u00f3 Empresarial[\/vc_column_text][vc_empty_space height=&#8221;27px&#8221;][vc_column_text]aGOe \u00e9s una associaci\u00f3 sense \u00e0nim de lucre que aglutina professionals s\u00e8niors, exempresaris i exdirectius que de forma volunt\u00e0ria ofereixen el seu coneixement i experi\u00e8ncia&#8230;<\/p>\n","protected":false},"author":1,"featured_media":0,"parent":0,"menu_order":0,"comment_status":"closed","ping_status":"closed","template":"full_width.php","meta":{"inline_featured_image":false,"footnotes":""},"class_list":["post-18329","page","type-page","status-publish","hentry"],"_links":{"self":[{"href":"https:\/\/cocreix.ddgi.cat\/web\/wp-json\/wp\/v2\/pages\/18329","targetHints":{"allow":["GET"]}}],"collection":[{"href":"https:\/\/cocreix.ddgi.cat\/web\/wp-json\/wp\/v2\/pages"}],"about":[{"href":"https:\/\/cocreix.ddgi.cat\/web\/wp-json\/wp\/v2\/types\/page"}],"author":[{"embeddable":true,"href":"https:\/\/cocreix.ddgi.cat\/web\/wp-json\/wp\/v2\/users\/1"}],"replies":[{"embeddable":true,"href":"https:\/\/cocreix.ddgi.cat\/web\/wp-json\/wp\/v2\/comments?post=18329"}],"version-history":[{"count":13,"href":"https:\/\/cocreix.ddgi.cat\/web\/wp-json\/wp\/v2\/pages\/18329\/revisions"}],"predecessor-version":[{"id":18332,"href":"https:\/\/cocreix.ddgi.cat\/web\/wp-json\/wp\/v2\/pages\/18329\/revisions\/18332"}],"wp:attachment":[{"href":"https:\/\/cocreix.ddgi.cat\/web\/wp-json\/wp\/v2\/media?parent=18329"}],"curies":[{"name":"wp","href":"https:\/\/api.w.org\/{rel}","templated":true}]}}