{"id":18302,"date":"2024-02-12T17:10:13","date_gmt":"2024-02-12T15:10:13","guid":{"rendered":"https:\/\/cocreix.ddgi.cat\/web\/?page_id=18302"},"modified":"2024-06-11T09:55:25","modified_gmt":"2024-06-11T07:55:25","slug":"emprengi","status":"publish","type":"page","link":"https:\/\/cocreix.ddgi.cat\/web\/emprengi\/","title":{"rendered":"EMPRENGI"},"content":{"rendered":"<div class=\"wpb-content-wrapper\"><p>[vc_row css_animation=&#8221;&#8221; row_type=&#8221;row&#8221; use_row_as_full_screen_section=&#8221;no&#8221; type=&#8221;grid&#8221; angled_section=&#8221;no&#8221; text_align=&#8221;left&#8221; background_image_as_pattern=&#8221;without_pattern&#8221; css=&#8221;.vc_custom_1657864030248{background-color: #ffffff !important;}&#8221; el_id=&#8221;menuinici&#8221; z_index=&#8221;&#8221;][vc_column width=&#8221;1\/2&#8243;][vc_empty_space height=&#8221;70px&#8221;][vc_column_text]<\/p>\n<h2>EMPRENGI<\/h2>\n<p>[\/vc_column_text][vc_column_text]<\/p>\n<h4><strong>Cooperatives escolars gironines<\/strong><\/h4>\n<p>[\/vc_column_text][vc_empty_space height=&#8221;27px&#8221;][vc_column_text]EMPRENGI \u00e9s un programa educatiu que fomenta l\u2019emprenedoria social i solid\u00e0ria mitjan\u00e7ant la creaci\u00f3 experimental de cooperatives per part d\u2019alumnes de tercer i quart d\u2019educaci\u00f3 secund\u00e0ria obligat\u00f2ria (ESO), de batxillerat i de cicles formatius.<\/p>\n<p>Durant el curs, els participants segueixen tot el proc\u00e9s de creaci\u00f3 i dissoluci\u00f3 d\u2019una cooperativa, contacten amb altres cooperatives existents i reparteixen els beneficis tenint en compte la responsabilitat social corporativa (RSC)<\/p>\n<p>Tot aquest cam\u00ed possibilita un treball competencial molt ampli i transversal, que permet incorporar l\u2019educaci\u00f3 emprenedora de manera pr\u00e0ctica i real.<\/p>\n<p>La participaci\u00f3 al programa \u00e9s gratu\u00efta.[\/vc_column_text][vc_empty_space height=&#8221;40px&#8221;][\/vc_column][vc_column width=&#8221;1\/2&#8243;][vc_empty_space height=&#8221;100px&#8221;]<div class=\"qode_video_box\">\r\n\t<a itemprop=\"image\" class=\"qode_video_image\" href=\"https:\/\/youtu.be\/MW-idmqv0Wk?si=mYKW3HRxbaBOR8FH\" data-rel=\"prettyPhoto\">\r\n\t\t\t\r\n\t\t\t<img decoding=\"async\" src=\"https:\/\/cocreix.ddgi.cat\/web\/wp-content\/uploads\/2024\/06\/emprengi2024.png\" alt=\"https:\/\/youtu.be\/MW-idmqv0Wk?si=mYKW3HRxbaBOR8FH\" \/>\r\n\t\t\t<span class=\"qode_video_box_button_holder\">\r\n\t\t\t\t<span class=\"qode_video_box_button\">\r\n\t\t\t\t\t<span class=\"qode_video_box_button_arrow\">\r\n\t\t\t\t\t<\/span>\r\n\t\t\t\t<\/span>\r\n\t\t\t<\/span>\r\n\t\t\t<\/a>\r\n<\/div>[vc_empty_space height=&#8221;70px&#8221;][\/vc_column][\/vc_row][vc_row css_animation=&#8221;&#8221; row_type=&#8221;row&#8221; use_row_as_full_screen_section=&#8221;no&#8221; type=&#8221;grid&#8221; angled_section=&#8221;no&#8221; text_align=&#8221;left&#8221; background_image_as_pattern=&#8221;without_pattern&#8221; css=&#8221;.vc_custom_1657864558864{background-color: #f0f0f0 !important;}&#8221; z_index=&#8221;&#8221;][vc_column][vc_empty_space height=&#8221;50px&#8221;][\/vc_column][\/vc_row][vc_row css_animation=&#8221;&#8221; row_type=&#8221;row&#8221; use_row_as_full_screen_section=&#8221;no&#8221; type=&#8221;grid&#8221; angled_section=&#8221;no&#8221; text_align=&#8221;left&#8221; background_image_as_pattern=&#8221;without_pattern&#8221; css=&#8221;.vc_custom_1705672923110{background-color: #f0f0f0 !important;}&#8221; z_index=&#8221;&#8221;][vc_column][vc_column_text]<\/p>\n<h4>A qui s\u2019adre\u00e7a<\/h4>\n<p>[\/vc_column_text][vc_empty_space height=&#8221;30px&#8221;][vc_column_text]El programa s\u2019adre\u00e7a a centres educatius de secund\u00e0ria i de cicles formatius de la demarcaci\u00f3 de Girona.[\/vc_column_text][vc_empty_space height=&#8221;50px&#8221;][vc_column_text]<\/p>\n<h4><strong>En qu\u00e8 consisteix, EMPRENGI<\/strong><\/h4>\n<p>[\/vc_column_text][vc_empty_space height=&#8221;30px&#8221;][vc_column_text]L\u2019objectiu d\u2019EMPRENGI \u00e9s fomentar les compet\u00e8ncies emprenedores i de cooperaci\u00f3 d\u2019alumnes de secund\u00e0ria i de cicles formatius mitjan\u00e7ant la creaci\u00f3 de cooperatives. Amb l\u2019ajuda del professorat, i durant el curs escolar, es crea i es dissol la cooperativa.<\/p>\n<p>&nbsp;<\/p>\n<p>Aquest proc\u00e9s es duu a terme en tres fases:<\/p>\n<ul>\n<li style=\"list-style-type: none;\">\n<ul>\n<li>Creaci\u00f3 de la cooperativa: Es redacten els estatuts, s\u2019elabora el logotip, es defineix l\u2019organigrama, el proc\u00e9s de constituci\u00f3, etc.<\/li>\n<li>Relaci\u00f3 amb la cooperativa s\u00f2cia: Els alumnes contacten amb una cooperativa existent amb l\u2019objectiu de vendre\u2019n els productes i esdevenir la seva branca comercial. En aquesta fase s\u2019estableix un pla de treball i el cat\u00e0leg de productes que s\u2019oferiran.<\/li>\n<li>Venda dels productes: El mes de maig s\u2019organitza un mercat amb parades de totes les cooperatives que, en el marc del programa EMPRENGI, s\u2019han creat a la demarcaci\u00f3, en qu\u00e8 es venen els productes proporcionats per les cooperatives s\u00f2cies.<\/li>\n<\/ul>\n<\/li>\n<\/ul>\n<p>&nbsp;<\/p>\n<p>Equip de treball:<\/p>\n<ul>\n<li style=\"list-style-type: none;\">\n<ul>\n<li>professor<\/li>\n<li>grup de catorze o quinze alumnes de tercer o quart d\u2019ESO amb\u00a0dues o tres hores de dedicaci\u00f3 mitjana setmanal<\/li>\n<li>cooperativa s\u00f2cia (prove\u00efdora)<\/li>\n<\/ul>\n<\/li>\n<\/ul>\n<p>[\/vc_column_text][vc_empty_space height=&#8221;30px&#8221;][\/vc_column][\/vc_row][vc_row css_animation=&#8221;&#8221; row_type=&#8221;row&#8221; use_row_as_full_screen_section=&#8221;no&#8221; type=&#8221;grid&#8221; angled_section=&#8221;no&#8221; text_align=&#8221;left&#8221; background_image_as_pattern=&#8221;without_pattern&#8221; css=&#8221;.vc_custom_1705672878510{padding-top: 50px !important;padding-bottom: 20px !important;background-color: #ffffff !important;}&#8221; z_index=&#8221;&#8221;][vc_column][vc_column_text]<\/p>\n<h2>M\u00e9s informaci\u00f3<\/h2>\n<p>[\/vc_column_text][vc_column_text]<\/p>\n<h4><a href=\"https:\/\/emprengi.cat\" target=\"_blank\" rel=\"noopener\">www.emprengi.cat<\/a><\/h4>\n<p>[\/vc_column_text][vc_empty_space height=&#8221;50px&#8221;][\/vc_column][\/vc_row][vc_row css_animation=&#8221;&#8221; row_type=&#8221;row&#8221; use_row_as_full_screen_section=&#8221;no&#8221; type=&#8221;full_width&#8221; angled_section=&#8221;no&#8221; text_align=&#8221;left&#8221; background_image_as_pattern=&#8221;without_pattern&#8221;][vc_column][vc_column_text]<\/p>\n<p>[\/vc_column_text][\/vc_column][\/vc_row]<\/p>\n<\/div>","protected":false},"excerpt":{"rendered":"<p>[vc_row css_animation=&#8221;&#8221; row_type=&#8221;row&#8221; use_row_as_full_screen_section=&#8221;no&#8221; type=&#8221;grid&#8221; angled_section=&#8221;no&#8221; text_align=&#8221;left&#8221; background_image_as_pattern=&#8221;without_pattern&#8221; css=&#8221;.vc_custom_1657864030248{background-color: #ffffff !important;}&#8221; el_id=&#8221;menuinici&#8221; z_index=&#8221;&#8221;][vc_column width=&#8221;1\/2&#8243;][vc_empty_space height=&#8221;70px&#8221;][vc_column_text] EMPRENGI [\/vc_column_text][vc_column_text] Cooperatives escolars gironines [\/vc_column_text][vc_empty_space height=&#8221;27px&#8221;][vc_column_text]EMPRENGI \u00e9s un programa educatiu que fomenta l\u2019emprenedoria social i solid\u00e0ria mitjan\u00e7ant la creaci\u00f3 experimental de cooperatives per part d\u2019alumnes de tercer i quart&#8230;<\/p>\n","protected":false},"author":1,"featured_media":0,"parent":0,"menu_order":0,"comment_status":"closed","ping_status":"closed","template":"full_width.php","meta":{"inline_featured_image":false,"footnotes":""},"class_list":["post-18302","page","type-page","status-publish","hentry"],"_links":{"self":[{"href":"https:\/\/cocreix.ddgi.cat\/web\/wp-json\/wp\/v2\/pages\/18302","targetHints":{"allow":["GET"]}}],"collection":[{"href":"https:\/\/cocreix.ddgi.cat\/web\/wp-json\/wp\/v2\/pages"}],"about":[{"href":"https:\/\/cocreix.ddgi.cat\/web\/wp-json\/wp\/v2\/types\/page"}],"author":[{"embeddable":true,"href":"https:\/\/cocreix.ddgi.cat\/web\/wp-json\/wp\/v2\/users\/1"}],"replies":[{"embeddable":true,"href":"https:\/\/cocreix.ddgi.cat\/web\/wp-json\/wp\/v2\/comments?post=18302"}],"version-history":[{"count":31,"href":"https:\/\/cocreix.ddgi.cat\/web\/wp-json\/wp\/v2\/pages\/18302\/revisions"}],"predecessor-version":[{"id":18562,"href":"https:\/\/cocreix.ddgi.cat\/web\/wp-json\/wp\/v2\/pages\/18302\/revisions\/18562"}],"wp:attachment":[{"href":"https:\/\/cocreix.ddgi.cat\/web\/wp-json\/wp\/v2\/media?parent=18302"}],"curies":[{"name":"wp","href":"https:\/\/api.w.org\/{rel}","templated":true}]}}