{"id":17930,"date":"2023-04-04T08:10:35","date_gmt":"2023-04-04T06:10:35","guid":{"rendered":"https:\/\/cocreix.ddgi.cat\/web\/?page_id=17930"},"modified":"2023-11-28T10:17:21","modified_gmt":"2023-11-28T08:17:21","slug":"nuasets","status":"publish","type":"page","link":"https:\/\/cocreix.ddgi.cat\/web\/premis-projectat-4\/nuasets\/","title":{"rendered":"Nuasets"},"content":{"rendered":"<div class=\"wpb-content-wrapper\"><p>[vc_row css_animation=&#8221;&#8221; row_type=&#8221;row&#8221; use_row_as_full_screen_section=&#8221;no&#8221; type=&#8221;grid&#8221; angled_section=&#8221;no&#8221; text_align=&#8221;left&#8221; background_image_as_pattern=&#8221;without_pattern&#8221; el_id=&#8221;menuinici&#8221; z_index=&#8221;&#8221; background_color=&#8221;#ffffff&#8221; css=&#8221;.vc_custom_1575023726716{padding-top: 70px !important;padding-bottom: 70px !important;}&#8221;][vc_column width=&#8221;1\/2&#8243;][vc_empty_space height=&#8221;30px&#8221;][vc_column_text]<\/p>\n<p style=\"text-align: justify;\"><strong>Nuasets<\/strong> s\u00f3n productors i elaboradors d\u2019avellana a Brunyola. La seva avellana \u00e9s de l\u2019apreciada varietat negreta, amb un contingut d\u2019olis equilibrat, una textura cruixent i un gust dol\u00e7. \u00c9s una varietat diferent de la resta d\u2019avellanes del m\u00f3n.<\/p>\n<p style=\"text-align: justify;\">A l\u2019obrador elaboren l\u2019avellana amb el criteri i l\u2019experi\u00e8ncia que transmesos de generaci\u00f3 en generaci\u00f3, donant-li el punt de torrat \u00f2ptim per potenciar-ne les aromes i els sabors. \u00c9s una avellana acabada de trencar i torrar i aix\u00f2 la fa especial. La ra\u00f3 de ser de l\u2019empresa \u00e9s servir directament del productor al consumidor, oferint un producte de proximitat i un circuit curt a un preu just tant per al consumidor com per al productor.<\/p>\n<p style=\"text-align: justify;\">Amb la mentoria esperen revisar els seus canals de comercialitzaci\u00f3 per establir el sistema de distribuci\u00f3 que els ha de permetre aconseguir el creixement que s\u2019han marcat per al 2024.<\/p>\n<p>[\/vc_column_text][vc_empty_space height=&#8221;30px&#8221;][\/vc_column][vc_column width=&#8221;1\/2&#8243; el_class=&#8221;icona_video_fosca&#8221;][vc_empty_space height=&#8221;30px&#8221;][vc_column_text]<img loading=\"lazy\" decoding=\"async\" class=\"size-medium wp-image-17931 aligncenter\" src=\"https:\/\/cocreix.ddgi.cat\/web\/wp-content\/uploads\/2023\/04\/Esclovellana_logo-300x300.jpg\" alt=\"\" width=\"300\" height=\"300\" srcset=\"https:\/\/cocreix.ddgi.cat\/web\/wp-content\/uploads\/2023\/04\/Esclovellana_logo-300x300.jpg 300w, https:\/\/cocreix.ddgi.cat\/web\/wp-content\/uploads\/2023\/04\/Esclovellana_logo-1024x1024.jpg 1024w, https:\/\/cocreix.ddgi.cat\/web\/wp-content\/uploads\/2023\/04\/Esclovellana_logo-150x150.jpg 150w, https:\/\/cocreix.ddgi.cat\/web\/wp-content\/uploads\/2023\/04\/Esclovellana_logo-768x768.jpg 768w, https:\/\/cocreix.ddgi.cat\/web\/wp-content\/uploads\/2023\/04\/Esclovellana_logo-1536x1536.jpg 1536w, https:\/\/cocreix.ddgi.cat\/web\/wp-content\/uploads\/2023\/04\/Esclovellana_logo-2048x2048.jpg 2048w, https:\/\/cocreix.ddgi.cat\/web\/wp-content\/uploads\/2023\/04\/Esclovellana_logo-570x570.jpg 570w, https:\/\/cocreix.ddgi.cat\/web\/wp-content\/uploads\/2023\/04\/Esclovellana_logo-500x500.jpg 500w, https:\/\/cocreix.ddgi.cat\/web\/wp-content\/uploads\/2023\/04\/Esclovellana_logo-1000x1000.jpg 1000w, https:\/\/cocreix.ddgi.cat\/web\/wp-content\/uploads\/2023\/04\/Esclovellana_logo-700x700.jpg 700w\" sizes=\"auto, (max-width: 300px) 100vw, 300px\" \/>[\/vc_column_text][\/vc_column][\/vc_row][vc_row css_animation=&#8221;&#8221; row_type=&#8221;row&#8221; use_row_as_full_screen_section=&#8221;yes&#8221; type=&#8221;grid&#8221; angled_section=&#8221;no&#8221; text_align=&#8221;left&#8221; background_image_as_pattern=&#8221;without_pattern&#8221; z_index=&#8221;&#8221; background_image=&#8221;784&#8243; el_id=&#8221;section_web&#8221; el_class=&#8221;fons_web_www&#8221; background_color=&#8221;#bfbfbf&#8221;][vc_column][vc_empty_space height=&#8221;70px&#8221;][vc_column_text]M\u00e9s informaci\u00f3[\/vc_column_text][vc_empty_space height=&#8221;20px&#8221;][vc_column_text]<\/p>\n<h4><a href=\"https:\/\/nuasets.cat\/\" target=\"_blank\" rel=\"noopener\">https:\/\/nuasets.cat\/<\/a><\/h4>\n<p>[\/vc_column_text][vc_empty_space height=&#8221;70px&#8221;][\/vc_column][\/vc_row][vc_row css_animation=&#8221;&#8221; row_type=&#8221;row&#8221; use_row_as_full_screen_section=&#8221;no&#8221; type=&#8221;grid&#8221; angled_section=&#8221;no&#8221; text_align=&#8221;left&#8221; background_image_as_pattern=&#8221;without_pattern&#8221; z_index=&#8221;&#8221; background_color=&#8221;#ffffff&#8221; css=&#8221;.vc_custom_1574687983119{padding-top: 70px !important;}&#8221;][vc_column width=&#8221;1\/3&#8243;][vc_empty_space height=&#8221;70px&#8221;][vc_single_image image=&#8221;17931&#8243; img_size=&#8221;full&#8221; alignment=&#8221;center&#8221; onclick=&#8221;link_image&#8221; qode_css_animation=&#8221;&#8221;][\/vc_column][vc_column width=&#8221;1\/3&#8243;][vc_empty_space height=&#8221;70px&#8221;][vc_single_image image=&#8221;17932&#8243; img_size=&#8221;full&#8221; alignment=&#8221;center&#8221; onclick=&#8221;link_image&#8221; qode_css_animation=&#8221;&#8221;][\/vc_column][vc_column width=&#8221;1\/3&#8243;][vc_empty_space height=&#8221;70px&#8221;][vc_single_image image=&#8221;17934&#8243; img_size=&#8221;full&#8221; alignment=&#8221;center&#8221; onclick=&#8221;link_image&#8221; qode_css_animation=&#8221;&#8221;][\/vc_column][\/vc_row][vc_row css_animation=&#8221;&#8221; row_type=&#8221;row&#8221; use_row_as_full_screen_section=&#8221;no&#8221; type=&#8221;grid&#8221; angled_section=&#8221;no&#8221; text_align=&#8221;left&#8221; background_image_as_pattern=&#8221;without_pattern&#8221; z_index=&#8221;&#8221; background_color=&#8221;#ffffff&#8221;][vc_column width=&#8221;1\/3&#8243;][vc_empty_space height=&#8221;70px&#8221;][vc_single_image image=&#8221;18113&#8243; img_size=&#8221;full&#8221; alignment=&#8221;center&#8221; onclick=&#8221;link_image&#8221; qode_css_animation=&#8221;&#8221;][\/vc_column][vc_column width=&#8221;1\/3&#8243;][vc_empty_space height=&#8221;70px&#8221;][vc_single_image image=&#8221;18114&#8243; img_size=&#8221;full&#8221; alignment=&#8221;center&#8221; onclick=&#8221;link_image&#8221; qode_css_animation=&#8221;&#8221;][\/vc_column][vc_column width=&#8221;1\/3&#8243;][vc_empty_space height=&#8221;70px&#8221;][\/vc_column][\/vc_row][vc_row css_animation=&#8221;&#8221; row_type=&#8221;row&#8221; use_row_as_full_screen_section=&#8221;no&#8221; type=&#8221;full_width&#8221; angled_section=&#8221;no&#8221; text_align=&#8221;left&#8221; background_image_as_pattern=&#8221;without_pattern&#8221; z_index=&#8221;&#8221; background_color=&#8221;#ffffff&#8221;][vc_column][vc_empty_space height=&#8221;100px&#8221;][\/vc_column][\/vc_row]<\/p>\n<\/div>","protected":false},"excerpt":{"rendered":"<p>[vc_row css_animation=&#8221;&#8221; row_type=&#8221;row&#8221; use_row_as_full_screen_section=&#8221;no&#8221; type=&#8221;grid&#8221; angled_section=&#8221;no&#8221; text_align=&#8221;left&#8221; background_image_as_pattern=&#8221;without_pattern&#8221; el_id=&#8221;menuinici&#8221; z_index=&#8221;&#8221; background_color=&#8221;#ffffff&#8221; css=&#8221;.vc_custom_1575023726716{padding-top: 70px !important;padding-bottom: 70px !important;}&#8221;][vc_column width=&#8221;1\/2&#8243;][vc_empty_space height=&#8221;30px&#8221;][vc_column_text] Nuasets s\u00f3n productors i elaboradors d\u2019avellana a Brunyola. La seva avellana \u00e9s de l\u2019apreciada varietat negreta, amb un contingut d\u2019olis equilibrat, una textura cruixent i un gust&#8230;<\/p>\n","protected":false},"author":1,"featured_media":17932,"parent":17415,"menu_order":1,"comment_status":"open","ping_status":"closed","template":"full_width.php","meta":{"inline_featured_image":false,"footnotes":""},"class_list":["post-17930","page","type-page","status-publish","has-post-thumbnail","hentry"],"_links":{"self":[{"href":"https:\/\/cocreix.ddgi.cat\/web\/wp-json\/wp\/v2\/pages\/17930","targetHints":{"allow":["GET"]}}],"collection":[{"href":"https:\/\/cocreix.ddgi.cat\/web\/wp-json\/wp\/v2\/pages"}],"about":[{"href":"https:\/\/cocreix.ddgi.cat\/web\/wp-json\/wp\/v2\/types\/page"}],"author":[{"embeddable":true,"href":"https:\/\/cocreix.ddgi.cat\/web\/wp-json\/wp\/v2\/users\/1"}],"replies":[{"embeddable":true,"href":"https:\/\/cocreix.ddgi.cat\/web\/wp-json\/wp\/v2\/comments?post=17930"}],"version-history":[{"count":7,"href":"https:\/\/cocreix.ddgi.cat\/web\/wp-json\/wp\/v2\/pages\/17930\/revisions"}],"predecessor-version":[{"id":18116,"href":"https:\/\/cocreix.ddgi.cat\/web\/wp-json\/wp\/v2\/pages\/17930\/revisions\/18116"}],"up":[{"embeddable":true,"href":"https:\/\/cocreix.ddgi.cat\/web\/wp-json\/wp\/v2\/pages\/17415"}],"wp:featuredmedia":[{"embeddable":true,"href":"https:\/\/cocreix.ddgi.cat\/web\/wp-json\/wp\/v2\/media\/17932"}],"wp:attachment":[{"href":"https:\/\/cocreix.ddgi.cat\/web\/wp-json\/wp\/v2\/media?parent=17930"}],"curies":[{"name":"wp","href":"https:\/\/api.w.org\/{rel}","templated":true}]}}