{"id":17913,"date":"2023-04-04T07:58:58","date_gmt":"2023-04-04T05:58:58","guid":{"rendered":"https:\/\/cocreix.ddgi.cat\/web\/?page_id=17913"},"modified":"2023-11-28T10:12:35","modified_gmt":"2023-11-28T08:12:35","slug":"fyob-brand","status":"publish","type":"page","link":"https:\/\/cocreix.ddgi.cat\/web\/premis-projectat-4\/fyob-brand\/","title":{"rendered":"FYOB Brand"},"content":{"rendered":"<div class=\"wpb-content-wrapper\"><p>[vc_row css_animation=&#8221;&#8221; row_type=&#8221;row&#8221; use_row_as_full_screen_section=&#8221;no&#8221; type=&#8221;grid&#8221; angled_section=&#8221;no&#8221; text_align=&#8221;left&#8221; background_image_as_pattern=&#8221;without_pattern&#8221; el_id=&#8221;menuinici&#8221; z_index=&#8221;&#8221; background_color=&#8221;#ffffff&#8221; css=&#8221;.vc_custom_1575023726716{padding-top: 70px !important;padding-bottom: 70px !important;}&#8221;][vc_column width=&#8221;1\/2&#8243;][vc_empty_space height=&#8221;30px&#8221;][vc_column_text]<\/p>\n<p style=\"text-align: justify;\"><strong>FYOB<\/strong> \u00e9s una empresa de roba sostenible sense g\u00e8nere, inclusiva i lligada a valors socials. Mostra una nova manera de veure la vida, desmuntant estereotips i redefinint la bellesa. Cada col\u00b7lecci\u00f3 est\u00e0 vinculada directament amb un valor social, i cada pe\u00e7a t\u00e9 un prop\u00f2sit que recolza en un moviment social. Dins la pe\u00e7a s\u2019hi troba un codi QR, que porta l\u2019usuari a una experi\u00e8ncia en l\u00ednia exclusiva relacionada amb els valors de la pe\u00e7a. Tots els teixits utilitzats per produir les peces s\u00f3n org\u00e0nics o reciclats, i l\u2019embalatge \u00e9s biodegradable, de manera que aposta per la sostenibilitat sempre que sigui possible.<\/p>\n<p style=\"text-align: justify;\">Amb la mentoria, <strong>FYOB <\/strong>Brand espera definir la proposta de valor i crear un br\u00e0nding que arribi de manera clara, directa i consistent al client.<\/p>\n<p>[\/vc_column_text][vc_empty_space height=&#8221;30px&#8221;][\/vc_column][vc_column width=&#8221;1\/2&#8243; el_class=&#8221;icona_video_fosca&#8221;][vc_empty_space height=&#8221;30px&#8221;][vc_column_text]<img loading=\"lazy\" decoding=\"async\" class=\"size-medium wp-image-17914 aligncenter\" src=\"https:\/\/cocreix.ddgi.cat\/web\/wp-content\/uploads\/2023\/04\/FYOB-BRAND_logo-300x300.png\" alt=\"\" width=\"300\" height=\"300\" srcset=\"https:\/\/cocreix.ddgi.cat\/web\/wp-content\/uploads\/2023\/04\/FYOB-BRAND_logo-300x300.png 300w, https:\/\/cocreix.ddgi.cat\/web\/wp-content\/uploads\/2023\/04\/FYOB-BRAND_logo-1024x1024.png 1024w, https:\/\/cocreix.ddgi.cat\/web\/wp-content\/uploads\/2023\/04\/FYOB-BRAND_logo-150x150.png 150w, https:\/\/cocreix.ddgi.cat\/web\/wp-content\/uploads\/2023\/04\/FYOB-BRAND_logo-768x768.png 768w, https:\/\/cocreix.ddgi.cat\/web\/wp-content\/uploads\/2023\/04\/FYOB-BRAND_logo-1536x1536.png 1536w, https:\/\/cocreix.ddgi.cat\/web\/wp-content\/uploads\/2023\/04\/FYOB-BRAND_logo-570x570.png 570w, https:\/\/cocreix.ddgi.cat\/web\/wp-content\/uploads\/2023\/04\/FYOB-BRAND_logo-500x500.png 500w, https:\/\/cocreix.ddgi.cat\/web\/wp-content\/uploads\/2023\/04\/FYOB-BRAND_logo-1000x1000.png 1000w, https:\/\/cocreix.ddgi.cat\/web\/wp-content\/uploads\/2023\/04\/FYOB-BRAND_logo-700x700.png 700w, https:\/\/cocreix.ddgi.cat\/web\/wp-content\/uploads\/2023\/04\/FYOB-BRAND_logo.png 1563w\" sizes=\"auto, (max-width: 300px) 100vw, 300px\" \/>[\/vc_column_text][\/vc_column][\/vc_row][vc_row css_animation=&#8221;&#8221; row_type=&#8221;row&#8221; use_row_as_full_screen_section=&#8221;yes&#8221; type=&#8221;grid&#8221; angled_section=&#8221;no&#8221; text_align=&#8221;left&#8221; background_image_as_pattern=&#8221;without_pattern&#8221; z_index=&#8221;&#8221; background_image=&#8221;784&#8243; el_id=&#8221;section_web&#8221; el_class=&#8221;fons_web_www&#8221; background_color=&#8221;#bfbfbf&#8221;][vc_column][vc_empty_space height=&#8221;70px&#8221;][vc_column_text]M\u00e9s informaci\u00f3[\/vc_column_text][vc_empty_space height=&#8221;20px&#8221;][vc_column_text]<\/p>\n<h4><a href=\"https:\/\/fyobbrand.com\/\" target=\"_blank\" rel=\"noopener\">https:\/\/fyobbrand.com\/<\/a><\/h4>\n<p>[\/vc_column_text][vc_empty_space height=&#8221;70px&#8221;][\/vc_column][\/vc_row][vc_row css_animation=&#8221;&#8221; row_type=&#8221;row&#8221; use_row_as_full_screen_section=&#8221;no&#8221; type=&#8221;grid&#8221; angled_section=&#8221;no&#8221; text_align=&#8221;left&#8221; background_image_as_pattern=&#8221;without_pattern&#8221; z_index=&#8221;&#8221; background_color=&#8221;#ffffff&#8221; css=&#8221;.vc_custom_1574687983119{padding-top: 70px !important;}&#8221;][vc_column width=&#8221;1\/3&#8243;][vc_empty_space height=&#8221;70px&#8221;][vc_single_image image=&#8221;17916&#8243; img_size=&#8221;full&#8221; alignment=&#8221;center&#8221; onclick=&#8221;link_image&#8221; qode_css_animation=&#8221;&#8221;][\/vc_column][vc_column width=&#8221;1\/3&#8243;][vc_empty_space height=&#8221;70px&#8221;][vc_single_image image=&#8221;17917&#8243; img_size=&#8221;full&#8221; alignment=&#8221;center&#8221; onclick=&#8221;link_image&#8221; qode_css_animation=&#8221;&#8221;][\/vc_column][vc_column width=&#8221;1\/3&#8243;][vc_empty_space height=&#8221;70px&#8221;][vc_single_image image=&#8221;17918&#8243; img_size=&#8221;full&#8221; alignment=&#8221;center&#8221; onclick=&#8221;link_image&#8221; qode_css_animation=&#8221;&#8221;][\/vc_column][\/vc_row][vc_row css_animation=&#8221;&#8221; row_type=&#8221;row&#8221; use_row_as_full_screen_section=&#8221;no&#8221; type=&#8221;grid&#8221; angled_section=&#8221;no&#8221; text_align=&#8221;left&#8221; background_image_as_pattern=&#8221;without_pattern&#8221; z_index=&#8221;&#8221; background_color=&#8221;#ffffff&#8221;][vc_column width=&#8221;1\/3&#8243;][vc_empty_space height=&#8221;70px&#8221;][vc_single_image image=&#8221;18105&#8243; img_size=&#8221;full&#8221; alignment=&#8221;center&#8221; onclick=&#8221;link_image&#8221; qode_css_animation=&#8221;&#8221;][\/vc_column][vc_column width=&#8221;1\/3&#8243;][vc_empty_space height=&#8221;70px&#8221;][vc_single_image image=&#8221;18106&#8243; img_size=&#8221;full&#8221; alignment=&#8221;center&#8221; onclick=&#8221;link_image&#8221; qode_css_animation=&#8221;&#8221;][\/vc_column][vc_column width=&#8221;1\/3&#8243;][\/vc_column][\/vc_row][vc_row css_animation=&#8221;&#8221; row_type=&#8221;row&#8221; use_row_as_full_screen_section=&#8221;no&#8221; type=&#8221;full_width&#8221; angled_section=&#8221;no&#8221; text_align=&#8221;left&#8221; background_image_as_pattern=&#8221;without_pattern&#8221; z_index=&#8221;&#8221; background_color=&#8221;#ffffff&#8221;][vc_column][vc_empty_space height=&#8221;100px&#8221;][\/vc_column][\/vc_row]<\/p>\n<\/div>","protected":false},"excerpt":{"rendered":"<p>[vc_row css_animation=&#8221;&#8221; row_type=&#8221;row&#8221; use_row_as_full_screen_section=&#8221;no&#8221; type=&#8221;grid&#8221; angled_section=&#8221;no&#8221; text_align=&#8221;left&#8221; background_image_as_pattern=&#8221;without_pattern&#8221; el_id=&#8221;menuinici&#8221; z_index=&#8221;&#8221; background_color=&#8221;#ffffff&#8221; css=&#8221;.vc_custom_1575023726716{padding-top: 70px !important;padding-bottom: 70px !important;}&#8221;][vc_column width=&#8221;1\/2&#8243;][vc_empty_space height=&#8221;30px&#8221;][vc_column_text] FYOB \u00e9s una empresa de roba sostenible sense g\u00e8nere, inclusiva i lligada a valors socials. Mostra una nova manera de veure la vida, desmuntant estereotips i redefinint&#8230;<\/p>\n","protected":false},"author":1,"featured_media":17915,"parent":17415,"menu_order":1,"comment_status":"open","ping_status":"closed","template":"full_width.php","meta":{"inline_featured_image":false,"footnotes":""},"class_list":["post-17913","page","type-page","status-publish","has-post-thumbnail","hentry"],"_links":{"self":[{"href":"https:\/\/cocreix.ddgi.cat\/web\/wp-json\/wp\/v2\/pages\/17913","targetHints":{"allow":["GET"]}}],"collection":[{"href":"https:\/\/cocreix.ddgi.cat\/web\/wp-json\/wp\/v2\/pages"}],"about":[{"href":"https:\/\/cocreix.ddgi.cat\/web\/wp-json\/wp\/v2\/types\/page"}],"author":[{"embeddable":true,"href":"https:\/\/cocreix.ddgi.cat\/web\/wp-json\/wp\/v2\/users\/1"}],"replies":[{"embeddable":true,"href":"https:\/\/cocreix.ddgi.cat\/web\/wp-json\/wp\/v2\/comments?post=17913"}],"version-history":[{"count":4,"href":"https:\/\/cocreix.ddgi.cat\/web\/wp-json\/wp\/v2\/pages\/17913\/revisions"}],"predecessor-version":[{"id":18107,"href":"https:\/\/cocreix.ddgi.cat\/web\/wp-json\/wp\/v2\/pages\/17913\/revisions\/18107"}],"up":[{"embeddable":true,"href":"https:\/\/cocreix.ddgi.cat\/web\/wp-json\/wp\/v2\/pages\/17415"}],"wp:featuredmedia":[{"embeddable":true,"href":"https:\/\/cocreix.ddgi.cat\/web\/wp-json\/wp\/v2\/media\/17915"}],"wp:attachment":[{"href":"https:\/\/cocreix.ddgi.cat\/web\/wp-json\/wp\/v2\/media?parent=17913"}],"curies":[{"name":"wp","href":"https:\/\/api.w.org\/{rel}","templated":true}]}}