{"id":17581,"date":"2022-07-15T07:46:34","date_gmt":"2022-07-15T05:46:34","guid":{"rendered":"https:\/\/cocreix.ddgi.cat\/web\/?page_id=17581"},"modified":"2024-04-22T16:37:54","modified_gmt":"2024-04-22T14:37:54","slug":"premis-projectat","status":"publish","type":"page","link":"https:\/\/cocreix.ddgi.cat\/web\/premis-projectat\/","title":{"rendered":"Premis Projecta&#8217;t"},"content":{"rendered":"<div class=\"wpb-content-wrapper\"><p>[vc_row css_animation=&#8221;&#8221; row_type=&#8221;row&#8221; use_row_as_full_screen_section=&#8221;no&#8221; type=&#8221;grid&#8221; angled_section=&#8221;no&#8221; text_align=&#8221;left&#8221; background_image_as_pattern=&#8221;without_pattern&#8221; css=&#8221;.vc_custom_1657864030248{background-color: #ffffff !important;}&#8221; el_id=&#8221;menuinici&#8221; z_index=&#8221;&#8221;][vc_column width=&#8221;1\/2&#8243;][vc_empty_space height=&#8221;100px&#8221;][vc_column_text]<\/p>\n<h2>Premis Projecta&#8217;t<\/h2>\n<p>[\/vc_column_text][vc_column_text]<\/p>\n<h4>Impulseu el vostre negoci<\/h4>\n<p>[\/vc_column_text][vc_empty_space height=&#8221;27px&#8221;][vc_column_text]La Diputaci\u00f3 de Girona va crear el 2019 els premis Projecta\u2019t,\u00a0 uns guardons que s\u2019adre\u00e7aven a empreses i aut\u00f2noms del territori i que, anualment, premiaven amb un acompanyament personalitzat les deu iniciatives empresarials amb m\u00e9s potencial de creixement.<\/p>\n<p>Despr\u00e9s de quatre edicions els premis s&#8217;han transforat en un servei premanent d\u2019assessorament empresarial.<\/p>\n<p>Consulteu el nou <span style=\"color: #993300;\"><a style=\"color: #993300;\" href=\"https:\/\/cocreix.ddgi.cat\/web\/assessorament-projectat\/\" target=\"_blank\" rel=\"noopener\"><strong>servei d\u2019assessorament empresarial Projecta\u2019t!<\/strong><\/a><\/span>[\/vc_column_text][\/vc_column][vc_column width=&#8221;1\/2&#8243;][vc_empty_space height=&#8221;155px&#8221;]<div class=\"qode_video_box disabled_hover_overlay disabled_hover_zoom\">\r\n\t<a itemprop=\"image\" class=\"qode_video_image\" href=\"https:\/\/youtu.be\/B-kqdgzLOuU\" data-rel=\"prettyPhoto\">\r\n\t\t\t\r\n\t\t\t<img decoding=\"async\" src=\"https:\/\/cocreix.ddgi.cat\/web\/wp-content\/uploads\/2022\/07\/premisprojectat.jpg\" alt=\"https:\/\/youtu.be\/B-kqdgzLOuU\" \/>\r\n\t\t\t<span class=\"qode_video_box_button_holder\">\r\n\t\t\t\t<span class=\"qode_video_box_button\">\r\n\t\t\t\t\t<span class=\"qode_video_box_button_arrow\">\r\n\t\t\t\t\t<\/span>\r\n\t\t\t\t<\/span>\r\n\t\t\t<\/span>\r\n\t\t\t<\/a>\r\n<\/div>[vc_empty_space height=&#8221;100px&#8221;][\/vc_column][\/vc_row][vc_row css_animation=&#8221;&#8221; row_type=&#8221;row&#8221; use_row_as_full_screen_section=&#8221;no&#8221; type=&#8221;grid&#8221; angled_section=&#8221;no&#8221; text_align=&#8221;left&#8221; background_image_as_pattern=&#8221;without_pattern&#8221; css=&#8221;.vc_custom_1657864558864{background-color: #f0f0f0 !important;}&#8221; z_index=&#8221;&#8221;][vc_column][vc_empty_space height=&#8221;100px&#8221;][\/vc_column][\/vc_row][vc_row css_animation=&#8221;&#8221; row_type=&#8221;row&#8221; use_row_as_full_screen_section=&#8221;no&#8221; type=&#8221;grid&#8221; angled_section=&#8221;no&#8221; text_align=&#8221;left&#8221; background_image_as_pattern=&#8221;without_pattern&#8221; css=&#8221;.vc_custom_1657864555249{background-color: #f0f0f0 !important;}&#8221; z_index=&#8221;&#8221;][vc_column width=&#8221;1\/5&#8243;][vc_column_text]<\/p>\n<h2 class=\"xifres\" style=\"text-align: center;\"><span style=\"color: #af2827;\">4<\/span><\/h2>\n<p class=\"xifres-text\" style=\"text-align: center;\">edicions<br \/>\nfinalitzades<\/p>\n<p>[\/vc_column_text][vc_empty_space height=&#8221;66px&#8221;][\/vc_column][vc_column width=&#8221;1\/5&#8243;][vc_column_text]<\/p>\n<h2 class=\"xifres\" style=\"text-align: center;\"><span style=\"color: #af2827;\">36<\/span><\/h2>\n<p class=\"xifres-text\" style=\"text-align: center;\">iniciatives<br \/>\npremiades<\/p>\n<p>[\/vc_column_text][vc_empty_space height=&#8221;66px&#8221;][\/vc_column][vc_column width=&#8221;1\/5&#8243;][vc_column_text]<\/p>\n<h2 class=\"xifres\" style=\"text-align: center;\"><span style=\"color: #af2827;\">73<\/span><\/h2>\n<p class=\"xifres-text\" style=\"text-align: center;\">persones<br \/>\nparticipants<\/p>\n<p>[\/vc_column_text][vc_empty_space height=&#8221;66px&#8221;][\/vc_column][vc_column width=&#8221;1\/5&#8243;][vc_column_text]<\/p>\n<h2 class=\"xifres\" style=\"text-align: center;\"><span style=\"color: #af2827;\">1.385<\/span><\/h2>\n<p class=\"xifres-text\" style=\"text-align: center;\">hores de<br \/>\nmentoria<\/p>\n<p>[\/vc_column_text][vc_empty_space height=&#8221;66px&#8221;][\/vc_column][vc_column width=&#8221;1\/5&#8243;][vc_column_text]<\/p>\n<h2 class=\"xifres\" style=\"text-align: center;\"><span style=\"color: #af2827;\">50<\/span><\/h2>\n<p class=\"xifres-text\" style=\"text-align: center;\">experts<br \/>\nimplicats<\/p>\n<p>[\/vc_column_text][vc_empty_space height=&#8221;100px&#8221;][\/vc_column][\/vc_row][vc_row css_animation=&#8221;&#8221; row_type=&#8221;row&#8221; use_row_as_full_screen_section=&#8221;no&#8221; type=&#8221;grid&#8221; angled_section=&#8221;no&#8221; text_align=&#8221;left&#8221; background_image_as_pattern=&#8221;without_pattern&#8221; css=&#8221;.vc_custom_1657864551710{padding-top: 100px !important;padding-bottom: 50px !important;background-color: #ffffff !important;}&#8221; z_index=&#8221;&#8221;][vc_column][vc_column_text]<\/p>\n<h2>Edicions<\/h2>\n<p>[\/vc_column_text][vc_column_text]<\/p>\n<h4>Consulteu les diverses edicions<\/h4>\n<p>[\/vc_column_text][\/vc_column][\/vc_row][vc_row css_animation=&#8221;&#8221; row_type=&#8221;row&#8221; use_row_as_full_screen_section=&#8221;no&#8221; type=&#8221;grid&#8221; angled_section=&#8221;no&#8221; text_align=&#8221;left&#8221; background_image_as_pattern=&#8221;without_pattern&#8221; css=&#8221;.vc_custom_1657864539930{background-color: #ffffff !important;}&#8221; z_index=&#8221;&#8221;][vc_column width=&#8221;1\/4&#8243;]<div class=\"qode-banner qode-banner-va-center\"><a class=\"qode-banner-link\" href=\"https:\/\/cocreix.ddgi.cat\/web\/premis-projectat-1\/\" target=\"_self\"><\/a><div class=\"qode-banner-image\"><img decoding=\"async\" itemprop=\"image\" src=\"https:\/\/cocreix.ddgi.cat\/web\/wp-content\/uploads\/2022\/07\/xarxes_premis_projectat-300x300-1.jpg\" alt=\"\" \/><\/div><div class=\"qode-banner-content\"><div class=\"qode-banner-content-inner\"><div class=\"qode-banner-text-holder\"><\/div><\/div><\/div><\/div>[vc_empty_space height=&#8221;16px&#8221;][vc_column_text]<\/p>\n<h3><\/h3>\n<h3 style=\"text-align: center;\">Primera edici\u00f3<\/h3>\n<p>[\/vc_column_text][vc_empty_space height=&#8221;66px&#8221;][\/vc_column][vc_column width=&#8221;1\/4&#8243;]<div class=\"qode-banner qode-banner-va-center\"><a class=\"qode-banner-link\" href=\"https:\/\/cocreix.ddgi.cat\/web\/premis-projectat-2\/\" target=\"_self\"><\/a><div class=\"qode-banner-image\"><img decoding=\"async\" itemprop=\"image\" src=\"https:\/\/cocreix.ddgi.cat\/web\/wp-content\/uploads\/2022\/07\/premis-projectat-2020-300x300-1.jpg\" alt=\"\" \/><\/div><div class=\"qode-banner-content\"><div class=\"qode-banner-content-inner\"><div class=\"qode-banner-text-holder\"><\/div><\/div><\/div><\/div>[vc_empty_space height=&#8221;16px&#8221;][vc_column_text]<\/p>\n<h3 style=\"text-align: center;\">Segona edici\u00f3<\/h3>\n<p>[\/vc_column_text][vc_empty_space height=&#8221;66px&#8221;][\/vc_column][vc_column width=&#8221;1\/4&#8243;]<div class=\"qode-banner qode-banner-va-center\"><a class=\"qode-banner-link\" href=\"https:\/\/cocreix.ddgi.cat\/web\/premis-projectat-3\/\" target=\"_self\"><\/a><div class=\"qode-banner-image\"><img decoding=\"async\" itemprop=\"image\" src=\"https:\/\/cocreix.ddgi.cat\/web\/wp-content\/uploads\/2022\/07\/premisprojectat_tercera_edicio.jpg\" alt=\"\" \/><\/div><div class=\"qode-banner-content\"><div class=\"qode-banner-content-inner\"><div class=\"qode-banner-text-holder\"><\/div><\/div><\/div><\/div>[vc_empty_space height=&#8221;16px&#8221;][vc_column_text]<\/p>\n<h3 style=\"text-align: center;\">Tercera edici\u00f3<\/h3>\n<p>[\/vc_column_text][vc_empty_space height=&#8221;66px&#8221;][\/vc_column][vc_column width=&#8221;1\/4&#8243;]<div class=\"qode-banner qode-banner-va-center\"><a class=\"qode-banner-link\" href=\"https:\/\/cocreix.ddgi.cat\/web\/premis-projectat-4\/\" target=\"_self\"><\/a><div class=\"qode-banner-image\"><img decoding=\"async\" itemprop=\"image\" src=\"https:\/\/cocreix.ddgi.cat\/web\/wp-content\/uploads\/2022\/07\/pp4-2022-300x300-1.jpg\" alt=\"\" \/><\/div><div class=\"qode-banner-content\"><div class=\"qode-banner-content-inner\"><div class=\"qode-banner-text-holder\"><\/div><\/div><\/div><\/div>[vc_empty_space height=&#8221;16px&#8221;][vc_column_text]<\/p>\n<h3 style=\"text-align: center;\">Quarta edici\u00f3<\/h3>\n<p>[\/vc_column_text][vc_empty_space height=&#8221;66px&#8221;][\/vc_column][\/vc_row]<\/p>\n<\/div>","protected":false},"excerpt":{"rendered":"<p>[vc_row css_animation=&#8221;&#8221; row_type=&#8221;row&#8221; use_row_as_full_screen_section=&#8221;no&#8221; type=&#8221;grid&#8221; angled_section=&#8221;no&#8221; text_align=&#8221;left&#8221; background_image_as_pattern=&#8221;without_pattern&#8221; css=&#8221;.vc_custom_1657864030248{background-color: #ffffff !important;}&#8221; el_id=&#8221;menuinici&#8221; z_index=&#8221;&#8221;][vc_column width=&#8221;1\/2&#8243;][vc_empty_space height=&#8221;100px&#8221;][vc_column_text] Premis Projecta&#8217;t [\/vc_column_text][vc_column_text] Impulseu el vostre negoci [\/vc_column_text][vc_empty_space height=&#8221;27px&#8221;][vc_column_text]La Diputaci\u00f3 de Girona va crear el 2019 els premis Projecta\u2019t,\u00a0 uns guardons que s\u2019adre\u00e7aven a empreses i aut\u00f2noms del territori i&#8230;<\/p>\n","protected":false},"author":1,"featured_media":0,"parent":0,"menu_order":0,"comment_status":"closed","ping_status":"closed","template":"full_width.php","meta":{"inline_featured_image":false,"footnotes":""},"class_list":["post-17581","page","type-page","status-publish","hentry"],"_links":{"self":[{"href":"https:\/\/cocreix.ddgi.cat\/web\/wp-json\/wp\/v2\/pages\/17581","targetHints":{"allow":["GET"]}}],"collection":[{"href":"https:\/\/cocreix.ddgi.cat\/web\/wp-json\/wp\/v2\/pages"}],"about":[{"href":"https:\/\/cocreix.ddgi.cat\/web\/wp-json\/wp\/v2\/types\/page"}],"author":[{"embeddable":true,"href":"https:\/\/cocreix.ddgi.cat\/web\/wp-json\/wp\/v2\/users\/1"}],"replies":[{"embeddable":true,"href":"https:\/\/cocreix.ddgi.cat\/web\/wp-json\/wp\/v2\/comments?post=17581"}],"version-history":[{"count":94,"href":"https:\/\/cocreix.ddgi.cat\/web\/wp-json\/wp\/v2\/pages\/17581\/revisions"}],"predecessor-version":[{"id":17670,"href":"https:\/\/cocreix.ddgi.cat\/web\/wp-json\/wp\/v2\/pages\/17581\/revisions\/17670"}],"wp:attachment":[{"href":"https:\/\/cocreix.ddgi.cat\/web\/wp-json\/wp\/v2\/media?parent=17581"}],"curies":[{"name":"wp","href":"https:\/\/api.w.org\/{rel}","templated":true}]}}