{"id":16952,"date":"2022-05-10T13:36:18","date_gmt":"2022-05-10T11:36:18","guid":{"rendered":"https:\/\/cocreix.ddgi.cat\/web\/?page_id=16952"},"modified":"2022-06-21T10:54:30","modified_gmt":"2022-06-21T08:54:30","slug":"distribucio","status":"publish","type":"page","link":"https:\/\/cocreix.ddgi.cat\/web\/aula-demprenedoria\/distribucio\/","title":{"rendered":"Distribuci\u00f3"},"content":{"rendered":"<div class=\"wpb-content-wrapper\"><p>[vc_row css_animation=&#8221;&#8221; row_type=&#8221;row&#8221; use_row_as_full_screen_section=&#8221;no&#8221; type=&#8221;grid&#8221; angled_section=&#8221;no&#8221; text_align=&#8221;left&#8221; background_image_as_pattern=&#8221;without_pattern&#8221; css=&#8221;.vc_custom_1635144537082{padding-top: 80px !important;padding-bottom: 40px !important;background-color: #ffffff !important;}&#8221; z_index=&#8221;&#8221;][vc_column][vc_column_text]<div class=\"lyte-wrapper\" style=\"width:1280px;max-width:100%;margin:5px auto;\"><div class=\"lyMe hidef\" id=\"WYL_pkz_Tof5AHo\"><div id=\"lyte_pkz_Tof5AHo\" data-src=\"\/\/i.ytimg.com\/vi\/pkz_Tof5AHo\/maxresdefault.jpg\" class=\"pL\"><div class=\"tC\"><div class=\"tT\"><\/div><\/div><div class=\"play\"><\/div><div class=\"ctrl\"><div class=\"Lctrl\"><\/div><div class=\"Rctrl\"><\/div><\/div><\/div><noscript><a href=\"https:\/\/youtu.be\/pkz_Tof5AHo\" rel=\"nofollow\"><img loading=\"lazy\" decoding=\"async\" src=\"https:\/\/i.ytimg.com\/vi\/pkz_Tof5AHo\/0.jpg\" alt=\"YouTube video thumbnail\" width=\"1280\" height=\"700\" \/><br \/>Watch this video on YouTube<\/a><\/noscript><\/div><\/div><div class=\"lL\" style=\"max-width:100%;width:1280px;margin:5px auto;\"><\/div>[\/vc_column_text][vc_empty_space height=&#8221;25px&#8221;][vc_column_text]<\/p>\n<h3>Distribuci\u00f3<\/h3>\n<p>[\/vc_column_text][vc_column_text]Com dono a con\u00e8ixer el negoci? Com puc planificar una bona estrat\u00e8gia de promoci\u00f3? Ver\u00f3nica Ferrer explica els passos que cal seguir per planificar, definir, executar i avaluar l\u2019estrat\u00e8gia de comunicaci\u00f3 de forma efectiva.[\/vc_column_text][\/vc_column][\/vc_row][vc_row css_animation=&#8221;&#8221; row_type=&#8221;row&#8221; use_row_as_full_screen_section=&#8221;no&#8221; type=&#8221;grid&#8221; angled_section=&#8221;no&#8221; text_align=&#8221;left&#8221; background_image_as_pattern=&#8221;without_pattern&#8221; css=&#8221;.vc_custom_1635149413415{padding-bottom: 80px !important;background-color: #ffffff !important;}&#8221; z_index=&#8221;&#8221;][vc_column width=&#8221;3\/5&#8243;][vc_column_text]<strong>Formadora:<\/strong> Ver\u00f3nica Ferrer<\/p>\n<p><strong>Durada:<\/strong> 9 minuts<\/p>\n<p><strong>Material:<\/strong> formulari quins canals utilitzar<\/p>\n<p><strong>Experi\u00e8ncia: <\/strong>Roser Mart\u00ednez, dissenyadora de joies i CEO de la marca Roser Mart\u00ednez, parla de la seva experi\u00e8ncia en la definici\u00f3 de l\u2019estrat\u00e8gia de distribuci\u00f3.[\/vc_column_text][vc_empty_space height=&#8221;50px&#8221;]<a  itemprop=\"url\" href=\"https:\/\/cocreix.ddgi.cat\/web\/wp-content\/uploads\/2022\/05\/Distribucio.pdf\" target=\"_blank\"  class=\"qbutton  default\" style=\"\">Descarrega el material<\/a>[\/vc_column][vc_column width=&#8221;2\/5&#8243;][vc_column_text]<div class=\"lyte-wrapper\" style=\"width:1280px;max-width:100%;margin:5px auto;\"><div class=\"lyMe hidef\" id=\"WYL_YeJYRSOEVxY\"><div id=\"lyte_YeJYRSOEVxY\" data-src=\"\/\/i.ytimg.com\/vi\/YeJYRSOEVxY\/maxresdefault.jpg\" class=\"pL\"><div class=\"tC\"><div class=\"tT\"><\/div><\/div><div class=\"play\"><\/div><div class=\"ctrl\"><div class=\"Lctrl\"><\/div><div class=\"Rctrl\"><\/div><\/div><\/div><noscript><a href=\"https:\/\/youtu.be\/YeJYRSOEVxY\" rel=\"nofollow\"><img loading=\"lazy\" decoding=\"async\" src=\"https:\/\/i.ytimg.com\/vi\/YeJYRSOEVxY\/0.jpg\" alt=\"YouTube video thumbnail\" width=\"1280\" height=\"700\" \/><br \/>Watch this video on YouTube<\/a><\/noscript><\/div><\/div><div class=\"lL\" style=\"max-width:100%;width:1280px;margin:5px auto;\"><\/div>[\/vc_column_text][\/vc_column][\/vc_row][vc_row css_animation=&#8221;&#8221; row_type=&#8221;row&#8221; use_row_as_full_screen_section=&#8221;no&#8221; type=&#8221;grid&#8221; angled_section=&#8221;no&#8221; text_align=&#8221;left&#8221; background_image_as_pattern=&#8221;without_pattern&#8221; css=&#8221;.vc_custom_1635150397631{padding-top: 0px !important;padding-bottom: 0px !important;background-color: #ffffff !important;}&#8221; z_index=&#8221;&#8221;][vc_column][vc_separator type=&#8221;normal&#8221;][vc_empty_space height=&#8221;50px&#8221;][\/vc_column][\/vc_row][vc_row css_animation=&#8221;&#8221; row_type=&#8221;row&#8221; use_row_as_full_screen_section=&#8221;no&#8221; type=&#8221;grid&#8221; angled_section=&#8221;no&#8221; text_align=&#8221;left&#8221; background_image_as_pattern=&#8221;without_pattern&#8221; css=&#8221;.vc_custom_1635149517663{padding-top: 0px !important;padding-bottom: 0px !important;background-color: #ffffff !important;}&#8221; z_index=&#8221;&#8221;][vc_column][vc_column_text css=&#8221;.vc_custom_1635149547184{padding-bottom: 20px !important;}&#8221;]<\/p>\n<h3>Altres c\u00e0psules recomanades<\/h3>\n<p>[\/vc_column_text][\/vc_column][\/vc_row][vc_row css_animation=&#8221;&#8221; row_type=&#8221;row&#8221; use_row_as_full_screen_section=&#8221;no&#8221; type=&#8221;grid&#8221; angled_section=&#8221;no&#8221; text_align=&#8221;left&#8221; background_image_as_pattern=&#8221;without_pattern&#8221; css=&#8221;.vc_custom_1635147713861{background-color: #ffffff !important;}&#8221; z_index=&#8221;&#8221;][vc_column width=&#8221;1\/4&#8243;]<div class=\"qode-info-card-with-icon\">\n    <div class=\"qode-icwi-image-icon-holder qode-start-icon-hover\">\n\t\t\t\t\t<a href=\"https:\/\/cocreix.ddgi.cat\/web\/aula-demprenedoria\/ser-emprenedor\/\" target=\"_blank\">\n\t\t\t\t\t\t\t<div class=\"qode-icwi-image\">\n\t\t\t\t<img decoding=\"async\" src=\"https:\/\/cocreix.ddgi.cat\/web\/wp-content\/uploads\/2022\/05\/Portada-ser-emprenedor1.jpg\" alt=\"\" \/>\n\t\t\t<\/div>\n\t\t\t\t<div class=\"qode-icwi-icon-holder\">\n\t\t\t<span class=\"qode-icon-holder qode-icon-circle qode-icon-small\"  style=\"background-color:rgba(252,252,252,0.8)\" data-hover-background-color=\"#ffffff\" data-hover-color=\"#000000\" data-color=\"rgba(104,104,104,0.75)\">\n\t\t\t\t<i class=\"qode_icon_font_awesome fa fa-play qode-icon-element\" style=\"color:rgba(104,104,104,0.75)\" ><\/i>\t\t\t<\/span>\n\t\t<\/div>\n\t\t\t\t\t<\/a>\n\t\t\t<\/div>\n\t<div class=\"qode-icwi-text-holder\">\n\t\t\t\t\t<h4 class=\"qode-icwi-title\">\n\t\t\t\tSer emprenedor\t\t\t<\/h4>\n\t\t\t\t\t\t\t<p class=\"qode-icwi-text\">\n\t\t\t\tQu\u00e8 cal per ser un bon emprenedor?\t\t\t<\/p>\n\t\t\t<\/div>\n<\/div>[vc_empty_space height=&#8221;8px&#8221;][\/vc_column][vc_column width=&#8221;1\/4&#8243;]<div class=\"qode-info-card-with-icon\">\n    <div class=\"qode-icwi-image-icon-holder qode-start-icon-hover\">\n\t\t\t\t\t<a href=\"https:\/\/cocreix.ddgi.cat\/web\/aula-demprenedoria\/validacio-didees\/%20\" target=\"_blank\">\n\t\t\t\t\t\t\t<div class=\"qode-icwi-image\">\n\t\t\t\t<img decoding=\"async\" src=\"https:\/\/cocreix.ddgi.cat\/web\/wp-content\/uploads\/2022\/05\/Portada-validacio-idees1.jpg\" alt=\"\" \/>\n\t\t\t<\/div>\n\t\t\t\t<div class=\"qode-icwi-icon-holder\">\n\t\t\t<span class=\"qode-icon-holder qode-icon-circle qode-icon-small\"  style=\"background-color:rgba(252,252,252,0.8)\" data-hover-background-color=\"#ffffff\" data-hover-color=\"#000000\" data-color=\"rgba(104,104,104,0.75)\">\n\t\t\t\t<i class=\"qode_icon_font_awesome fa fa-play qode-icon-element\" style=\"color:rgba(104,104,104,0.75)\" ><\/i>\t\t\t<\/span>\n\t\t<\/div>\n\t\t\t\t\t<\/a>\n\t\t\t<\/div>\n\t<div class=\"qode-icwi-text-holder\">\n\t\t\t\t\t<h4 class=\"qode-icwi-title\">\n\t\t\t\tValidaci\u00f3 d\u2019idees \t\t\t<\/h4>\n\t\t\t\t\t\t\t<p class=\"qode-icwi-text\">\n\t\t\t\tCom puc saber si la meva idea pot tenir \u00e8xit?\t\t\t<\/p>\n\t\t\t<\/div>\n<\/div>[vc_empty_space height=&#8221;8px&#8221;][\/vc_column][vc_column width=&#8221;1\/4&#8243;]<div class=\"qode-info-card-with-icon\">\n    <div class=\"qode-icwi-image-icon-holder qode-start-icon-hover\">\n\t\t\t\t\t<a href=\"https:\/\/cocreix.ddgi.cat\/web\/aula-demprenedoria\/formes-juridiques\/\" target=\"_blank\">\n\t\t\t\t\t\t\t<div class=\"qode-icwi-image\">\n\t\t\t\t<img decoding=\"async\" src=\"https:\/\/cocreix.ddgi.cat\/web\/wp-content\/uploads\/2022\/05\/Portada-formes-juridiques.jpg\" alt=\"\" \/>\n\t\t\t<\/div>\n\t\t\t\t<div class=\"qode-icwi-icon-holder\">\n\t\t\t<span class=\"qode-icon-holder qode-icon-circle qode-icon-small\"  style=\"background-color:rgba(252,252,252,0.8)\" data-hover-background-color=\"#ffffff\" data-hover-color=\"#000000\" data-color=\"rgba(104,104,104,0.75)\">\n\t\t\t\t<i class=\"qode_icon_font_awesome fa fa-play qode-icon-element\" style=\"color:rgba(104,104,104,0.75)\" ><\/i>\t\t\t<\/span>\n\t\t<\/div>\n\t\t\t\t\t<\/a>\n\t\t\t<\/div>\n\t<div class=\"qode-icwi-text-holder\">\n\t\t\t\t\t<h4 class=\"qode-icwi-title\">\n\t\t\t\tFormes jur\u00eddiques\t\t\t<\/h4>\n\t\t\t\t\t\t\t<p class=\"qode-icwi-text\">\n\t\t\t\tQuina forma jur\u00eddica em conv\u00e9 m\u00e9s?\t\t\t<\/p>\n\t\t\t<\/div>\n<\/div>[vc_empty_space height=&#8221;8px&#8221;][\/vc_column][vc_column width=&#8221;1\/4&#8243;]<div class=\"qode-info-card-with-icon\">\n    <div class=\"qode-icwi-image-icon-holder qode-start-icon-hover\">\n\t\t\t\t\t<a href=\"https:\/\/cocreix.ddgi.cat\/web\/aula-demprenedoria\/pla-economic-i-financer\/\" target=\"_blank\">\n\t\t\t\t\t\t\t<div class=\"qode-icwi-image\">\n\t\t\t\t<img decoding=\"async\" src=\"https:\/\/cocreix.ddgi.cat\/web\/wp-content\/uploads\/2022\/05\/Portada-pla-financer.jpg\" alt=\"\" \/>\n\t\t\t<\/div>\n\t\t\t\t<div class=\"qode-icwi-icon-holder\">\n\t\t\t<span class=\"qode-icon-holder qode-icon-circle qode-icon-small\"  style=\"background-color:rgba(252,252,252,0.8)\" data-hover-background-color=\"#ffffff\" data-hover-color=\"#000000\" data-color=\"rgba(104,104,104,0.75)\">\n\t\t\t\t<i class=\"qode_icon_font_awesome fa fa-play qode-icon-element\" style=\"color:rgba(104,104,104,0.75)\" ><\/i>\t\t\t<\/span>\n\t\t<\/div>\n\t\t\t\t\t<\/a>\n\t\t\t<\/div>\n\t<div class=\"qode-icwi-text-holder\">\n\t\t\t\t\t<h4 class=\"qode-icwi-title\">\n\t\t\t\tPla econ\u00f2mic i financer\t\t\t<\/h4>\n\t\t\t\t\t\t\t<p class=\"qode-icwi-text\">\n\t\t\t\tQuants diners necessito?\t\t\t<\/p>\n\t\t\t<\/div>\n<\/div>[vc_empty_space height=&#8221;8px&#8221;][\/vc_column][\/vc_row]<\/p>\n<\/div>","protected":false},"excerpt":{"rendered":"<p>[vc_row css_animation=&#8221;&#8221; row_type=&#8221;row&#8221; use_row_as_full_screen_section=&#8221;no&#8221; type=&#8221;grid&#8221; angled_section=&#8221;no&#8221; text_align=&#8221;left&#8221; background_image_as_pattern=&#8221;without_pattern&#8221; css=&#8221;.vc_custom_1635144537082{padding-top: 80px !important;padding-bottom: 40px !important;background-color: #ffffff !important;}&#8221; z_index=&#8221;&#8221;][vc_column][vc_column_text][\/vc_column_text][vc_empty_space height=&#8221;25px&#8221;][vc_column_text] Distribuci\u00f3 [\/vc_column_text][vc_column_text]Com dono a con\u00e8ixer el negoci? Com puc planificar una bona estrat\u00e8gia de promoci\u00f3? Ver\u00f3nica Ferrer explica els passos que cal seguir per planificar, definir, executar i&#8230;<\/p>\n","protected":false},"author":1,"featured_media":16755,"parent":16316,"menu_order":0,"comment_status":"closed","ping_status":"closed","template":"full_width.php","meta":{"inline_featured_image":false,"footnotes":""},"class_list":["post-16952","page","type-page","status-publish","has-post-thumbnail","hentry"],"_links":{"self":[{"href":"https:\/\/cocreix.ddgi.cat\/web\/wp-json\/wp\/v2\/pages\/16952","targetHints":{"allow":["GET"]}}],"collection":[{"href":"https:\/\/cocreix.ddgi.cat\/web\/wp-json\/wp\/v2\/pages"}],"about":[{"href":"https:\/\/cocreix.ddgi.cat\/web\/wp-json\/wp\/v2\/types\/page"}],"author":[{"embeddable":true,"href":"https:\/\/cocreix.ddgi.cat\/web\/wp-json\/wp\/v2\/users\/1"}],"replies":[{"embeddable":true,"href":"https:\/\/cocreix.ddgi.cat\/web\/wp-json\/wp\/v2\/comments?post=16952"}],"version-history":[{"count":2,"href":"https:\/\/cocreix.ddgi.cat\/web\/wp-json\/wp\/v2\/pages\/16952\/revisions"}],"predecessor-version":[{"id":16969,"href":"https:\/\/cocreix.ddgi.cat\/web\/wp-json\/wp\/v2\/pages\/16952\/revisions\/16969"}],"up":[{"embeddable":true,"href":"https:\/\/cocreix.ddgi.cat\/web\/wp-json\/wp\/v2\/pages\/16316"}],"wp:featuredmedia":[{"embeddable":true,"href":"https:\/\/cocreix.ddgi.cat\/web\/wp-json\/wp\/v2\/media\/16755"}],"wp:attachment":[{"href":"https:\/\/cocreix.ddgi.cat\/web\/wp-json\/wp\/v2\/media?parent=16952"}],"curies":[{"name":"wp","href":"https:\/\/api.w.org\/{rel}","templated":true}]}}