{"id":16943,"date":"2022-05-10T13:28:54","date_gmt":"2022-05-10T11:28:54","guid":{"rendered":"https:\/\/cocreix.ddgi.cat\/web\/?page_id=16943"},"modified":"2022-06-21T10:53:17","modified_gmt":"2022-06-21T08:53:17","slug":"preu","status":"publish","type":"page","link":"https:\/\/cocreix.ddgi.cat\/web\/aula-demprenedoria\/preu\/","title":{"rendered":"Preu"},"content":{"rendered":"<div class=\"wpb-content-wrapper\"><p>[vc_row css_animation=&#8221;&#8221; row_type=&#8221;row&#8221; use_row_as_full_screen_section=&#8221;no&#8221; type=&#8221;grid&#8221; angled_section=&#8221;no&#8221; text_align=&#8221;left&#8221; background_image_as_pattern=&#8221;without_pattern&#8221; css=&#8221;.vc_custom_1635144537082{padding-top: 80px !important;padding-bottom: 40px !important;background-color: #ffffff !important;}&#8221; z_index=&#8221;&#8221;][vc_column][vc_column_text]<div class=\"lyte-wrapper\" style=\"width:1280px;max-width:100%;margin:5px auto;\"><div class=\"lyMe hidef\" id=\"WYL_xSBrHct8Xqs\"><div id=\"lyte_xSBrHct8Xqs\" data-src=\"\/\/i.ytimg.com\/vi\/xSBrHct8Xqs\/maxresdefault.jpg\" class=\"pL\"><div class=\"tC\"><div class=\"tT\"><\/div><\/div><div class=\"play\"><\/div><div class=\"ctrl\"><div class=\"Lctrl\"><\/div><div class=\"Rctrl\"><\/div><\/div><\/div><noscript><a href=\"https:\/\/youtu.be\/xSBrHct8Xqs\" rel=\"nofollow\"><img loading=\"lazy\" decoding=\"async\" src=\"https:\/\/i.ytimg.com\/vi\/xSBrHct8Xqs\/0.jpg\" alt=\"YouTube video thumbnail\" width=\"1280\" height=\"700\" \/><br \/>Watch this video on YouTube<\/a><\/noscript><\/div><\/div><div class=\"lL\" style=\"max-width:100%;width:1280px;margin:5px auto;\"><\/div>[\/vc_column_text][vc_empty_space height=&#8221;25px&#8221;][vc_column_text]<\/p>\n<h3><strong>Preu<\/strong><\/h3>\n<p>[\/vc_column_text][vc_column_text]Com calculo el preu del producte? Quina \u00e9s la millor estrat\u00e8gia de preus que puc aplicar? Ver\u00f3nica Ferrer explica les diverses f\u00f3rmules per calcular el preu del producte i com aplicar una estrat\u00e8gia de preus que el posicioni en el mercat.[\/vc_column_text][\/vc_column][\/vc_row][vc_row css_animation=&#8221;&#8221; row_type=&#8221;row&#8221; use_row_as_full_screen_section=&#8221;no&#8221; type=&#8221;grid&#8221; angled_section=&#8221;no&#8221; text_align=&#8221;left&#8221; background_image_as_pattern=&#8221;without_pattern&#8221; css=&#8221;.vc_custom_1635149413415{padding-bottom: 80px !important;background-color: #ffffff !important;}&#8221; z_index=&#8221;&#8221;][vc_column width=&#8221;3\/5&#8243;][vc_column_text]<strong>Formadora:<\/strong> Ver\u00f3nica Ferrer<\/p>\n<p><strong>Durada:<\/strong> 11 minuts<\/p>\n<p><strong>Material:<\/strong> formulari com calcular el preu<\/p>\n<p><strong>Experi\u00e8ncia: <\/strong>Marc Ravent\u00f3s, fundador de S\u00fccs, parla de com van determinar a l\u2019empresa la pol\u00edtica de preus.[\/vc_column_text][vc_empty_space height=&#8221;50px&#8221;]<a  itemprop=\"url\" href=\"https:\/\/cocreix.ddgi.cat\/web\/wp-content\/uploads\/2022\/05\/Preu.pdf\" target=\"_blank\"  class=\"qbutton  default\" style=\"\">Descarrega el material<\/a>[\/vc_column][vc_column width=&#8221;2\/5&#8243;][vc_column_text]<div class=\"lyte-wrapper\" style=\"width:1280px;max-width:100%;margin:5px auto;\"><div class=\"lyMe hidef\" id=\"WYL_zhRiDlY9gTA\"><div id=\"lyte_zhRiDlY9gTA\" data-src=\"\/\/i.ytimg.com\/vi\/zhRiDlY9gTA\/maxresdefault.jpg\" class=\"pL\"><div class=\"tC\"><div class=\"tT\"><\/div><\/div><div class=\"play\"><\/div><div class=\"ctrl\"><div class=\"Lctrl\"><\/div><div class=\"Rctrl\"><\/div><\/div><\/div><noscript><a href=\"https:\/\/youtu.be\/zhRiDlY9gTA\" rel=\"nofollow\"><img loading=\"lazy\" decoding=\"async\" src=\"https:\/\/i.ytimg.com\/vi\/zhRiDlY9gTA\/0.jpg\" alt=\"YouTube video thumbnail\" width=\"1280\" height=\"700\" \/><br \/>Watch this video on YouTube<\/a><\/noscript><\/div><\/div><div class=\"lL\" style=\"max-width:100%;width:1280px;margin:5px auto;\"><\/div>[\/vc_column_text][\/vc_column][\/vc_row][vc_row css_animation=&#8221;&#8221; row_type=&#8221;row&#8221; use_row_as_full_screen_section=&#8221;no&#8221; type=&#8221;grid&#8221; angled_section=&#8221;no&#8221; text_align=&#8221;left&#8221; background_image_as_pattern=&#8221;without_pattern&#8221; css=&#8221;.vc_custom_1635150397631{padding-top: 0px !important;padding-bottom: 0px !important;background-color: #ffffff !important;}&#8221; z_index=&#8221;&#8221;][vc_column][vc_separator type=&#8221;normal&#8221;][vc_empty_space height=&#8221;50px&#8221;][\/vc_column][\/vc_row][vc_row css_animation=&#8221;&#8221; row_type=&#8221;row&#8221; use_row_as_full_screen_section=&#8221;no&#8221; type=&#8221;grid&#8221; angled_section=&#8221;no&#8221; text_align=&#8221;left&#8221; background_image_as_pattern=&#8221;without_pattern&#8221; css=&#8221;.vc_custom_1635149517663{padding-top: 0px !important;padding-bottom: 0px !important;background-color: #ffffff !important;}&#8221; z_index=&#8221;&#8221;][vc_column][vc_column_text css=&#8221;.vc_custom_1635149547184{padding-bottom: 20px !important;}&#8221;]<\/p>\n<h3>Altres c\u00e0psules recomanades<\/h3>\n<p>[\/vc_column_text][\/vc_column][\/vc_row][vc_row css_animation=&#8221;&#8221; row_type=&#8221;row&#8221; use_row_as_full_screen_section=&#8221;no&#8221; type=&#8221;grid&#8221; angled_section=&#8221;no&#8221; text_align=&#8221;left&#8221; background_image_as_pattern=&#8221;without_pattern&#8221; css=&#8221;.vc_custom_1635147713861{background-color: #ffffff !important;}&#8221; z_index=&#8221;&#8221;][vc_column width=&#8221;1\/4&#8243;]<div class=\"qode-info-card-with-icon\">\n    <div class=\"qode-icwi-image-icon-holder qode-start-icon-hover\">\n\t\t\t\t\t<a href=\"https:\/\/cocreix.ddgi.cat\/web\/aula-demprenedoria\/promocio\/\" target=\"_blank\">\n\t\t\t\t\t\t\t<div class=\"qode-icwi-image\">\n\t\t\t\t<img decoding=\"async\" src=\"https:\/\/cocreix.ddgi.cat\/web\/wp-content\/uploads\/2022\/05\/Portada-promocio1.jpg\" alt=\"\" \/>\n\t\t\t<\/div>\n\t\t\t\t<div class=\"qode-icwi-icon-holder\">\n\t\t\t<span class=\"qode-icon-holder qode-icon-circle qode-icon-small\"  style=\"background-color:rgba(252,252,252,0.8)\" data-hover-background-color=\"#ffffff\" data-hover-color=\"#000000\" data-color=\"rgba(104,104,104,0.75)\">\n\t\t\t\t<i class=\"qode_icon_font_awesome fa fa-play qode-icon-element\" style=\"color:rgba(104,104,104,0.75)\" ><\/i>\t\t\t<\/span>\n\t\t<\/div>\n\t\t\t\t\t<\/a>\n\t\t\t<\/div>\n\t<div class=\"qode-icwi-text-holder\">\n\t\t\t\t\t<h4 class=\"qode-icwi-title\">\n\t\t\t\tPromoci\u00f3\t\t\t<\/h4>\n\t\t\t\t\t\t\t<p class=\"qode-icwi-text\">\n\t\t\t\tCom dono a con\u00e8ixer el negoci?\t\t\t<\/p>\n\t\t\t<\/div>\n<\/div>[vc_empty_space height=&#8221;8px&#8221;][\/vc_column][vc_column width=&#8221;1\/4&#8243;]<div class=\"qode-info-card-with-icon\">\n    <div class=\"qode-icwi-image-icon-holder qode-start-icon-hover\">\n\t\t\t\t\t<a href=\"https:\/\/cocreix.ddgi.cat\/web\/aula-demprenedoria\/distribucio\/\" target=\"_blank\">\n\t\t\t\t\t\t\t<div class=\"qode-icwi-image\">\n\t\t\t\t<img decoding=\"async\" src=\"https:\/\/cocreix.ddgi.cat\/web\/wp-content\/uploads\/2022\/05\/Portada-distribuacio.jpg\" alt=\"\" \/>\n\t\t\t<\/div>\n\t\t\t\t<div class=\"qode-icwi-icon-holder\">\n\t\t\t<span class=\"qode-icon-holder qode-icon-circle qode-icon-small\"  style=\"background-color:rgba(252,252,252,0.8)\" data-hover-background-color=\"#ffffff\" data-hover-color=\"#000000\" data-color=\"rgba(104,104,104,0.75)\">\n\t\t\t\t<i class=\"qode_icon_font_awesome fa fa-play qode-icon-element\" style=\"color:rgba(104,104,104,0.75)\" ><\/i>\t\t\t<\/span>\n\t\t<\/div>\n\t\t\t\t\t<\/a>\n\t\t\t<\/div>\n\t<div class=\"qode-icwi-text-holder\">\n\t\t\t\t\t<h4 class=\"qode-icwi-title\">\n\t\t\t\tDistribuci\u00f3\t\t\t<\/h4>\n\t\t\t\t\t\t\t<p class=\"qode-icwi-text\">\n\t\t\t\tCom decidir el canal de distribuci\u00f3?\t\t\t<\/p>\n\t\t\t<\/div>\n<\/div>[vc_empty_space height=&#8221;8px&#8221;][\/vc_column][vc_column width=&#8221;1\/4&#8243;]<div class=\"qode-info-card-with-icon\">\n    <div class=\"qode-icwi-image-icon-holder qode-start-icon-hover\">\n\t\t\t\t\t<a href=\"https:\/\/cocreix.ddgi.cat\/web\/aula-demprenedoria\/ser-emprenedor\/\" target=\"_blank\">\n\t\t\t\t\t\t\t<div class=\"qode-icwi-image\">\n\t\t\t\t<img decoding=\"async\" src=\"https:\/\/cocreix.ddgi.cat\/web\/wp-content\/uploads\/2022\/05\/Portada-ser-emprenedor1.jpg\" alt=\"\" \/>\n\t\t\t<\/div>\n\t\t\t\t<div class=\"qode-icwi-icon-holder\">\n\t\t\t<span class=\"qode-icon-holder qode-icon-circle qode-icon-small\"  style=\"background-color:rgba(252,252,252,0.8)\" data-hover-background-color=\"#ffffff\" data-hover-color=\"#000000\" data-color=\"rgba(104,104,104,0.75)\">\n\t\t\t\t<i class=\"qode_icon_font_awesome fa fa-play qode-icon-element\" style=\"color:rgba(104,104,104,0.75)\" ><\/i>\t\t\t<\/span>\n\t\t<\/div>\n\t\t\t\t\t<\/a>\n\t\t\t<\/div>\n\t<div class=\"qode-icwi-text-holder\">\n\t\t\t\t\t<h4 class=\"qode-icwi-title\">\n\t\t\t\tSer emprenedor\t\t\t<\/h4>\n\t\t\t\t\t\t\t<p class=\"qode-icwi-text\">\n\t\t\t\tQu\u00e8 cal per ser un bon emprenedor?\t\t\t<\/p>\n\t\t\t<\/div>\n<\/div>[vc_empty_space height=&#8221;8px&#8221;][\/vc_column][vc_column width=&#8221;1\/4&#8243;]<div class=\"qode-info-card-with-icon\">\n    <div class=\"qode-icwi-image-icon-holder qode-start-icon-hover\">\n\t\t\t\t\t<a href=\"https:\/\/cocreix.ddgi.cat\/web\/aula-demprenedoria\/validacio-didees\/\" target=\"_blank\">\n\t\t\t\t\t\t\t<div class=\"qode-icwi-image\">\n\t\t\t\t<img decoding=\"async\" src=\"https:\/\/cocreix.ddgi.cat\/web\/wp-content\/uploads\/2022\/05\/Portada-validacio-idees1.jpg\" alt=\"\" \/>\n\t\t\t<\/div>\n\t\t\t\t<div class=\"qode-icwi-icon-holder\">\n\t\t\t<span class=\"qode-icon-holder qode-icon-circle qode-icon-small\"  style=\"background-color:rgba(252,252,252,0.8)\" data-hover-background-color=\"#ffffff\" data-hover-color=\"#000000\" data-color=\"rgba(104,104,104,0.75)\">\n\t\t\t\t<i class=\"qode_icon_font_awesome fa fa-play qode-icon-element\" style=\"color:rgba(104,104,104,0.75)\" ><\/i>\t\t\t<\/span>\n\t\t<\/div>\n\t\t\t\t\t<\/a>\n\t\t\t<\/div>\n\t<div class=\"qode-icwi-text-holder\">\n\t\t\t\t\t<h4 class=\"qode-icwi-title\">\n\t\t\t\tValidaci\u00f3 d\u2019idees\t\t\t<\/h4>\n\t\t\t\t\t\t\t<p class=\"qode-icwi-text\">\n\t\t\t\tCom puc saber si la meva idea pot tenir \u00e8xit?\t\t\t<\/p>\n\t\t\t<\/div>\n<\/div>[vc_empty_space height=&#8221;8px&#8221;][\/vc_column][\/vc_row]<\/p>\n<\/div>","protected":false},"excerpt":{"rendered":"<p>[vc_row css_animation=&#8221;&#8221; row_type=&#8221;row&#8221; use_row_as_full_screen_section=&#8221;no&#8221; type=&#8221;grid&#8221; angled_section=&#8221;no&#8221; text_align=&#8221;left&#8221; background_image_as_pattern=&#8221;without_pattern&#8221; css=&#8221;.vc_custom_1635144537082{padding-top: 80px !important;padding-bottom: 40px !important;background-color: #ffffff !important;}&#8221; z_index=&#8221;&#8221;][vc_column][vc_column_text][\/vc_column_text][vc_empty_space height=&#8221;25px&#8221;][vc_column_text] Preu [\/vc_column_text][vc_column_text]Com calculo el preu del producte? Quina \u00e9s la millor estrat\u00e8gia de preus que puc aplicar? Ver\u00f3nica Ferrer explica les diverses f\u00f3rmules per calcular el preu del&#8230;<\/p>\n","protected":false},"author":1,"featured_media":16753,"parent":16316,"menu_order":0,"comment_status":"closed","ping_status":"closed","template":"full_width.php","meta":{"inline_featured_image":false,"footnotes":""},"class_list":["post-16943","page","type-page","status-publish","has-post-thumbnail","hentry"],"_links":{"self":[{"href":"https:\/\/cocreix.ddgi.cat\/web\/wp-json\/wp\/v2\/pages\/16943","targetHints":{"allow":["GET"]}}],"collection":[{"href":"https:\/\/cocreix.ddgi.cat\/web\/wp-json\/wp\/v2\/pages"}],"about":[{"href":"https:\/\/cocreix.ddgi.cat\/web\/wp-json\/wp\/v2\/types\/page"}],"author":[{"embeddable":true,"href":"https:\/\/cocreix.ddgi.cat\/web\/wp-json\/wp\/v2\/users\/1"}],"replies":[{"embeddable":true,"href":"https:\/\/cocreix.ddgi.cat\/web\/wp-json\/wp\/v2\/comments?post=16943"}],"version-history":[{"count":5,"href":"https:\/\/cocreix.ddgi.cat\/web\/wp-json\/wp\/v2\/pages\/16943\/revisions"}],"predecessor-version":[{"id":16967,"href":"https:\/\/cocreix.ddgi.cat\/web\/wp-json\/wp\/v2\/pages\/16943\/revisions\/16967"}],"up":[{"embeddable":true,"href":"https:\/\/cocreix.ddgi.cat\/web\/wp-json\/wp\/v2\/pages\/16316"}],"wp:featuredmedia":[{"embeddable":true,"href":"https:\/\/cocreix.ddgi.cat\/web\/wp-json\/wp\/v2\/media\/16753"}],"wp:attachment":[{"href":"https:\/\/cocreix.ddgi.cat\/web\/wp-json\/wp\/v2\/media?parent=16943"}],"curies":[{"name":"wp","href":"https:\/\/api.w.org\/{rel}","templated":true}]}}