{"id":16728,"date":"2022-05-09T14:23:33","date_gmt":"2022-05-09T12:23:33","guid":{"rendered":"https:\/\/cocreix.ddgi.cat\/web\/?page_id=16728"},"modified":"2022-06-21T10:50:43","modified_gmt":"2022-06-21T08:50:43","slug":"ser-emprenedor","status":"publish","type":"page","link":"https:\/\/cocreix.ddgi.cat\/web\/aula-demprenedoria\/ser-emprenedor\/","title":{"rendered":"Ser emprenedor"},"content":{"rendered":"<div class=\"wpb-content-wrapper\"><p>[vc_row css_animation=&#8221;&#8221; row_type=&#8221;row&#8221; use_row_as_full_screen_section=&#8221;no&#8221; type=&#8221;grid&#8221; angled_section=&#8221;no&#8221; text_align=&#8221;left&#8221; background_image_as_pattern=&#8221;without_pattern&#8221; css=&#8221;.vc_custom_1635144537082{padding-top: 80px !important;padding-bottom: 40px !important;background-color: #ffffff !important;}&#8221; z_index=&#8221;&#8221;][vc_column][vc_column_text]<div class=\"lyte-wrapper\" style=\"width:1280px;max-width:100%;margin:5px auto;\"><div class=\"lyMe hidef\" id=\"WYL_YAxlQ7vPCOA\"><div id=\"lyte_YAxlQ7vPCOA\" data-src=\"\/\/i.ytimg.com\/vi\/YAxlQ7vPCOA\/maxresdefault.jpg\" class=\"pL\"><div class=\"tC\"><div class=\"tT\"><\/div><\/div><div class=\"play\"><\/div><div class=\"ctrl\"><div class=\"Lctrl\"><\/div><div class=\"Rctrl\"><\/div><\/div><\/div><noscript><a href=\"https:\/\/youtu.be\/YAxlQ7vPCOA\" rel=\"nofollow\"><img loading=\"lazy\" decoding=\"async\" src=\"https:\/\/i.ytimg.com\/vi\/YAxlQ7vPCOA\/0.jpg\" alt=\"YouTube video thumbnail\" width=\"1280\" height=\"700\" \/><br \/>Watch this video on YouTube<\/a><\/noscript><\/div><\/div><div class=\"lL\" style=\"max-width:100%;width:1280px;margin:5px auto;\"><\/div>[\/vc_column_text][vc_empty_space height=&#8221;25px&#8221;][vc_column_text]<\/p>\n<h3>Ser emprenedor<\/h3>\n<p>[\/vc_column_text][vc_column_text]Puc ser una persona emprenedora? Qu\u00e8 cal per ser un bon emprenedor? Maria Batet exposa quins s\u00f3n els elements essencials que s\u2019hauria de preguntar qualsevol persona que vol tirar endavant un projecte de negoci.[\/vc_column_text][\/vc_column][\/vc_row][vc_row css_animation=&#8221;&#8221; row_type=&#8221;row&#8221; use_row_as_full_screen_section=&#8221;no&#8221; type=&#8221;grid&#8221; angled_section=&#8221;no&#8221; text_align=&#8221;left&#8221; background_image_as_pattern=&#8221;without_pattern&#8221; css=&#8221;.vc_custom_1635149413415{padding-bottom: 80px !important;background-color: #ffffff !important;}&#8221; z_index=&#8221;&#8221;][vc_column width=&#8221;3\/5&#8243;][vc_column_text]<strong>Formadora:<\/strong> Maria Batet<\/p>\n<p><strong>Durada:<\/strong> 17 minuts<\/p>\n<p><strong>Material:<\/strong> q\u00fcestionari sobre actitud emprenedora<\/p>\n<p><strong>Experi\u00e8ncia:<\/strong> Aleix Gorgori\u00f3, fundador de Rem Studio, parla sobre la seva visi\u00f3 de qu\u00e8 vol dir ser emprenedor.[\/vc_column_text][vc_empty_space height=&#8221;50px&#8221;]<a  itemprop=\"url\" href=\"https:\/\/cocreix.ddgi.cat\/web\/wp-content\/uploads\/2022\/05\/Ser-emprenedor.pdf\" target=\"_blank\"  class=\"qbutton  default\" style=\"\">Descarrega el material<\/a>[\/vc_column][vc_column width=&#8221;2\/5&#8243;][vc_column_text]<div class=\"lyte-wrapper\" style=\"width:1280px;max-width:100%;margin:5px auto;\"><div class=\"lyMe hidef\" id=\"WYL_nhc51SywumI\"><div id=\"lyte_nhc51SywumI\" data-src=\"\/\/i.ytimg.com\/vi\/nhc51SywumI\/maxresdefault.jpg\" class=\"pL\"><div class=\"tC\"><div class=\"tT\"><\/div><\/div><div class=\"play\"><\/div><div class=\"ctrl\"><div class=\"Lctrl\"><\/div><div class=\"Rctrl\"><\/div><\/div><\/div><noscript><a href=\"https:\/\/youtu.be\/nhc51SywumI\" rel=\"nofollow\"><img loading=\"lazy\" decoding=\"async\" src=\"https:\/\/i.ytimg.com\/vi\/nhc51SywumI\/0.jpg\" alt=\"YouTube video thumbnail\" width=\"1280\" height=\"700\" \/><br \/>Watch this video on YouTube<\/a><\/noscript><\/div><\/div><div class=\"lL\" style=\"max-width:100%;width:1280px;margin:5px auto;\"><\/div>[\/vc_column_text][\/vc_column][\/vc_row][vc_row css_animation=&#8221;&#8221; row_type=&#8221;row&#8221; use_row_as_full_screen_section=&#8221;no&#8221; type=&#8221;grid&#8221; angled_section=&#8221;no&#8221; text_align=&#8221;left&#8221; background_image_as_pattern=&#8221;without_pattern&#8221; css=&#8221;.vc_custom_1635150397631{padding-top: 0px !important;padding-bottom: 0px !important;background-color: #ffffff !important;}&#8221; z_index=&#8221;&#8221;][vc_column][vc_separator type=&#8221;normal&#8221;][vc_empty_space height=&#8221;50px&#8221;][\/vc_column][\/vc_row][vc_row css_animation=&#8221;&#8221; row_type=&#8221;row&#8221; use_row_as_full_screen_section=&#8221;no&#8221; type=&#8221;grid&#8221; angled_section=&#8221;no&#8221; text_align=&#8221;left&#8221; background_image_as_pattern=&#8221;without_pattern&#8221; css=&#8221;.vc_custom_1635149517663{padding-top: 0px !important;padding-bottom: 0px !important;background-color: #ffffff !important;}&#8221; z_index=&#8221;&#8221;][vc_column][vc_column_text css=&#8221;.vc_custom_1635149547184{padding-bottom: 20px !important;}&#8221;]<\/p>\n<h3>Altres c\u00e0psules recomanades<\/h3>\n<p>[\/vc_column_text][\/vc_column][\/vc_row][vc_row css_animation=&#8221;&#8221; row_type=&#8221;row&#8221; use_row_as_full_screen_section=&#8221;no&#8221; type=&#8221;grid&#8221; angled_section=&#8221;no&#8221; text_align=&#8221;left&#8221; background_image_as_pattern=&#8221;without_pattern&#8221; css=&#8221;.vc_custom_1635147713861{background-color: #ffffff !important;}&#8221; z_index=&#8221;&#8221;][vc_column width=&#8221;1\/4&#8243;]<div class=\"qode-info-card-with-icon\">\n    <div class=\"qode-icwi-image-icon-holder qode-start-icon-hover\">\n\t\t\t\t\t<a href=\"https:\/\/cocreix.ddgi.cat\/web\/aula-demprenedoria\/validacio-didees\/\" target=\"_blank\">\n\t\t\t\t\t\t\t<div class=\"qode-icwi-image\">\n\t\t\t\t<img decoding=\"async\" src=\"https:\/\/cocreix.ddgi.cat\/web\/wp-content\/uploads\/2022\/05\/Portada-validacio-idees1.jpg\" alt=\"\" \/>\n\t\t\t<\/div>\n\t\t\t\t<div class=\"qode-icwi-icon-holder\">\n\t\t\t<span class=\"qode-icon-holder qode-icon-circle qode-icon-small\"  style=\"background-color:rgba(252,252,252,0.8)\" data-hover-background-color=\"#ffffff\" data-hover-color=\"#000000\" data-color=\"rgba(104,104,104,0.75)\">\n\t\t\t\t<i class=\"qode_icon_font_awesome fa fa-play qode-icon-element\" style=\"color:rgba(104,104,104,0.75)\" ><\/i>\t\t\t<\/span>\n\t\t<\/div>\n\t\t\t\t\t<\/a>\n\t\t\t<\/div>\n\t<div class=\"qode-icwi-text-holder\">\n\t\t\t\t\t<h4 class=\"qode-icwi-title\">\n\t\t\t\tValidaci\u00f3 d&#039;idees\t\t\t<\/h4>\n\t\t\t\t\t\t\t<p class=\"qode-icwi-text\">\n\t\t\t\tCom puc saber si la meva idea pot tenir \u00e8xit?\t\t\t<\/p>\n\t\t\t<\/div>\n<\/div>[vc_empty_space height=&#8221;8px&#8221;][\/vc_column][vc_column width=&#8221;1\/4&#8243;]<div class=\"qode-info-card-with-icon\">\n    <div class=\"qode-icwi-image-icon-holder qode-start-icon-hover\">\n\t\t\t\t\t<a href=\"https:\/\/cocreix.ddgi.cat\/web\/aula-demprenedoria\/formes-juridiques\/\" target=\"_blank\">\n\t\t\t\t\t\t\t<div class=\"qode-icwi-image\">\n\t\t\t\t<img decoding=\"async\" src=\"https:\/\/cocreix.ddgi.cat\/web\/wp-content\/uploads\/2022\/05\/Portada-formes-juridiques.jpg\" alt=\"\" \/>\n\t\t\t<\/div>\n\t\t\t\t<div class=\"qode-icwi-icon-holder\">\n\t\t\t<span class=\"qode-icon-holder qode-icon-circle qode-icon-small\"  style=\"background-color:rgba(252,252,252,0.8)\" data-hover-background-color=\"#ffffff\" data-hover-color=\"#000000\" data-color=\"rgba(104,104,104,0.75)\">\n\t\t\t\t<i class=\"qode_icon_font_awesome fa fa-play qode-icon-element\" style=\"color:rgba(104,104,104,0.75)\" ><\/i>\t\t\t<\/span>\n\t\t<\/div>\n\t\t\t\t\t<\/a>\n\t\t\t<\/div>\n\t<div class=\"qode-icwi-text-holder\">\n\t\t\t\t\t<h4 class=\"qode-icwi-title\">\n\t\t\t\tFormes jur\u00eddiques\t\t\t<\/h4>\n\t\t\t\t\t\t\t<p class=\"qode-icwi-text\">\n\t\t\t\tQuina forma jur\u00eddica em conv\u00e9 m\u00e9s?\t\t\t<\/p>\n\t\t\t<\/div>\n<\/div>[vc_empty_space height=&#8221;8px&#8221;][\/vc_column][vc_column width=&#8221;1\/4&#8243;]<div class=\"qode-info-card-with-icon\">\n    <div class=\"qode-icwi-image-icon-holder qode-start-icon-hover\">\n\t\t\t\t\t<a href=\"https:\/\/cocreix.ddgi.cat\/web\/aula-demprenedoria\/pla-economic-i-financer\/\" target=\"_blank\">\n\t\t\t\t\t\t\t<div class=\"qode-icwi-image\">\n\t\t\t\t<img decoding=\"async\" src=\"https:\/\/cocreix.ddgi.cat\/web\/wp-content\/uploads\/2022\/05\/Portada-pla-financer.jpg\" alt=\"\" \/>\n\t\t\t<\/div>\n\t\t\t\t<div class=\"qode-icwi-icon-holder\">\n\t\t\t<span class=\"qode-icon-holder qode-icon-circle qode-icon-small\"  style=\"background-color:rgba(252,252,252,0.8)\" data-hover-background-color=\"#ffffff\" data-hover-color=\"#000000\" data-color=\"rgba(104,104,104,0.75)\">\n\t\t\t\t<i class=\"qode_icon_font_awesome fa fa-play qode-icon-element\" style=\"color:rgba(104,104,104,0.75)\" ><\/i>\t\t\t<\/span>\n\t\t<\/div>\n\t\t\t\t\t<\/a>\n\t\t\t<\/div>\n\t<div class=\"qode-icwi-text-holder\">\n\t\t\t\t\t<h4 class=\"qode-icwi-title\">\n\t\t\t\tPla econ\u00f2mic i financer\t\t\t<\/h4>\n\t\t\t\t\t\t\t<p class=\"qode-icwi-text\">\n\t\t\t\tQuants diners necessito?\t\t\t<\/p>\n\t\t\t<\/div>\n<\/div>[vc_empty_space height=&#8221;8px&#8221;][\/vc_column][vc_column width=&#8221;1\/4&#8243;]<div class=\"qode-info-card-with-icon\">\n    <div class=\"qode-icwi-image-icon-holder qode-start-icon-hover\">\n\t\t\t\t\t<a href=\"https:\/\/cocreix.ddgi.cat\/web\/aula-demprenedoria\/producte\/\" target=\"_blank\">\n\t\t\t\t\t\t\t<div class=\"qode-icwi-image\">\n\t\t\t\t<img decoding=\"async\" src=\"https:\/\/cocreix.ddgi.cat\/web\/wp-content\/uploads\/2022\/05\/Portada-promocio1.jpg\" alt=\"\" \/>\n\t\t\t<\/div>\n\t\t\t\t<div class=\"qode-icwi-icon-holder\">\n\t\t\t<span class=\"qode-icon-holder qode-icon-circle qode-icon-small\"  style=\"background-color:rgba(252,252,252,0.8)\" data-hover-background-color=\"#ffffff\" data-hover-color=\"#000000\" data-color=\"rgba(104,104,104,0.75)\">\n\t\t\t\t<i class=\"qode_icon_font_awesome fa fa-play qode-icon-element\" style=\"color:rgba(104,104,104,0.75)\" ><\/i>\t\t\t<\/span>\n\t\t<\/div>\n\t\t\t\t\t<\/a>\n\t\t\t<\/div>\n\t<div class=\"qode-icwi-text-holder\">\n\t\t\t\t\t<h4 class=\"qode-icwi-title\">\n\t\t\t\tProducte\t\t\t<\/h4>\n\t\t\t\t\t\t\t<p class=\"qode-icwi-text\">\n\t\t\t\tCom puc fer el producte m\u00e9s atractiu?\t\t\t<\/p>\n\t\t\t<\/div>\n<\/div>[vc_empty_space height=&#8221;8px&#8221;][\/vc_column][\/vc_row]<\/p>\n<\/div>","protected":false},"excerpt":{"rendered":"<p>[vc_row css_animation=&#8221;&#8221; row_type=&#8221;row&#8221; use_row_as_full_screen_section=&#8221;no&#8221; type=&#8221;grid&#8221; angled_section=&#8221;no&#8221; text_align=&#8221;left&#8221; background_image_as_pattern=&#8221;without_pattern&#8221; css=&#8221;.vc_custom_1635144537082{padding-top: 80px !important;padding-bottom: 40px !important;background-color: #ffffff !important;}&#8221; z_index=&#8221;&#8221;][vc_column][vc_column_text][\/vc_column_text][vc_empty_space height=&#8221;25px&#8221;][vc_column_text] Ser emprenedor [\/vc_column_text][vc_column_text]Puc ser una persona emprenedora? Qu\u00e8 cal per ser un bon emprenedor? Maria Batet exposa quins s\u00f3n els elements essencials que s\u2019hauria de preguntar qualsevol persona&#8230;<\/p>\n","protected":false},"author":1,"featured_media":16748,"parent":16316,"menu_order":0,"comment_status":"closed","ping_status":"closed","template":"full_width.php","meta":{"inline_featured_image":false,"footnotes":""},"class_list":["post-16728","page","type-page","status-publish","has-post-thumbnail","hentry"],"_links":{"self":[{"href":"https:\/\/cocreix.ddgi.cat\/web\/wp-json\/wp\/v2\/pages\/16728","targetHints":{"allow":["GET"]}}],"collection":[{"href":"https:\/\/cocreix.ddgi.cat\/web\/wp-json\/wp\/v2\/pages"}],"about":[{"href":"https:\/\/cocreix.ddgi.cat\/web\/wp-json\/wp\/v2\/types\/page"}],"author":[{"embeddable":true,"href":"https:\/\/cocreix.ddgi.cat\/web\/wp-json\/wp\/v2\/users\/1"}],"replies":[{"embeddable":true,"href":"https:\/\/cocreix.ddgi.cat\/web\/wp-json\/wp\/v2\/comments?post=16728"}],"version-history":[{"count":29,"href":"https:\/\/cocreix.ddgi.cat\/web\/wp-json\/wp\/v2\/pages\/16728\/revisions"}],"predecessor-version":[{"id":17370,"href":"https:\/\/cocreix.ddgi.cat\/web\/wp-json\/wp\/v2\/pages\/16728\/revisions\/17370"}],"up":[{"embeddable":true,"href":"https:\/\/cocreix.ddgi.cat\/web\/wp-json\/wp\/v2\/pages\/16316"}],"wp:featuredmedia":[{"embeddable":true,"href":"https:\/\/cocreix.ddgi.cat\/web\/wp-json\/wp\/v2\/media\/16748"}],"wp:attachment":[{"href":"https:\/\/cocreix.ddgi.cat\/web\/wp-json\/wp\/v2\/media?parent=16728"}],"curies":[{"name":"wp","href":"https:\/\/api.w.org\/{rel}","templated":true}]}}