{"id":16477,"date":"2022-05-04T10:35:19","date_gmt":"2022-05-04T08:35:19","guid":{"rendered":"https:\/\/cocreix.ddgi.cat\/web\/?page_id=16477"},"modified":"2022-06-21T10:32:49","modified_gmt":"2022-06-21T08:32:49","slug":"contacte-co-creix","status":"publish","type":"page","link":"https:\/\/cocreix.ddgi.cat\/web\/contacte-co-creix\/","title":{"rendered":"Contacte CO-CREIX"},"content":{"rendered":"<div class=\"wpb-content-wrapper\"><p>[vc_row css_animation=&#8221;&#8221; row_type=&#8221;row&#8221; use_row_as_full_screen_section=&#8221;no&#8221; type=&#8221;grid&#8221; angled_section=&#8221;no&#8221; text_align=&#8221;left&#8221; background_image_as_pattern=&#8221;without_pattern&#8221; css=&#8221;.vc_custom_1559909901956{padding-top: 100px !important;padding-bottom: 140px !important;}&#8221; el_id=&#8221;menucontacte&#8221; z_index=&#8221;&#8221;][vc_column width=&#8221;1\/3&#8243;][vc_column_text]<\/p>\n<h2>Contacte<\/h2>\n<p>[\/vc_column_text][vc_empty_space height=&#8221;24px&#8221;][vc_column_text]<strong>Diputaci\u00f3 de Girona<br \/>\n<\/strong><b>\u00c0rea de Promoci\u00f3 i Desenvolupament Econ\u00f2mic Local<br \/>\n<\/b>Tel. 972 184 814<br \/>\n<em><a href=\"mailto:emprenedoria@ddgi.cat%20\">emprenedoria@ddgi.cat <\/a><\/em><em>\u00a0<\/em>[\/vc_column_text][vc_empty_space height=&#8221;35px&#8221;][vc_column_text]<strong><small>Pol\u00edtica de protecci\u00f3 de dades<\/small><\/strong><\/p>\n<p><small>Podeu consultar <a href=\"http:\/\/www.ddgi.cat\/web\/nivell\/380\/s-\/Privacitat\" target=\"_blank\" rel=\"noopener noreferrer\">informaci\u00f3 addicional i detallada sobre protecci\u00f3 de dades.<\/a><\/small>[\/vc_column_text][vc_empty_space][\/vc_column][vc_column width=&#8221;2\/3&#8243;]<script type=\"text\/javascript\">\n\/* <![CDATA[ *\/\nvar gform;gform||(document.addEventListener(\"gform_main_scripts_loaded\",function(){gform.scriptsLoaded=!0}),document.addEventListener(\"gform\/theme\/scripts_loaded\",function(){gform.themeScriptsLoaded=!0}),window.addEventListener(\"DOMContentLoaded\",function(){gform.domLoaded=!0}),gform={domLoaded:!1,scriptsLoaded:!1,themeScriptsLoaded:!1,isFormEditor:()=>\"function\"==typeof InitializeEditor,callIfLoaded:function(o){return!(!gform.domLoaded||!gform.scriptsLoaded||!gform.themeScriptsLoaded&&!gform.isFormEditor()||(gform.isFormEditor()&&console.warn(\"The use of gform.initializeOnLoaded() is deprecated in the form editor context and will be removed in Gravity Forms 3.1.\"),o(),0))},initializeOnLoaded:function(o){gform.callIfLoaded(o)||(document.addEventListener(\"gform_main_scripts_loaded\",()=>{gform.scriptsLoaded=!0,gform.callIfLoaded(o)}),document.addEventListener(\"gform\/theme\/scripts_loaded\",()=>{gform.themeScriptsLoaded=!0,gform.callIfLoaded(o)}),window.addEventListener(\"DOMContentLoaded\",()=>{gform.domLoaded=!0,gform.callIfLoaded(o)}))},hooks:{action:{},filter:{}},addAction:function(o,r,e,t){gform.addHook(\"action\",o,r,e,t)},addFilter:function(o,r,e,t){gform.addHook(\"filter\",o,r,e,t)},doAction:function(o){gform.doHook(\"action\",o,arguments)},applyFilters:function(o){return gform.doHook(\"filter\",o,arguments)},removeAction:function(o,r){gform.removeHook(\"action\",o,r)},removeFilter:function(o,r,e){gform.removeHook(\"filter\",o,r,e)},addHook:function(o,r,e,t,n){null==gform.hooks[o][r]&&(gform.hooks[o][r]=[]);var d=gform.hooks[o][r];null==n&&(n=r+\"_\"+d.length),gform.hooks[o][r].push({tag:n,callable:e,priority:t=null==t?10:t})},doHook:function(r,o,e){var t;if(e=Array.prototype.slice.call(e,1),null!=gform.hooks[r][o]&&((o=gform.hooks[r][o]).sort(function(o,r){return o.priority-r.priority}),o.forEach(function(o){\"function\"!=typeof(t=o.callable)&&(t=window[t]),\"action\"==r?t.apply(null,e):e[0]=t.apply(null,e)})),\"filter\"==r)return e[0]},removeHook:function(o,r,t,n){var e;null!=gform.hooks[o][r]&&(e=(e=gform.hooks[o][r]).filter(function(o,r,e){return!!(null!=n&&n!=o.tag||null!=t&&t!=o.priority)}),gform.hooks[o][r]=e)}});\n\/* ]]> *\/\n<\/script>\n\n                <div class='gf_browser_gecko gform_wrapper gform_legacy_markup_wrapper gform-theme--no-framework' data-form-theme='legacy' data-form-index='0' id='gform_wrapper_8' ><div id='gf_8' class='gform_anchor' tabindex='-1'><\/div><form method='post' enctype='multipart\/form-data' target='gform_ajax_frame_8' id='gform_8'  action='\/web\/wp-json\/wp\/v2\/pages\/16477#gf_8' data-formid='8' novalidate>\n                        <div class='gform-body gform_body'><ul id='gform_fields_8' class='gform_fields top_label form_sublabel_below description_below validation_below'><li id=\"field_8_8\" class=\"gfield gfield--type-honeypot gform_validation_container field_sublabel_below gfield--has-description field_description_below field_validation_below gfield_visibility_visible\"  ><label class='gfield_label gform-field-label' for='input_8_8'>Phone<\/label><div class='ginput_container'><input name='input_8' id='input_8_8' type='text' value='' autocomplete='new-password'\/><\/div><div class='gfield_description' id='gfield_description_8_8'>Aquest camp nom\u00e9s \u00e9s per validaci\u00f3 i no s'ha de modificar.<\/div><\/li><li id=\"field_8_1\" class=\"gfield gfield--type-text gf_left_half gfield_contains_required field_sublabel_below gfield--no-description field_description_below hidden_label field_validation_below gfield_visibility_visible\"  ><label class='gfield_label gform-field-label' for='input_8_1'>Nom<span class=\"gfield_required\"><span class=\"gfield_required gfield_required_asterisk\">*<\/span><\/span><\/label><div class='ginput_container ginput_container_text'><input name='input_1' id='input_8_1' type='text' value='' class='medium'    placeholder='Nom' aria-required=\"true\" aria-invalid=\"false\"   \/><\/div><\/li><li id=\"field_8_2\" class=\"gfield gfield--type-text gf_left_half gfield_contains_required field_sublabel_below gfield--no-description field_description_below hidden_label field_validation_below gfield_visibility_visible\"  ><label class='gfield_label gform-field-label' for='input_8_2'>Cognoms<span class=\"gfield_required\"><span class=\"gfield_required gfield_required_asterisk\">*<\/span><\/span><\/label><div class='ginput_container ginput_container_text'><input name='input_2' id='input_8_2' type='text' value='' class='medium'    placeholder='Cognoms' aria-required=\"true\" aria-invalid=\"false\"   \/><\/div><\/li><li id=\"field_8_7\" class=\"gfield gfield--type-email gfield_contains_required field_sublabel_below gfield--no-description field_description_below hidden_label field_validation_below gfield_visibility_visible\"  ><label class='gfield_label gform-field-label' for='input_8_7'>Adre\u00e7a electr\u00f2nica<span class=\"gfield_required\"><span class=\"gfield_required gfield_required_asterisk\">*<\/span><\/span><\/label><div class='ginput_container ginput_container_email'>\n                            <input name='input_7' id='input_8_7' type='email' value='' class='large'   placeholder='Adre\u00e7a electr\u00f2nica' aria-required=\"true\" aria-invalid=\"false\"  \/>\n                        <\/div><\/li><li id=\"field_8_4\" class=\"gfield gfield--type-text gfield_contains_required field_sublabel_below gfield--no-description field_description_below hidden_label field_validation_below gfield_visibility_visible\"  ><label class='gfield_label gform-field-label' for='input_8_4'>Assumpte<span class=\"gfield_required\"><span class=\"gfield_required gfield_required_asterisk\">*<\/span><\/span><\/label><div class='ginput_container ginput_container_text'><input name='input_4' id='input_8_4' type='text' value='' class='large'    placeholder='Assumpte' aria-required=\"true\" aria-invalid=\"false\"   \/><\/div><\/li><li id=\"field_8_5\" class=\"gfield gfield--type-textarea gfield_contains_required field_sublabel_below gfield--no-description field_description_below hidden_label field_validation_below gfield_visibility_visible\"  ><label class='gfield_label gform-field-label' for='input_8_5'>Motiu de la consulta<span class=\"gfield_required\"><span class=\"gfield_required gfield_required_asterisk\">*<\/span><\/span><\/label><div class='ginput_container ginput_container_textarea'><textarea name='input_5' id='input_8_5' class='textarea medium'    placeholder='Motiu de la consulta' aria-required=\"true\" aria-invalid=\"false\"   rows='10' cols='50'><\/textarea><\/div><\/li><\/ul><\/div>\n        <div class='gform-footer gform_footer top_label'> <input type='submit' id='gform_submit_button_8' class='gform_button button' onclick='gform.submission.handleButtonClick(this);' data-submission-type='submit' value='Envia'  \/> <input type='hidden' name='gform_ajax' value='form_id=8&amp;title=&amp;description=&amp;tabindex=0&amp;theme=legacy&amp;styles=[]&amp;hash=cb2ca58057e9917d6c64da2f17a94a8d' \/>\n            <input type='hidden' class='gform_hidden' name='gform_submission_method' data-js='gform_submission_method_8' value='iframe' \/>\n            <input type='hidden' class='gform_hidden' name='gform_theme' data-js='gform_theme_8' id='gform_theme_8' value='legacy' \/>\n            <input type='hidden' class='gform_hidden' name='gform_style_settings' data-js='gform_style_settings_8' id='gform_style_settings_8' value='[]' \/>\n            <input type='hidden' class='gform_hidden' name='is_submit_8' value='1' \/>\n            <input type='hidden' class='gform_hidden' name='gform_submit' value='8' \/>\n            \n            <input type='hidden' class='gform_hidden' name='gform_currency' data-currency='EUR' value='DSquZ0kSZdVlu1IbVVLsDmuCIC2iX6rO4dUKO3wFWKZ4Z0jlhOIjanvucNVI6UVAkK8pnRJxSGItChkQYRDPERlfEyrAKqQZqYBKAp5Xi60djcg=' \/>\n            <input type='hidden' class='gform_hidden' name='gform_unique_id' value='' \/>\n            <input type='hidden' class='gform_hidden' name='state_8' value='WyJbXSIsImM0ODdkYTU3NWVmMDI4ZmQxM2ZlMGRiMmU5NzU0ZDFlIl0=' \/>\n            <input type='hidden' autocomplete='off' class='gform_hidden' name='gform_target_page_number_8' id='gform_target_page_number_8' value='0' \/>\n            <input type='hidden' autocomplete='off' class='gform_hidden' name='gform_source_page_number_8' id='gform_source_page_number_8' value='1' \/>\n            <input type='hidden' name='gform_field_values' value='' \/>\n            \n        <\/div>\n                        <\/form>\n                        <\/div>\n\t\t                <iframe style='display:none;width:0px;height:0px;' src='about:blank' name='gform_ajax_frame_8' id='gform_ajax_frame_8' title='Aquest iframe cont\u00e9 la l\u00f2gica necess\u00e0ria per a gestionar el Gravity Forms, que funciona amb Ajax.'><\/iframe>\n\t\t                <script type=\"text\/javascript\">\n\/* <![CDATA[ *\/\n gform.initializeOnLoaded( function() {gformInitSpinner( 8, 'https:\/\/cocreix.ddgi.cat\/web\/wp-content\/plugins\/gravityforms\/images\/spinner.svg', true );jQuery('#gform_ajax_frame_8').on('load',function(){var contents = jQuery(this).contents().find('*').html();var is_postback = contents.indexOf('GF_AJAX_POSTBACK') >= 0;if(!is_postback){return;}var form_content = jQuery(this).contents().find('#gform_wrapper_8');var is_confirmation = jQuery(this).contents().find('#gform_confirmation_wrapper_8').length > 0;var is_redirect = contents.indexOf('gformRedirect(){') >= 0;var is_form = form_content.length > 0 && ! is_redirect && ! is_confirmation;var mt = parseInt(jQuery('html').css('margin-top'), 10) + parseInt(jQuery('body').css('margin-top'), 10) + 100;if(is_form){jQuery('#gform_wrapper_8').html(form_content.html());if(form_content.hasClass('gform_validation_error')){jQuery('#gform_wrapper_8').addClass('gform_validation_error');} else {jQuery('#gform_wrapper_8').removeClass('gform_validation_error');}setTimeout( function() { \/* delay the scroll by 50 milliseconds to fix a bug in chrome *\/ jQuery(document).scrollTop(jQuery('#gform_wrapper_8').offset().top - mt); }, 50 );if(window['gformInitDatepicker']) {gformInitDatepicker();}if(window['gformInitPriceFields']) {gformInitPriceFields();}var current_page = jQuery('#gform_source_page_number_8').val();gformInitSpinner( 8, 'https:\/\/cocreix.ddgi.cat\/web\/wp-content\/plugins\/gravityforms\/images\/spinner.svg', true );jQuery(document).trigger('gform_page_loaded', [8, current_page]);window['gf_submitting_8'] = false;}else if(!is_redirect){var confirmation_content = jQuery(this).contents().find('.GF_AJAX_POSTBACK').html();if(!confirmation_content){confirmation_content = contents;}jQuery('#gform_wrapper_8').replaceWith(confirmation_content);jQuery(document).scrollTop(jQuery('#gf_8').offset().top - mt);jQuery(document).trigger('gform_confirmation_loaded', [8]);window['gf_submitting_8'] = false;wp.a11y.speak(jQuery('#gform_confirmation_message_8').text());}else{jQuery('#gform_8').append(contents);if(window['gformRedirect']) {gformRedirect();}}jQuery(document).trigger(\"gform_pre_post_render\", [{ formId: \"8\", currentPage: \"current_page\", abort: function() { this.preventDefault(); } }]);        if (event && event.defaultPrevented) {                return;        }        const gformWrapperDiv = document.getElementById( \"gform_wrapper_8\" );        if ( gformWrapperDiv ) {            const visibilitySpan = document.createElement( \"span\" );            visibilitySpan.id = \"gform_visibility_test_8\";            gformWrapperDiv.insertAdjacentElement( \"afterend\", visibilitySpan );        }        const visibilityTestDiv = document.getElementById( \"gform_visibility_test_8\" );        let postRenderFired = false;        function triggerPostRender() {            if ( postRenderFired ) {                return;            }            postRenderFired = true;            gform.core.triggerPostRenderEvents( 8, current_page );            if ( visibilityTestDiv ) {                visibilityTestDiv.parentNode.removeChild( visibilityTestDiv );            }        }        function debounce( func, wait, immediate ) {            var timeout;            return function() {                var context = this, args = arguments;                var later = function() {                    timeout = null;                    if ( !immediate ) func.apply( context, args );                };                var callNow = immediate && !timeout;                clearTimeout( timeout );                timeout = setTimeout( later, wait );                if ( callNow ) func.apply( context, args );            };        }        const debouncedTriggerPostRender = debounce( function() {            triggerPostRender();        }, 200 );        if ( visibilityTestDiv && visibilityTestDiv.offsetParent === null ) {            const observer = new MutationObserver( ( mutations ) => {                mutations.forEach( ( mutation ) => {                    if ( mutation.type === 'attributes' && visibilityTestDiv.offsetParent !== null ) {                        debouncedTriggerPostRender();                        observer.disconnect();                    }                });            });            observer.observe( document.body, {                attributes: true,                childList: false,                subtree: true,                attributeFilter: [ 'style', 'class' ],            });        } else {            triggerPostRender();        }    } );} ); \n\/* ]]> *\/\n<\/script>\n[vc_empty_space][\/vc_column][\/vc_row]<\/p>\n<\/div>","protected":false},"excerpt":{"rendered":"<p>[vc_row css_animation=&#8221;&#8221; row_type=&#8221;row&#8221; use_row_as_full_screen_section=&#8221;no&#8221; type=&#8221;grid&#8221; angled_section=&#8221;no&#8221; text_align=&#8221;left&#8221; background_image_as_pattern=&#8221;without_pattern&#8221; css=&#8221;.vc_custom_1559909901956{padding-top: 100px !important;padding-bottom: 140px !important;}&#8221; el_id=&#8221;menucontacte&#8221; z_index=&#8221;&#8221;][vc_column width=&#8221;1\/3&#8243;][vc_column_text] Contacte [\/vc_column_text][vc_empty_space height=&#8221;24px&#8221;][vc_column_text]Diputaci\u00f3 de Girona \u00c0rea de Promoci\u00f3 i Desenvolupament Econ\u00f2mic Local Tel. 972 184 814 emprenedoria@ddgi.cat \u00a0[\/vc_column_text][vc_empty_space height=&#8221;35px&#8221;][vc_column_text]Pol\u00edtica de protecci\u00f3 de dades Podeu consultar informaci\u00f3 addicional i detallada&#8230;<\/p>\n","protected":false},"author":1,"featured_media":0,"parent":0,"menu_order":0,"comment_status":"closed","ping_status":"closed","template":"full_width.php","meta":{"inline_featured_image":false,"footnotes":""},"class_list":["post-16477","page","type-page","status-publish","hentry"],"_links":{"self":[{"href":"https:\/\/cocreix.ddgi.cat\/web\/wp-json\/wp\/v2\/pages\/16477","targetHints":{"allow":["GET"]}}],"collection":[{"href":"https:\/\/cocreix.ddgi.cat\/web\/wp-json\/wp\/v2\/pages"}],"about":[{"href":"https:\/\/cocreix.ddgi.cat\/web\/wp-json\/wp\/v2\/types\/page"}],"author":[{"embeddable":true,"href":"https:\/\/cocreix.ddgi.cat\/web\/wp-json\/wp\/v2\/users\/1"}],"replies":[{"embeddable":true,"href":"https:\/\/cocreix.ddgi.cat\/web\/wp-json\/wp\/v2\/comments?post=16477"}],"version-history":[{"count":3,"href":"https:\/\/cocreix.ddgi.cat\/web\/wp-json\/wp\/v2\/pages\/16477\/revisions"}],"predecessor-version":[{"id":17368,"href":"https:\/\/cocreix.ddgi.cat\/web\/wp-json\/wp\/v2\/pages\/16477\/revisions\/17368"}],"wp:attachment":[{"href":"https:\/\/cocreix.ddgi.cat\/web\/wp-json\/wp\/v2\/media?parent=16477"}],"curies":[{"name":"wp","href":"https:\/\/api.w.org\/{rel}","templated":true}]}}