{"id":16316,"date":"2021-10-25T08:50:10","date_gmt":"2021-10-25T06:50:10","guid":{"rendered":"https:\/\/cocreix.ddgi.cat\/web\/?page_id=16316"},"modified":"2022-06-16T12:06:01","modified_gmt":"2022-06-16T10:06:01","slug":"aula-demprenedoria","status":"publish","type":"page","link":"https:\/\/cocreix.ddgi.cat\/web\/aula-demprenedoria\/","title":{"rendered":"Aula d&#8217;Emprenedoria"},"content":{"rendered":"<div class=\"wpb-content-wrapper\"><p>[vc_row css_animation=&#8221;&#8221; row_type=&#8221;row&#8221; use_row_as_full_screen_section=&#8221;no&#8221; type=&#8221;grid&#8221; angled_section=&#8221;no&#8221; text_align=&#8221;left&#8221; background_image_as_pattern=&#8221;without_pattern&#8221; css=&#8221;.vc_custom_1635144537082{padding-top: 80px !important;padding-bottom: 40px !important;background-color: #ffffff !important;}&#8221; z_index=&#8221;&#8221;][vc_column][vc_column_text]<\/p>\n<h2>Cursos i tallers per emprenedors<\/h2>\n<p>[\/vc_column_text][vc_column_text]<iframe loading=\"lazy\" style=\"border: 0;\" src=\"https:\/\/www.ddgi.cat\/formacioenxarxa\/faces\/public\/cursosEntitat.xhtml?entitat=93,39,61,58,35,37,45,83,72,99,84,67,46,26,32,34,94,75,74,57,78,97,16,73,52,30,86,53,63,27,71,62,51,82,55,38,29,69,56,70,91,33,47,50,42,43,54,31,68,66,59,40,95,41,28&amp;tipus=TARGETES&amp;destinataris=M,E&amp;colorFons=ffffff&amp;colorLletra=000000&amp;midaLletra=16&amp;midaLletraTitol=15&amp;tipusLletraTitol=Tahoma&amp;tipusLletra=Tahoma\" width=\"1279\" height=\"560\" frameborder=\"0\"><\/iframe>[\/vc_column_text][\/vc_column][\/vc_row][vc_row css_animation=&#8221;&#8221; row_type=&#8221;row&#8221; use_row_as_full_screen_section=&#8221;no&#8221; type=&#8221;grid&#8221; angled_section=&#8221;no&#8221; text_align=&#8221;left&#8221; background_image_as_pattern=&#8221;without_pattern&#8221; css=&#8221;.vc_custom_1652095071457{padding-top: 80px !important;padding-bottom: 40px !important;background-color: #e5e5e5 !important;}&#8221; z_index=&#8221;&#8221;][vc_column][vc_column_text]<\/p>\n<h2>C\u00e0psules d&#8217;emprenedoria<\/h2>\n<p>[\/vc_column_text][\/vc_column][\/vc_row][vc_row css_animation=&#8221;&#8221; row_type=&#8221;row&#8221; use_row_as_full_screen_section=&#8221;no&#8221; type=&#8221;grid&#8221; angled_section=&#8221;no&#8221; text_align=&#8221;left&#8221; background_image_as_pattern=&#8221;without_pattern&#8221; css=&#8221;.vc_custom_1652094790966{background-color: #e5e5e5 !important;}&#8221; z_index=&#8221;&#8221;][vc_column width=&#8221;1\/4&#8243;]<div class=\"qode-info-card-with-icon\">\n    <div class=\"qode-icwi-image-icon-holder qode-start-icon-hover\">\n\t\t\t\t\t<a href=\"https:\/\/cocreix.ddgi.cat\/web\/aula-demprenedoria\/ser-emprenedor\/\" target=\"_blank\">\n\t\t\t\t\t\t\t<div class=\"qode-icwi-image\">\n\t\t\t\t<img decoding=\"async\" src=\"https:\/\/cocreix.ddgi.cat\/web\/wp-content\/uploads\/2022\/05\/Portada-ser-emprenedor1.jpg\" alt=\"\" \/>\n\t\t\t<\/div>\n\t\t\t\t<div class=\"qode-icwi-icon-holder\">\n\t\t\t<span class=\"qode-icon-holder qode-icon-circle qode-icon-small\"  style=\"background-color:rgba(252,252,252,0.8)\" data-hover-background-color=\"#ffffff\" data-hover-color=\"#000000\" data-color=\"rgba(104,104,104,0.75)\">\n\t\t\t\t<i class=\"qode_icon_font_awesome fa fa-play qode-icon-element\" style=\"color:rgba(104,104,104,0.75)\" ><\/i>\t\t\t<\/span>\n\t\t<\/div>\n\t\t\t\t\t<\/a>\n\t\t\t<\/div>\n\t<div class=\"qode-icwi-text-holder\">\n\t\t\t\t\t<h3 class=\"qode-icwi-title\">\n\t\t\t\tSer emprenedor\t\t\t<\/h3>\n\t\t\t\t\t\t\t<p class=\"qode-icwi-text\">\n\t\t\t\tQu\u00e8 cal per ser un bon emprenedor?\t\t\t<\/p>\n\t\t\t<\/div>\n<\/div>[vc_empty_space height=&#8221;8px&#8221;][\/vc_column][vc_column width=&#8221;1\/4&#8243;]<div class=\"qode-info-card-with-icon\">\n    <div class=\"qode-icwi-image-icon-holder qode-start-icon-hover\">\n\t\t\t\t\t<a href=\"https:\/\/cocreix.ddgi.cat\/web\/aula-demprenedoria\/formes-juridiques\/\" target=\"_blank\">\n\t\t\t\t\t\t\t<div class=\"qode-icwi-image\">\n\t\t\t\t<img decoding=\"async\" src=\"https:\/\/cocreix.ddgi.cat\/web\/wp-content\/uploads\/2022\/05\/Portada-formes-juridiques.jpg\" alt=\"\" \/>\n\t\t\t<\/div>\n\t\t\t\t<div class=\"qode-icwi-icon-holder\">\n\t\t\t<span class=\"qode-icon-holder qode-icon-circle qode-icon-small\"  style=\"background-color:rgba(252,252,252,0.8)\" data-hover-background-color=\"#ffffff\" data-hover-color=\"#000000\" data-color=\"rgba(104,104,104,0.75)\">\n\t\t\t\t<i class=\"qode_icon_font_awesome fa fa-play qode-icon-element\" style=\"color:rgba(104,104,104,0.75)\" ><\/i>\t\t\t<\/span>\n\t\t<\/div>\n\t\t\t\t\t<\/a>\n\t\t\t<\/div>\n\t<div class=\"qode-icwi-text-holder\">\n\t\t\t\t\t<h3 class=\"qode-icwi-title\">\n\t\t\t\tFormes jur\u00eddiques\t\t\t<\/h3>\n\t\t\t\t\t\t\t<p class=\"qode-icwi-text\">\n\t\t\t\tQuina forma jur\u00eddica em conv\u00e9 m\u00e9s?\t\t\t<\/p>\n\t\t\t<\/div>\n<\/div>[vc_empty_space height=&#8221;8px&#8221;][\/vc_column][vc_column width=&#8221;1\/4&#8243;]<div class=\"qode-info-card-with-icon\">\n    <div class=\"qode-icwi-image-icon-holder qode-start-icon-hover\">\n\t\t\t\t\t<a href=\"https:\/\/cocreix.ddgi.cat\/web\/aula-demprenedoria\/validacio-didees\/\" target=\"_blank\">\n\t\t\t\t\t\t\t<div class=\"qode-icwi-image\">\n\t\t\t\t<img decoding=\"async\" src=\"https:\/\/cocreix.ddgi.cat\/web\/wp-content\/uploads\/2022\/05\/Portada-validacio-idees1.jpg\" alt=\"\" \/>\n\t\t\t<\/div>\n\t\t\t\t<div class=\"qode-icwi-icon-holder\">\n\t\t\t<span class=\"qode-icon-holder qode-icon-circle qode-icon-small\"  style=\"background-color:rgba(252,252,252,0.8)\" data-hover-background-color=\"#ffffff\" data-hover-color=\"#000000\" data-color=\"rgba(104,104,104,0.75)\">\n\t\t\t\t<i class=\"qode_icon_font_awesome fa fa-play qode-icon-element\" style=\"color:rgba(104,104,104,0.75)\" ><\/i>\t\t\t<\/span>\n\t\t<\/div>\n\t\t\t\t\t<\/a>\n\t\t\t<\/div>\n\t<div class=\"qode-icwi-text-holder\">\n\t\t\t\t\t<h3 class=\"qode-icwi-title\">\n\t\t\t\tValidaci\u00f3 d\u2019idees\t\t\t<\/h3>\n\t\t\t\t\t\t\t<p class=\"qode-icwi-text\">\n\t\t\t\tCom puc saber si la meva idea pot tenir \u00e8xit?\t\t\t<\/p>\n\t\t\t<\/div>\n<\/div>[vc_empty_space height=&#8221;8px&#8221;][\/vc_column][vc_column width=&#8221;1\/4&#8243;]<div class=\"qode-info-card-with-icon\">\n    <div class=\"qode-icwi-image-icon-holder qode-start-icon-hover\">\n\t\t\t\t\t<a href=\"https:\/\/cocreix.ddgi.cat\/web\/aula-demprenedoria\/pla-economic-i-financer\/\" target=\"_blank\">\n\t\t\t\t\t\t\t<div class=\"qode-icwi-image\">\n\t\t\t\t<img decoding=\"async\" src=\"https:\/\/cocreix.ddgi.cat\/web\/wp-content\/uploads\/2022\/05\/Portada-pla-financer.jpg\" alt=\"\" \/>\n\t\t\t<\/div>\n\t\t\t\t<div class=\"qode-icwi-icon-holder\">\n\t\t\t<span class=\"qode-icon-holder qode-icon-circle qode-icon-small\"  style=\"background-color:rgba(252,252,252,0.8)\" data-hover-background-color=\"#ffffff\" data-hover-color=\"#000000\" data-color=\"rgba(104,104,104,0.75)\">\n\t\t\t\t<i class=\"qode_icon_font_awesome fa fa-play qode-icon-element\" style=\"color:rgba(104,104,104,0.75)\" ><\/i>\t\t\t<\/span>\n\t\t<\/div>\n\t\t\t\t\t<\/a>\n\t\t\t<\/div>\n\t<div class=\"qode-icwi-text-holder\">\n\t\t\t\t\t<h3 class=\"qode-icwi-title\">\n\t\t\t\tPla econ\u00f2mic i financer\t\t\t<\/h3>\n\t\t\t\t\t\t\t<p class=\"qode-icwi-text\">\n\t\t\t\tQuants diners necessito?\t\t\t<\/p>\n\t\t\t<\/div>\n<\/div>[vc_empty_space height=&#8221;8px&#8221;][\/vc_column][\/vc_row][vc_row css_animation=&#8221;&#8221; row_type=&#8221;row&#8221; use_row_as_full_screen_section=&#8221;no&#8221; type=&#8221;full_width&#8221; angled_section=&#8221;no&#8221; text_align=&#8221;left&#8221; background_image_as_pattern=&#8221;without_pattern&#8221; css=&#8221;.vc_custom_1652098119530{background-color: #e5e5e5 !important;}&#8221; z_index=&#8221;&#8221;][vc_column][vc_empty_space][\/vc_column][\/vc_row][vc_row css_animation=&#8221;&#8221; row_type=&#8221;row&#8221; use_row_as_full_screen_section=&#8221;no&#8221; type=&#8221;grid&#8221; angled_section=&#8221;no&#8221; text_align=&#8221;left&#8221; background_image_as_pattern=&#8221;without_pattern&#8221; css=&#8221;.vc_custom_1652098112898{background-color: #e5e5e5 !important;}&#8221; z_index=&#8221;&#8221;][vc_column width=&#8221;1\/4&#8243;]<div class=\"qode-info-card-with-icon\">\n    <div class=\"qode-icwi-image-icon-holder qode-start-icon-hover\">\n\t\t\t\t\t<a href=\"https:\/\/cocreix.ddgi.cat\/web\/aula-demprenedoria\/producte\/\" target=\"_blank\">\n\t\t\t\t\t\t\t<div class=\"qode-icwi-image\">\n\t\t\t\t<img decoding=\"async\" src=\"https:\/\/cocreix.ddgi.cat\/web\/wp-content\/uploads\/2022\/05\/Portada-promocio1.jpg\" alt=\"\" \/>\n\t\t\t<\/div>\n\t\t\t\t<div class=\"qode-icwi-icon-holder\">\n\t\t\t<span class=\"qode-icon-holder qode-icon-circle qode-icon-small\"  style=\"background-color:rgba(252,252,252,0.8)\" data-hover-background-color=\"#ffffff\" data-hover-color=\"#000000\" data-color=\"rgba(104,104,104,0.75)\">\n\t\t\t\t<i class=\"qode_icon_font_awesome fa fa-play qode-icon-element\" style=\"color:rgba(104,104,104,0.75)\" ><\/i>\t\t\t<\/span>\n\t\t<\/div>\n\t\t\t\t\t<\/a>\n\t\t\t<\/div>\n\t<div class=\"qode-icwi-text-holder\">\n\t\t\t\t\t<h3 class=\"qode-icwi-title\">\n\t\t\t\tProducte\t\t\t<\/h3>\n\t\t\t\t\t\t\t<p class=\"qode-icwi-text\">\n\t\t\t\tCom puc fer el producte m\u00e9s atractiu?\t\t\t<\/p>\n\t\t\t<\/div>\n<\/div>[vc_empty_space height=&#8221;16px&#8221;][\/vc_column][vc_column width=&#8221;1\/4&#8243;]<div class=\"qode-info-card-with-icon\">\n    <div class=\"qode-icwi-image-icon-holder qode-start-icon-hover\">\n\t\t\t\t\t<a href=\"https:\/\/cocreix.ddgi.cat\/web\/aula-demprenedoria\/preu\/\" target=\"_blank\">\n\t\t\t\t\t\t\t<div class=\"qode-icwi-image\">\n\t\t\t\t<img decoding=\"async\" src=\"https:\/\/cocreix.ddgi.cat\/web\/wp-content\/uploads\/2022\/05\/Portada-preu.jpg\" alt=\"\" \/>\n\t\t\t<\/div>\n\t\t\t\t<div class=\"qode-icwi-icon-holder\">\n\t\t\t<span class=\"qode-icon-holder qode-icon-circle qode-icon-small\"  style=\"background-color:rgba(252,252,252,0.8)\" data-hover-background-color=\"#ffffff\" data-hover-color=\"#000000\" data-color=\"rgba(104,104,104,0.75)\">\n\t\t\t\t<i class=\"qode_icon_font_awesome fa fa-play qode-icon-element\" style=\"color:rgba(104,104,104,0.75)\" ><\/i>\t\t\t<\/span>\n\t\t<\/div>\n\t\t\t\t\t<\/a>\n\t\t\t<\/div>\n\t<div class=\"qode-icwi-text-holder\">\n\t\t\t\t\t<h3 class=\"qode-icwi-title\">\n\t\t\t\tPreu\t\t\t<\/h3>\n\t\t\t\t\t\t\t<p class=\"qode-icwi-text\">\n\t\t\t\tCom calculo el preu del producte?\t\t\t<\/p>\n\t\t\t<\/div>\n<\/div>[vc_empty_space height=&#8221;16px&#8221;][\/vc_column][vc_column width=&#8221;1\/4&#8243;]<div class=\"qode-info-card-with-icon\">\n    <div class=\"qode-icwi-image-icon-holder qode-start-icon-hover\">\n\t\t\t\t\t<a href=\"https:\/\/cocreix.ddgi.cat\/web\/aula-demprenedoria\/promocio\/\" target=\"_blank\">\n\t\t\t\t\t\t\t<div class=\"qode-icwi-image\">\n\t\t\t\t<img decoding=\"async\" src=\"https:\/\/cocreix.ddgi.cat\/web\/wp-content\/uploads\/2022\/05\/Portada-producte1.jpg\" alt=\"\" \/>\n\t\t\t<\/div>\n\t\t\t\t<div class=\"qode-icwi-icon-holder\">\n\t\t\t<span class=\"qode-icon-holder qode-icon-circle qode-icon-small\"  style=\"background-color:rgba(252,252,252,0.8)\" data-hover-background-color=\"#ffffff\" data-hover-color=\"#000000\" data-color=\"rgba(104,104,104,0.75)\">\n\t\t\t\t<i class=\"qode_icon_font_awesome fa fa-play qode-icon-element\" style=\"color:rgba(104,104,104,0.75)\" ><\/i>\t\t\t<\/span>\n\t\t<\/div>\n\t\t\t\t\t<\/a>\n\t\t\t<\/div>\n\t<div class=\"qode-icwi-text-holder\">\n\t\t\t\t\t<h3 class=\"qode-icwi-title\">\n\t\t\t\tPromoci\u00f3\t\t\t<\/h3>\n\t\t\t\t\t\t\t<p class=\"qode-icwi-text\">\n\t\t\t\tCom dono a con\u00e8ixer el negoci?\t\t\t<\/p>\n\t\t\t<\/div>\n<\/div>[vc_empty_space height=&#8221;16px&#8221;][\/vc_column][vc_column width=&#8221;1\/4&#8243;]<div class=\"qode-info-card-with-icon\">\n    <div class=\"qode-icwi-image-icon-holder qode-start-icon-hover\">\n\t\t\t\t\t<a href=\"https:\/\/cocreix.ddgi.cat\/web\/aula-demprenedoria\/distribucio\/\" target=\"_blank\">\n\t\t\t\t\t\t\t<div class=\"qode-icwi-image\">\n\t\t\t\t<img decoding=\"async\" src=\"https:\/\/cocreix.ddgi.cat\/web\/wp-content\/uploads\/2022\/05\/Portada-distribuacio.jpg\" alt=\"\" \/>\n\t\t\t<\/div>\n\t\t\t\t<div class=\"qode-icwi-icon-holder\">\n\t\t\t<span class=\"qode-icon-holder qode-icon-circle qode-icon-small\"  style=\"background-color:rgba(252,252,252,0.8)\" data-hover-background-color=\"#ffffff\" data-hover-color=\"#000000\" data-color=\"rgba(104,104,104,0.75)\">\n\t\t\t\t<i class=\"qode_icon_font_awesome fa fa-play qode-icon-element\" style=\"color:rgba(104,104,104,0.75)\" ><\/i>\t\t\t<\/span>\n\t\t<\/div>\n\t\t\t\t\t<\/a>\n\t\t\t<\/div>\n\t<div class=\"qode-icwi-text-holder\">\n\t\t\t\t\t<h3 class=\"qode-icwi-title\">\n\t\t\t\tDistribuci\u00f3\t\t\t<\/h3>\n\t\t\t\t\t\t\t<p class=\"qode-icwi-text\">\n\t\t\t\tCom decidir el canal de distribuci\u00f3?\t\t\t<\/p>\n\t\t\t<\/div>\n<\/div>[vc_empty_space height=&#8221;16px&#8221;][\/vc_column][\/vc_row][vc_row css_animation=&#8221;&#8221; row_type=&#8221;row&#8221; use_row_as_full_screen_section=&#8221;no&#8221; type=&#8221;full_width&#8221; angled_section=&#8221;no&#8221; text_align=&#8221;left&#8221; background_image_as_pattern=&#8221;without_pattern&#8221; css=&#8221;.vc_custom_1652098119530{background-color: #e5e5e5 !important;}&#8221; z_index=&#8221;&#8221;][vc_column][vc_empty_space][\/vc_column][\/vc_row][vc_row css_animation=&#8221;&#8221; row_type=&#8221;row&#8221; use_row_as_full_screen_section=&#8221;no&#8221; type=&#8221;grid&#8221; angled_section=&#8221;no&#8221; text_align=&#8221;left&#8221; background_image_as_pattern=&#8221;without_pattern&#8221; css=&#8221;.vc_custom_1652095229915{padding-top: 80px !important;padding-bottom: 40px !important;background-color: #ffffff !important;}&#8221; z_index=&#8221;&#8221;][vc_column][vc_column_text]<\/p>\n<h2>C\u00e0psules d&#8217;emprenedoria social i solid\u00e0ria<\/h2>\n<p>[\/vc_column_text][\/vc_column][\/vc_row][vc_row css_animation=&#8221;&#8221; row_type=&#8221;row&#8221; use_row_as_full_screen_section=&#8221;no&#8221; type=&#8221;grid&#8221; angled_section=&#8221;no&#8221; text_align=&#8221;left&#8221; background_image_as_pattern=&#8221;without_pattern&#8221; css=&#8221;.vc_custom_1652095238691{background-color: #ffffff !important;}&#8221; z_index=&#8221;&#8221;][vc_column width=&#8221;1\/4&#8243;]<div class=\"qode-info-card-with-icon\">\n    <div class=\"qode-icwi-image-icon-holder qode-start-icon-hover\">\n\t\t\t\t\t<a href=\"https:\/\/youtu.be\/VQvaQbb9oFc?list=PLk6d0RAoDK4eeT7o4k-q7v-VwbTFnxUen\" target=\"_blank\">\n\t\t\t\t\t\t\t<div class=\"qode-icwi-image\">\n\t\t\t\t<img decoding=\"async\" src=\"https:\/\/cocreix.ddgi.cat\/web\/wp-content\/uploads\/2022\/05\/Principis-i-valors-de-lESS.jpg\" alt=\"\" \/>\n\t\t\t<\/div>\n\t\t\t\t<div class=\"qode-icwi-icon-holder\">\n\t\t\t<span class=\"qode-icon-holder qode-icon-circle qode-icon-small\"  style=\"background-color:rgba(252,252,252,0.8)\" data-hover-background-color=\"#ffffff\" data-hover-color=\"#000000\" data-color=\"rgba(104,104,104,0.75)\">\n\t\t\t\t<i class=\"qode_icon_font_awesome fa fa-play qode-icon-element\" style=\"color:rgba(104,104,104,0.75)\" ><\/i>\t\t\t<\/span>\n\t\t<\/div>\n\t\t\t\t\t<\/a>\n\t\t\t<\/div>\n\t<div class=\"qode-icwi-text-holder\">\n\t\t\t\t\t<h3 class=\"qode-icwi-title\">\n\t\t\t\tPrincipis i valors de l\u2019ESS\t\t\t<\/h3>\n\t\t\t\t\t\t\t<p class=\"qode-icwi-text\">\n\t\t\t\tQuin \u00e9s l&#039;impacte social de la societat?\t\t\t<\/p>\n\t\t\t<\/div>\n<\/div>[vc_empty_space height=&#8221;8px&#8221;][\/vc_column][vc_column width=&#8221;1\/4&#8243;]<div class=\"qode-info-card-with-icon\">\n    <div class=\"qode-icwi-image-icon-holder qode-start-icon-hover\">\n\t\t\t\t\t<a href=\"https:\/\/youtu.be\/Swp9bfW-IJs?list=PLk6d0RAoDK4eeT7o4k-q7v-VwbTFnxUen\" target=\"_blank\">\n\t\t\t\t\t\t\t<div class=\"qode-icwi-image\">\n\t\t\t\t<img decoding=\"async\" src=\"https:\/\/cocreix.ddgi.cat\/web\/wp-content\/uploads\/2022\/05\/Desenvolupament-organitzatiu-a-lESS-1.jpg\" alt=\"\" \/>\n\t\t\t<\/div>\n\t\t\t\t<div class=\"qode-icwi-icon-holder\">\n\t\t\t<span class=\"qode-icon-holder qode-icon-circle qode-icon-small\"  style=\"background-color:rgba(252,252,252,0.8)\" data-hover-background-color=\"#ffffff\" data-hover-color=\"#000000\" data-color=\"rgba(104,104,104,0.75)\">\n\t\t\t\t<i class=\"qode_icon_font_awesome fa fa-play qode-icon-element\" style=\"color:rgba(104,104,104,0.75)\" ><\/i>\t\t\t<\/span>\n\t\t<\/div>\n\t\t\t\t\t<\/a>\n\t\t\t<\/div>\n\t<div class=\"qode-icwi-text-holder\">\n\t\t\t\t\t<h3 class=\"qode-icwi-title\">\n\t\t\t\tDesenvolupament organitzatiu a l\u2019ESS\t\t\t<\/h3>\n\t\t\t\t\t\t\t<p class=\"qode-icwi-text\">\n\t\t\t\tQuin \u00e9s el millor model de governan\u00e7a?\t\t\t<\/p>\n\t\t\t<\/div>\n<\/div>[vc_empty_space height=&#8221;8px&#8221;][\/vc_column][vc_column width=&#8221;1\/4&#8243;]<div class=\"qode-info-card-with-icon\">\n    <div class=\"qode-icwi-image-icon-holder qode-start-icon-hover\">\n\t\t\t\t\t<a href=\"https:\/\/youtu.be\/J73iPhfVV7I?list=PLk6d0RAoDK4eeT7o4k-q7v-VwbTFnxUen\" target=\"_blank\">\n\t\t\t\t\t\t\t<div class=\"qode-icwi-image\">\n\t\t\t\t<img decoding=\"async\" src=\"https:\/\/cocreix.ddgi.cat\/web\/wp-content\/uploads\/2022\/05\/Gestio-empresarial.jpg\" alt=\"\" \/>\n\t\t\t<\/div>\n\t\t\t\t<div class=\"qode-icwi-icon-holder\">\n\t\t\t<span class=\"qode-icon-holder qode-icon-circle qode-icon-small\"  style=\"background-color:rgba(252,252,252,0.81)\" data-hover-background-color=\"#ffffff\" data-hover-color=\"#000000\" data-color=\"rgba(104,104,104,0.75)\">\n\t\t\t\t<i class=\"qode_icon_font_awesome fa fa-play qode-icon-element\" style=\"color:rgba(104,104,104,0.75)\" ><\/i>\t\t\t<\/span>\n\t\t<\/div>\n\t\t\t\t\t<\/a>\n\t\t\t<\/div>\n\t<div class=\"qode-icwi-text-holder\">\n\t\t\t\t\t<h3 class=\"qode-icwi-title\">\n\t\t\t\tGesti\u00f3 empresarial a l\u2019ESS\t\t\t<\/h3>\n\t\t\t\t\t\t\t<p class=\"qode-icwi-text\">\n\t\t\t\tCom fer una bona gesti\u00f3 estrat\u00e8gica?\t\t\t<\/p>\n\t\t\t<\/div>\n<\/div>[vc_empty_space height=&#8221;8px&#8221;][\/vc_column][vc_column width=&#8221;1\/4&#8243;]<div class=\"qode-info-card-with-icon\">\n    <div class=\"qode-icwi-image-icon-holder qode-start-icon-hover\">\n\t\t\t\t\t<a href=\"https:\/\/youtu.be\/ZpqIqGZm3GM?list=PLk6d0RAoDK4eeT7o4k-q7v-VwbTFnxUen\" target=\"_blank\">\n\t\t\t\t\t\t\t<div class=\"qode-icwi-image\">\n\t\t\t\t<img decoding=\"async\" src=\"https:\/\/cocreix.ddgi.cat\/web\/wp-content\/uploads\/2022\/05\/Marc-legal.jpg\" alt=\"\" \/>\n\t\t\t<\/div>\n\t\t\t\t<div class=\"qode-icwi-icon-holder\">\n\t\t\t<span class=\"qode-icon-holder qode-icon-circle qode-icon-small\"  style=\"background-color:rgba(252,252,252,0.8)\" data-hover-background-color=\"#ffffff\" data-hover-color=\"#000000\" data-color=\"rgba(104,104,104,0.75)\">\n\t\t\t\t<i class=\"qode_icon_font_awesome fa fa-play qode-icon-element\" style=\"color:rgba(104,104,104,0.75)\" ><\/i>\t\t\t<\/span>\n\t\t<\/div>\n\t\t\t\t\t<\/a>\n\t\t\t<\/div>\n\t<div class=\"qode-icwi-text-holder\">\n\t\t\t\t\t<h3 class=\"qode-icwi-title\">\n\t\t\t\tMarc legal i constituci\u00f3 a l\u2019ESS\t\t\t<\/h3>\n\t\t\t\t\t\t\t<p class=\"qode-icwi-text\">\n\t\t\t\tQuina forma jur\u00eddica representa millor la societat? Com constituir-la?\t\t\t<\/p>\n\t\t\t<\/div>\n<\/div>[vc_empty_space height=&#8221;8px&#8221;][\/vc_column][\/vc_row][vc_row css_animation=&#8221;&#8221; row_type=&#8221;row&#8221; use_row_as_full_screen_section=&#8221;no&#8221; type=&#8221;full_width&#8221; angled_section=&#8221;no&#8221; text_align=&#8221;left&#8221; background_image_as_pattern=&#8221;without_pattern&#8221; css=&#8221;.vc_custom_1652098127042{background-color: #ffffff !important;}&#8221; z_index=&#8221;&#8221;][vc_column][vc_empty_space][\/vc_column][\/vc_row][vc_row css_animation=&#8221;&#8221; row_type=&#8221;row&#8221; use_row_as_full_screen_section=&#8221;no&#8221; type=&#8221;grid&#8221; angled_section=&#8221;no&#8221; text_align=&#8221;left&#8221; background_image_as_pattern=&#8221;without_pattern&#8221; z_index=&#8221;&#8221; css=&#8221;.vc_custom_1652096102696{background-color: #ffffff !important;}&#8221;][vc_column width=&#8221;1\/4&#8243;]<div class=\"qode-info-card-with-icon\">\n    <div class=\"qode-icwi-image-icon-holder qode-start-icon-hover\">\n\t\t\t\t\t<a href=\"https:\/\/youtu.be\/_wQtYBmYgjo?list=PLk6d0RAoDK4eeT7o4k-q7v-VwbTFnxUen\" target=\"_blank\">\n\t\t\t\t\t\t\t<div class=\"qode-icwi-image\">\n\t\t\t\t<img decoding=\"async\" src=\"https:\/\/cocreix.ddgi.cat\/web\/wp-content\/uploads\/2022\/05\/Comunicacio-ess.jpg\" alt=\"\" \/>\n\t\t\t<\/div>\n\t\t\t\t<div class=\"qode-icwi-icon-holder\">\n\t\t\t<span class=\"qode-icon-holder qode-icon-circle qode-icon-small\"  style=\"background-color:rgba(252,252,252,0.8)\" data-hover-background-color=\"#ffffff\" data-hover-color=\"#000000\" data-color=\"rgba(104,104,104,0.75)\">\n\t\t\t\t<i class=\"qode_icon_font_awesome fa fa-play qode-icon-element\" style=\"color:rgba(104,104,104,0.75)\" ><\/i>\t\t\t<\/span>\n\t\t<\/div>\n\t\t\t\t\t<\/a>\n\t\t\t<\/div>\n\t<div class=\"qode-icwi-text-holder\">\n\t\t\t\t\t<h3 class=\"qode-icwi-title\">\n\t\t\t\tComunicaci\u00f3 a l\u2019ESS\t\t\t<\/h3>\n\t\t\t\t\t\t\t<p class=\"qode-icwi-text\">\n\t\t\t\tCom explicar el projecte i el seu impacte?\t\t\t<\/p>\n\t\t\t<\/div>\n<\/div>[vc_empty_space height=&#8221;8px&#8221;][\/vc_column][vc_column width=&#8221;1\/4&#8243;]<div class=\"qode-info-card-with-icon\">\n    <div class=\"qode-icwi-image-icon-holder qode-start-icon-hover\">\n\t\t\t\t\t<a href=\"https:\/\/youtu.be\/o5tXc2g8XIs?list=PLk6d0RAoDK4eeT7o4k-q7v-VwbTFnxUen\" target=\"_blank\">\n\t\t\t\t\t\t\t<div class=\"qode-icwi-image\">\n\t\t\t\t<img decoding=\"async\" src=\"https:\/\/cocreix.ddgi.cat\/web\/wp-content\/uploads\/2022\/05\/Pla-economic-e1652085705164.jpg\" alt=\"\" \/>\n\t\t\t<\/div>\n\t\t\t\t<div class=\"qode-icwi-icon-holder\">\n\t\t\t<span class=\"qode-icon-holder qode-icon-circle qode-icon-small\"  style=\"background-color:rgba(252,252,252,0.8)\" data-hover-background-color=\"#ffffff\" data-hover-color=\"#000000\" data-color=\"rgba(104,104,104,0.75)\">\n\t\t\t\t<i class=\"qode_icon_font_awesome fa fa-play qode-icon-element\" style=\"color:rgba(104,104,104,0.75)\" ><\/i>\t\t\t<\/span>\n\t\t<\/div>\n\t\t\t\t\t<\/a>\n\t\t\t<\/div>\n\t<div class=\"qode-icwi-text-holder\">\n\t\t\t\t\t<h3 class=\"qode-icwi-title\">\n\t\t\t\tPla econ\u00f2mic i de viabilitat a l\u2019ESS\t\t\t<\/h3>\n\t\t\t\t\t\t\t<p class=\"qode-icwi-text\">\n\t\t\t\tCom planificar la tresoreria per garantir la viabilitat?\t\t\t<\/p>\n\t\t\t<\/div>\n<\/div>[vc_empty_space height=&#8221;8px&#8221;][\/vc_column][vc_column width=&#8221;1\/4&#8243;]<div class=\"qode-info-card-with-icon\">\n    <div class=\"qode-icwi-image-icon-holder qode-start-icon-hover\">\n\t\t\t\t\t<a href=\"https:\/\/youtu.be\/wcyjM3FeWj0?list=PLk6d0RAoDK4eeT7o4k-q7v-VwbTFnxUen\" target=\"_blank\">\n\t\t\t\t\t\t\t<div class=\"qode-icwi-image\">\n\t\t\t\t<img decoding=\"async\" src=\"https:\/\/cocreix.ddgi.cat\/web\/wp-content\/uploads\/2022\/05\/soc-social.jpg\" alt=\"\" \/>\n\t\t\t<\/div>\n\t\t\t\t<div class=\"qode-icwi-icon-holder\">\n\t\t\t<span class=\"qode-icon-holder qode-icon-circle qode-icon-small\"  style=\"background-color:rgba(252,252,252,0.8)\" data-hover-background-color=\"#ffffff\" data-hover-color=\"#000000\" data-color=\"rgba(104,104,104,0.75)\">\n\t\t\t\t<i class=\"qode_icon_font_awesome fa fa-play qode-icon-element\" style=\"color:rgba(104,104,104,0.75)\" ><\/i>\t\t\t<\/span>\n\t\t<\/div>\n\t\t\t\t\t<\/a>\n\t\t\t<\/div>\n\t<div class=\"qode-icwi-text-holder\">\n\t\t\t\t\t<h3 class=\"qode-icwi-title\">\n\t\t\t\tSoc social i solid\u00e0ria\t\t\t<\/h3>\n\t\t\t\t\t\t\t<p class=\"qode-icwi-text\">\n\t\t\t\tCom \u00e9s l&#039;emprenedoria de l&#039;economia social i solid\u00e0ria?\t\t\t<\/p>\n\t\t\t<\/div>\n<\/div>[vc_empty_space height=&#8221;8px&#8221;][\/vc_column][vc_column width=&#8221;1\/4&#8243;]<div class=\"qode-info-card-with-icon\">\n    <div class=\"qode-icwi-image-icon-holder qode-start-icon-hover\">\n\t\t\t\t\t<a href=\"https:\/\/youtu.be\/0UOXnC3rCyk?list=PLk6d0RAoDK4eeT7o4k-q7v-VwbTFnxUen\" target=\"_blank\">\n\t\t\t\t\t\t\t<div class=\"qode-icwi-image\">\n\t\t\t\t<img decoding=\"async\" src=\"https:\/\/cocreix.ddgi.cat\/web\/wp-content\/uploads\/2022\/05\/videoclip.jpg\" alt=\"\" \/>\n\t\t\t<\/div>\n\t\t\t\t<div class=\"qode-icwi-icon-holder\">\n\t\t\t<span class=\"qode-icon-holder qode-icon-circle qode-icon-small\"  style=\"background-color:rgba(252,252,252,0.8)\" data-hover-background-color=\"#ffffff\" data-hover-color=\"#000000\" data-color=\"rgba(104,104,104,0.75)\">\n\t\t\t\t<i class=\"qode_icon_font_awesome fa fa-play qode-icon-element\" style=\"color:rgba(104,104,104,0.75)\" ><\/i>\t\t\t<\/span>\n\t\t<\/div>\n\t\t\t\t\t<\/a>\n\t\t\t<\/div>\n\t<div class=\"qode-icwi-text-holder\">\n\t\t\t\t\t<h3 class=\"qode-icwi-title\">\n\t\t\t\tS\u00f3c social i solid\u00e0ria\t\t\t<\/h3>\n\t\t\t\t\t\t\t<p class=\"qode-icwi-text\">\n\t\t\t\tVideoclip musical\t\t\t<\/p>\n\t\t\t<\/div>\n<\/div>[vc_empty_space height=&#8221;8px&#8221;][\/vc_column][\/vc_row]<\/p>\n<\/div>","protected":false},"excerpt":{"rendered":"<p>[vc_row css_animation=&#8221;&#8221; row_type=&#8221;row&#8221; use_row_as_full_screen_section=&#8221;no&#8221; type=&#8221;grid&#8221; angled_section=&#8221;no&#8221; text_align=&#8221;left&#8221; background_image_as_pattern=&#8221;without_pattern&#8221; css=&#8221;.vc_custom_1635144537082{padding-top: 80px !important;padding-bottom: 40px !important;background-color: #ffffff !important;}&#8221; z_index=&#8221;&#8221;][vc_column][vc_column_text] Cursos i tallers per emprenedors [\/vc_column_text][vc_column_text][\/vc_column_text][\/vc_column][\/vc_row][vc_row css_animation=&#8221;&#8221; row_type=&#8221;row&#8221; use_row_as_full_screen_section=&#8221;no&#8221; type=&#8221;grid&#8221; angled_section=&#8221;no&#8221; text_align=&#8221;left&#8221; background_image_as_pattern=&#8221;without_pattern&#8221; css=&#8221;.vc_custom_1652095071457{padding-top: 80px !important;padding-bottom: 40px !important;background-color: #e5e5e5 !important;}&#8221; z_index=&#8221;&#8221;][vc_column][vc_column_text] C\u00e0psules d&#8217;emprenedoria [\/vc_column_text][\/vc_column][\/vc_row][vc_row css_animation=&#8221;&#8221; row_type=&#8221;row&#8221; use_row_as_full_screen_section=&#8221;no&#8221; type=&#8221;grid&#8221; angled_section=&#8221;no&#8221;&#8230;<\/p>\n","protected":false},"author":1,"featured_media":0,"parent":0,"menu_order":0,"comment_status":"closed","ping_status":"closed","template":"full_width.php","meta":{"inline_featured_image":false,"footnotes":""},"class_list":["post-16316","page","type-page","status-publish","hentry"],"_links":{"self":[{"href":"https:\/\/cocreix.ddgi.cat\/web\/wp-json\/wp\/v2\/pages\/16316","targetHints":{"allow":["GET"]}}],"collection":[{"href":"https:\/\/cocreix.ddgi.cat\/web\/wp-json\/wp\/v2\/pages"}],"about":[{"href":"https:\/\/cocreix.ddgi.cat\/web\/wp-json\/wp\/v2\/types\/page"}],"author":[{"embeddable":true,"href":"https:\/\/cocreix.ddgi.cat\/web\/wp-json\/wp\/v2\/users\/1"}],"replies":[{"embeddable":true,"href":"https:\/\/cocreix.ddgi.cat\/web\/wp-json\/wp\/v2\/comments?post=16316"}],"version-history":[{"count":118,"href":"https:\/\/cocreix.ddgi.cat\/web\/wp-json\/wp\/v2\/pages\/16316\/revisions"}],"predecessor-version":[{"id":16319,"href":"https:\/\/cocreix.ddgi.cat\/web\/wp-json\/wp\/v2\/pages\/16316\/revisions\/16319"}],"wp:attachment":[{"href":"https:\/\/cocreix.ddgi.cat\/web\/wp-json\/wp\/v2\/media?parent=16316"}],"curies":[{"name":"wp","href":"https:\/\/api.w.org\/{rel}","templated":true}]}}