{"id":11197,"date":"2020-11-13T12:53:18","date_gmt":"2020-11-13T10:53:18","guid":{"rendered":"http:\/\/promoeco.ddgi.cat\/?post_type=portfolio_page&#038;p=11197"},"modified":"2022-05-11T13:04:25","modified_gmt":"2022-05-11T11:04:25","slug":"watelia","status":"publish","type":"page","link":"https:\/\/cocreix.ddgi.cat\/web\/premis-projectat-2\/watelia\/","title":{"rendered":"Watelia"},"content":{"rendered":"<div class=\"wpb-content-wrapper\"><p>[vc_row css_animation=&#8221;&#8221; row_type=&#8221;row&#8221; use_row_as_full_screen_section=&#8221;no&#8221; type=&#8221;grid&#8221; angled_section=&#8221;no&#8221; text_align=&#8221;left&#8221; background_image_as_pattern=&#8221;without_pattern&#8221; el_id=&#8221;menuinici&#8221; z_index=&#8221;&#8221; background_color=&#8221;#ffffff&#8221; css=&#8221;.vc_custom_1575023726716{padding-top: 70px !important;padding-bottom: 70px !important;}&#8221;][vc_column width=&#8221;1\/2&#8243;][vc_column_text]<\/p>\n<p style=\"text-align: justify;\"><strong>Watelia<\/strong> \u00e9s una empresa creada per dos joves emprenedors de Girona que es dedica a la fabricaci\u00f3 i venda de productes de brioixeria, fleca i pastisseria, fets de manera artesanal amb farines de proximitat que no contenen gluten. Han adaptat l\u2019obrador i la botiga de manera que siguin aptes per a persones amb problemes de celiaquia i, per aix\u00f2, han estan acreditats per l\u2019Associaci\u00f3 de Cel\u00edacs de Catalunya. D\u2019aquesta manera, els productes de Watelia s\u00f3n aptes per a tothom.<\/p>\n<p>&nbsp;<\/p>\n<p style=\"text-align: justify;\">Amb la mentoria volen aconseguir donar-se a con\u00e8ixer, ampliar la venda al sector de la restauraci\u00f3 i a hotels i implementar la venda a dist\u00e0ncia.<\/p>\n<p>[\/vc_column_text][vc_empty_space height=&#8221;30px&#8221;][\/vc_column][vc_column width=&#8221;1\/2&#8243; el_class=&#8221;icona_video_fosca&#8221;][vc_column_text]<img loading=\"lazy\" decoding=\"async\" class=\"size-medium wp-image-11141 aligncenter\" src=\"http:\/\/promoeco.ddgi.cat\/wp-content\/uploads\/2020\/11\/5.Watelia-logo-300x300.jpg\" alt=\"\" width=\"300\" height=\"300\" srcset=\"https:\/\/cocreix.ddgi.cat\/web\/wp-content\/uploads\/2020\/11\/5.Watelia-logo-300x300.jpg 300w, https:\/\/cocreix.ddgi.cat\/web\/wp-content\/uploads\/2020\/11\/5.Watelia-logo-150x150.jpg 150w, https:\/\/cocreix.ddgi.cat\/web\/wp-content\/uploads\/2020\/11\/5.Watelia-logo.jpg 500w\" sizes=\"auto, (max-width: 300px) 100vw, 300px\" \/>[\/vc_column_text][\/vc_column][\/vc_row][vc_row css_animation=&#8221;&#8221; row_type=&#8221;row&#8221; use_row_as_full_screen_section=&#8221;yes&#8221; type=&#8221;grid&#8221; angled_section=&#8221;no&#8221; text_align=&#8221;left&#8221; background_image_as_pattern=&#8221;without_pattern&#8221; z_index=&#8221;&#8221; background_image=&#8221;784&#8243; el_id=&#8221;section_web&#8221; el_class=&#8221;fons_web_www&#8221; background_color=&#8221;#bfbfbf&#8221;][vc_column][vc_empty_space height=&#8221;70px&#8221;][vc_column_text]M\u00e9s informaci\u00f3[\/vc_column_text][vc_empty_space height=&#8221;20px&#8221;][vc_column_text]<\/p>\n<h4><a href=\"http:\/\/www.watelia.com\/\" target=\"_blank\" rel=\"noopener noreferrer\">www.watelia.com<\/a><\/h4>\n<p>[\/vc_column_text][vc_empty_space height=&#8221;70px&#8221;][\/vc_column][\/vc_row][vc_row css_animation=&#8221;&#8221; row_type=&#8221;row&#8221; use_row_as_full_screen_section=&#8221;no&#8221; type=&#8221;grid&#8221; angled_section=&#8221;no&#8221; text_align=&#8221;left&#8221; background_image_as_pattern=&#8221;without_pattern&#8221; z_index=&#8221;&#8221; background_color=&#8221;#ffffff&#8221; css=&#8221;.vc_custom_1574687983119{padding-top: 70px !important;}&#8221;][vc_column width=&#8221;1\/3&#8243;][vc_single_image image=&#8221;11159&#8243; img_size=&#8221;full&#8221; alignment=&#8221;center&#8221; onclick=&#8221;link_image&#8221; qode_css_animation=&#8221;&#8221;][vc_empty_space height=&#8221;30px&#8221;][\/vc_column][vc_column width=&#8221;1\/3&#8243;][vc_single_image image=&#8221;11160&#8243; img_size=&#8221;full&#8221; alignment=&#8221;center&#8221; onclick=&#8221;link_image&#8221; qode_css_animation=&#8221;&#8221;][vc_empty_space height=&#8221;30px&#8221;][\/vc_column][vc_column width=&#8221;1\/3&#8243;][vc_single_image image=&#8221;11161&#8243; img_size=&#8221;full&#8221; alignment=&#8221;center&#8221; onclick=&#8221;link_image&#8221; qode_css_animation=&#8221;&#8221;][vc_empty_space height=&#8221;30px&#8221;][\/vc_column][\/vc_row][vc_row css_animation=&#8221;&#8221; row_type=&#8221;row&#8221; use_row_as_full_screen_section=&#8221;no&#8221; type=&#8221;grid&#8221; angled_section=&#8221;no&#8221; text_align=&#8221;left&#8221; background_image_as_pattern=&#8221;without_pattern&#8221; z_index=&#8221;&#8221; background_color=&#8221;#ffffff&#8221; css=&#8221;.vc_custom_1574688007151{padding-bottom: 40px !important;}&#8221;][vc_column width=&#8221;1\/3&#8243;][vc_single_image image=&#8221;16280&#8243; img_size=&#8221;full&#8221; qode_css_animation=&#8221;&#8221;][vc_empty_space height=&#8221;30px&#8221;][\/vc_column][vc_column width=&#8221;1\/3&#8243;][vc_single_image image=&#8221;16257&#8243; img_size=&#8221;full&#8221; qode_css_animation=&#8221;&#8221;][vc_empty_space height=&#8221;30px&#8221;][\/vc_column][vc_column width=&#8221;1\/3&#8243;][\/vc_column][\/vc_row]<\/p>\n<\/div>","protected":false},"excerpt":{"rendered":"<p>[vc_row css_animation=&#8221;&#8221; row_type=&#8221;row&#8221; use_row_as_full_screen_section=&#8221;no&#8221; type=&#8221;grid&#8221; angled_section=&#8221;no&#8221; text_align=&#8221;left&#8221; background_image_as_pattern=&#8221;without_pattern&#8221; el_id=&#8221;menuinici&#8221; z_index=&#8221;&#8221; background_color=&#8221;#ffffff&#8221; css=&#8221;.vc_custom_1575023726716{padding-top: 70px !important;padding-bottom: 70px !important;}&#8221;][vc_column width=&#8221;1\/2&#8243;][vc_column_text] Watelia \u00e9s una empresa creada per dos joves emprenedors de Girona que es dedica a la fabricaci\u00f3 i venda de productes de brioixeria, fleca i pastisseria, fets de&#8230;<\/p>\n","protected":false},"author":1,"featured_media":11159,"parent":461,"menu_order":1,"comment_status":"open","ping_status":"closed","template":"","meta":{"inline_featured_image":false,"footnotes":""},"class_list":["post-11197","page","type-page","status-publish","has-post-thumbnail","hentry"],"_links":{"self":[{"href":"https:\/\/cocreix.ddgi.cat\/web\/wp-json\/wp\/v2\/pages\/11197","targetHints":{"allow":["GET"]}}],"collection":[{"href":"https:\/\/cocreix.ddgi.cat\/web\/wp-json\/wp\/v2\/pages"}],"about":[{"href":"https:\/\/cocreix.ddgi.cat\/web\/wp-json\/wp\/v2\/types\/page"}],"author":[{"embeddable":true,"href":"https:\/\/cocreix.ddgi.cat\/web\/wp-json\/wp\/v2\/users\/1"}],"replies":[{"embeddable":true,"href":"https:\/\/cocreix.ddgi.cat\/web\/wp-json\/wp\/v2\/comments?post=11197"}],"version-history":[{"count":1,"href":"https:\/\/cocreix.ddgi.cat\/web\/wp-json\/wp\/v2\/pages\/11197\/revisions"}],"predecessor-version":[{"id":17029,"href":"https:\/\/cocreix.ddgi.cat\/web\/wp-json\/wp\/v2\/pages\/11197\/revisions\/17029"}],"up":[{"embeddable":true,"href":"https:\/\/cocreix.ddgi.cat\/web\/wp-json\/wp\/v2\/pages\/461"}],"wp:featuredmedia":[{"embeddable":true,"href":"https:\/\/cocreix.ddgi.cat\/web\/wp-json\/wp\/v2\/media\/11159"}],"wp:attachment":[{"href":"https:\/\/cocreix.ddgi.cat\/web\/wp-json\/wp\/v2\/media?parent=11197"}],"curies":[{"name":"wp","href":"https:\/\/api.w.org\/{rel}","templated":true}]}}